{"id":37,"date":"2014-04-23T14:14:03","date_gmt":"2014-04-23T14:14:03","guid":{"rendered":"http:\/\/www.embarro.com\/?page_id=37"},"modified":"2025-08-11T15:02:02","modified_gmt":"2025-08-11T15:02:02","slug":"morteros-de-arcilla-e-morteros-de-cal","status":"publish","type":"page","link":"https:\/\/www.embarro.com\/es\/","title":{"rendered":"Home"},"content":{"rendered":"\t\t<div data-elementor-type=\"wp-page\" data-elementor-id=\"37\" class=\"elementor elementor-37 elementor-33\">\n\t\t\t\t<div class=\"elementor-element elementor-element-341d665c e-flex e-con-boxed e-con e-parent\" data-id=\"341d665c\" data-element_type=\"container\" data-settings=\"{&quot;content_width&quot;:&quot;boxed&quot;}\" data-core-v316-plus=\"true\">\n\t\t\t\t\t<div class=\"e-con-inner\">\n\t\t\t\t<div class=\"elementor-element elementor-element-356f18dc elementor-widget elementor-widget-text-editor\" data-id=\"356f18dc\" data-element_type=\"widget\" data-widget_type=\"text-editor.default\">\n\t\t\t\t<div class=\"elementor-widget-container\">\n\t\t\t<style>\/*! elementor - v3.19.0 - 07-02-2024 *\/\n.elementor-widget-text-editor.elementor-drop-cap-view-stacked .elementor-drop-cap{background-color:#69727d;color:#fff}.elementor-widget-text-editor.elementor-drop-cap-view-framed .elementor-drop-cap{color:#69727d;border:3px solid;background-color:transparent}.elementor-widget-text-editor:not(.elementor-drop-cap-view-default) .elementor-drop-cap{margin-top:8px}.elementor-widget-text-editor:not(.elementor-drop-cap-view-default) .elementor-drop-cap-letter{width:1em;height:1em}.elementor-widget-text-editor .elementor-drop-cap{float:left;text-align:center;line-height:1;font-size:50px}.elementor-widget-text-editor .elementor-drop-cap-letter{display:inline-block}<\/style>\t\t\t\t\n<h4>\u00a0<\/h4>\n\n<p><a href=\"https:\/\/www.embarro.com\/wp-content\/uploads\/\/ChristianeFinal-224x300.png\"><img fetchpriority=\"high\" decoding=\"async\" class=\" wp-image-16217 alignright\" src=\"https:\/\/www.embarro.com\/wp-content\/uploads\/\/ChristianeFinal-224x300.png\" alt=\"\" width=\"304\" height=\"407\" srcset=\"https:\/\/www.embarro.com\/wp-content\/uploads\/ChristianeFinal-224x300.png 224w, https:\/\/www.embarro.com\/wp-content\/uploads\/ChristianeFinal-109x146.png 109w, https:\/\/www.embarro.com\/wp-content\/uploads\/ChristianeFinal-37x50.png 37w, https:\/\/www.embarro.com\/wp-content\/uploads\/ChristianeFinal-56x75.png 56w, https:\/\/www.embarro.com\/wp-content\/uploads\/ChristianeFinal.png 522w\" sizes=\"(max-width: 304px) 100vw, 304px\" \/><\/a><\/p>\n<h4>REVOCOS DE ARCILLA 100% NATURAL<\/h4>\n<p><strong>Las superficies minerales aut\u00e9nticas, con revestimientos de arcilla<\/strong> a la vista, ejercen una atracci\u00f3n m\u00e1gica sobre nosotros. Utilizando arcilla 100% natural, es posible crear combinaciones de colores casi infinitas. Las superficies pueden ser lisas como un espejo o con una textura cruda. Encajan tanto en ambientes modernos como org\u00e1nicos. Trabajamos con materiales certificados y testados que, en la actualidad, se han convertido en un referente de est\u00e9tica atractiva, bienestar y funcionalidad.<\/p>\n<p><strong>Nuestra experiencia con materiales naturales y t\u00e9cnicas tradicionales<\/strong> nos ha permitido desarrollar una verdadera especializaci\u00f3n en la selecci\u00f3n y recomendaci\u00f3n de revestimientos de arcilla. Con un profundo conocimiento de sus propiedades est\u00e9ticas y funcionales, estamos a su lado para ayudarle a elegir el revestimiento ideal para su hogar, de forma personalizada, consciente y basada en a\u00f1os de pr\u00e1ctica y dedicaci\u00f3n al material.<\/p>\n<p><strong>Hoy somos<\/strong> una empresa de materiales de acabado activa a nivel internacional, con sede en Portugal. Estamos a su disposici\u00f3n para la consultor\u00eda y venta de materiales a base de arcilla, que conocemos y apreciamos desde hace m\u00e1s de 30 a\u00f1os.<\/p>\n\n<div class=\"wp-block-image\">\u00a0<\/div>\n<div>\u00a0<\/div>\n<div>\u00a0<\/div>\n\n<p><a href=\"https:\/\/www.embarro.com\/wp-content\/uploads\/\/partner-screenshot-300x265.png\"><img decoding=\"async\" class=\"alignleft  wp-image-16198\" src=\"https:\/\/www.embarro.com\/wp-content\/uploads\/\/partner-screenshot-300x265.png\" alt=\"\" width=\"224\" height=\"198\" srcset=\"https:\/\/www.embarro.com\/wp-content\/uploads\/partner-screenshot-300x265.png 300w, https:\/\/www.embarro.com\/wp-content\/uploads\/partner-screenshot-165x146.png 165w, https:\/\/www.embarro.com\/wp-content\/uploads\/partner-screenshot-50x44.png 50w, https:\/\/www.embarro.com\/wp-content\/uploads\/partner-screenshot-85x75.png 85w, https:\/\/www.embarro.com\/wp-content\/uploads\/partner-screenshot.png 336w\" sizes=\"(max-width: 224px) 100vw, 224px\" \/><\/a><\/p>\n<h4>Nuestro enfoque: revocos de arcilla con CLAYTEC<\/h4>\n<p>Con todas las <strong>ventajas que ofrece la arcilla<\/strong> como material de construcci\u00f3n \u2014 adem\u00e1s de ser un acabado bonito y elegante \u2014, se convierte en una soluci\u00f3n eficaz para resolver problemas comunes en muchas viviendas, como la humedad, el moho y la mala calidad del aire.<\/p>\n<p>Representamos oficialmente a CLAYTEC como <strong>socios de venta y contacto para la aplicaci\u00f3n en Portugal y Espa\u00f1a.<\/strong><\/p>\n<p>CLAYTEC ofrece una <strong>amplia gama de morteros espec\u00edficos de arcilla<\/strong>, as\u00ed como diferentes tipos de paneles. Destacamos \u201c<a href=\"https:\/\/www.embarro.com\/wp-content\/uploads\/Brochure_YOSIMA_en-1.pdf\">YOSIMA<\/a> Acabado\u201d, un revestimiento final a base de arcilla con 2 mm de espesor, disponible en 146 colores. La mezcla se entrega lista para usar \u2014 solo es necesario a\u00f1adir agua. La profundidad del color de YOSIMA <strong>no proviene de pigmentos artificiales<\/strong>, sino exclusivamente de las propiedades naturales de la arcilla con la que est\u00e1 elaborada.<\/p>\n<p>Todos los productos CLAYTEC se fabrican con los m\u00e1s altos est\u00e1ndares de calidad, de acuerdo con las normas europeas DIN 18945-47 para materiales de construcci\u00f3n con tierra, y cuentan con la certificaci\u00f3n del Instituto ECO.<\/p>\n\t\t\t\t\t\t<\/div>\n\t\t\t\t<\/div>\n\t\t\t\t\t<\/div>\n\t\t\t\t<\/div>\n\t\t\t\t<\/div>\n\t\t","protected":false},"excerpt":{"rendered":"<p>\u00a0 REVOCOS DE ARCILLA 100% NATURAL Las superficies minerales aut\u00e9nticas, con revestimientos de arcilla a la vista, ejercen una atracci\u00f3n m\u00e1gica sobre nosotros. Utilizando arcilla 100%<span class=\"excerpt-hellip\"> [\u2026]<\/span><\/p>\n","protected":false},"author":2,"featured_media":16217,"parent":0,"menu_order":0,"comment_status":"closed","ping_status":"closed","template":"","meta":[],"yoast_head":"<!-- This site is optimized with the Yoast SEO plugin v20.1 - https:\/\/yoast.com\/wordpress\/plugins\/seo\/ -->\n<title>REVOCOS DE ARCILLA 100% NATURAL<\/title>\n<meta name=\"description\" content=\"\u00a1Conf\u00ede en nosotros para encontrar el color perfecto para su proyecto de interiorismo con la gama de arcillas naturales de ClayTec!\" \/>\n<meta name=\"robots\" content=\"index, follow, max-snippet:-1, max-image-preview:large, max-video-preview:-1\" \/>\n<link rel=\"canonical\" href=\"https:\/\/www.embarro.com\/\" \/>\n<meta property=\"og:locale\" content=\"es_ES\" \/>\n<meta property=\"og:type\" content=\"article\" \/>\n<meta property=\"og:title\" content=\"REVOCOS DE ARCILLA 100% NATURAL\" \/>\n<meta property=\"og:description\" content=\"\u00a1Conf\u00ede en nosotros para encontrar el color perfecto para su proyecto de interiorismo con la gama de arcillas naturales de ClayTec!\" \/>\n<meta property=\"og:url\" content=\"https:\/\/www.embarro.com\/\" \/>\n<meta property=\"og:site_name\" content=\"EMBARRO\" \/>\n<meta property=\"article:publisher\" content=\"https:\/\/www.facebook.com\/vimaplasnature\/\" \/>\n<meta property=\"article:modified_time\" content=\"2025-08-11T15:02:02+00:00\" \/>\n<meta property=\"og:image\" content=\"https:\/\/www.embarro.com\/wp-content\/uploads\/ChristianeFinal.png\" \/>\n\t<meta property=\"og:image:width\" content=\"522\" \/>\n\t<meta property=\"og:image:height\" content=\"699\" \/>\n\t<meta property=\"og:image:type\" content=\"image\/png\" \/>\n<meta name=\"twitter:card\" content=\"summary_large_image\" \/>\n<meta name=\"twitter:label1\" content=\"Tiempo de lectura\" \/>\n\t<meta name=\"twitter:data1\" content=\"3 minutos\" \/>\n<script type=\"application\/ld+json\" class=\"yoast-schema-graph\">{\"@context\":\"https:\/\/schema.org\",\"@graph\":[{\"@type\":\"WebPage\",\"@id\":\"https:\/\/www.embarro.com\/\",\"url\":\"https:\/\/www.embarro.com\/\",\"name\":\"REVOCOS DE ARCILLA 100% NATURAL\",\"isPartOf\":{\"@id\":\"https:\/\/www.embarro.com\/#website\"},\"datePublished\":\"2014-04-23T14:14:03+00:00\",\"dateModified\":\"2025-08-11T15:02:02+00:00\",\"description\":\"\u00a1Conf\u00ede en nosotros para encontrar el color perfecto para su proyecto de interiorismo con la gama de arcillas naturales de ClayTec!\",\"breadcrumb\":{\"@id\":\"https:\/\/www.embarro.com\/#breadcrumb\"},\"inLanguage\":\"es\",\"potentialAction\":[{\"@type\":\"ReadAction\",\"target\":[\"https:\/\/www.embarro.com\/\"]}]},{\"@type\":\"BreadcrumbList\",\"@id\":\"https:\/\/www.embarro.com\/#breadcrumb\",\"itemListElement\":[{\"@type\":\"ListItem\",\"position\":1,\"name\":\"In\u00edcio\",\"item\":\"https:\/\/www.embarro.com\/\"},{\"@type\":\"ListItem\",\"position\":2,\"name\":\"Home\"}]},{\"@type\":\"WebSite\",\"@id\":\"https:\/\/www.embarro.com\/#website\",\"url\":\"https:\/\/www.embarro.com\/\",\"name\":\"EMBARRO\",\"description\":\"H\u00e1 30 anos a transformar casas em Portugal e Espanha com os melhores revestimentos naturais de argila e cal. Ajudamos a encontrar a solu\u00e7\u00e3o ideal para a sua casa.\",\"publisher\":{\"@id\":\"https:\/\/www.embarro.com\/#organization\"},\"potentialAction\":[{\"@type\":\"SearchAction\",\"target\":{\"@type\":\"EntryPoint\",\"urlTemplate\":\"https:\/\/www.embarro.com\/?s={search_term_string}\"},\"query-input\":\"required name=search_term_string\"}],\"inLanguage\":\"es\"},{\"@type\":\"Organization\",\"@id\":\"https:\/\/www.embarro.com\/#organization\",\"name\":\"EMBARRO\",\"url\":\"https:\/\/www.embarro.com\/\",\"logo\":{\"@type\":\"ImageObject\",\"inLanguage\":\"es\",\"@id\":\"https:\/\/www.embarro.com\/#\/schema\/logo\/image\/\",\"url\":\"https:\/\/www.embarro.com\/wp-content\/uploads\/54784a80.jpg\",\"contentUrl\":\"https:\/\/www.embarro.com\/wp-content\/uploads\/54784a80.jpg\",\"width\":1500,\"height\":1500,\"caption\":\"EMBARRO\"},\"image\":{\"@id\":\"https:\/\/www.embarro.com\/#\/schema\/logo\/image\/\"},\"sameAs\":[\"https:\/\/www.facebook.com\/vimaplasnature\/\",\"https:\/\/www.instagram.com\/vimaplas_nature_blocan\/\",\"https:\/\/www.linkedin.com\/company\/vimaplasnature\/?viewAsMember=true\"]}]}<\/script>\n<!-- \/ Yoast SEO plugin. -->","yoast_head_json":{"title":"REVOCOS DE ARCILLA 100% NATURAL","description":"\u00a1Conf\u00ede en nosotros para encontrar el color perfecto para su proyecto de interiorismo con la gama de arcillas naturales de ClayTec!","robots":{"index":"index","follow":"follow","max-snippet":"max-snippet:-1","max-image-preview":"max-image-preview:large","max-video-preview":"max-video-preview:-1"},"canonical":"https:\/\/www.embarro.com\/","og_locale":"es_ES","og_type":"article","og_title":"REVOCOS DE ARCILLA 100% NATURAL","og_description":"\u00a1Conf\u00ede en nosotros para encontrar el color perfecto para su proyecto de interiorismo con la gama de arcillas naturales de ClayTec!","og_url":"https:\/\/www.embarro.com\/","og_site_name":"EMBARRO","article_publisher":"https:\/\/www.facebook.com\/vimaplasnature\/","article_modified_time":"2025-08-11T15:02:02+00:00","og_image":[{"width":522,"height":699,"url":"https:\/\/www.embarro.com\/wp-content\/uploads\/ChristianeFinal.png","type":"image\/png"}],"twitter_card":"summary_large_image","twitter_misc":{"Tiempo de lectura":"3 minutos"},"schema":{"@context":"https:\/\/schema.org","@graph":[{"@type":"WebPage","@id":"https:\/\/www.embarro.com\/","url":"https:\/\/www.embarro.com\/","name":"REVOCOS DE ARCILLA 100% NATURAL","isPartOf":{"@id":"https:\/\/www.embarro.com\/#website"},"datePublished":"2014-04-23T14:14:03+00:00","dateModified":"2025-08-11T15:02:02+00:00","description":"\u00a1Conf\u00ede en nosotros para encontrar el color perfecto para su proyecto de interiorismo con la gama de arcillas naturales de ClayTec!","breadcrumb":{"@id":"https:\/\/www.embarro.com\/#breadcrumb"},"inLanguage":"es","potentialAction":[{"@type":"ReadAction","target":["https:\/\/www.embarro.com\/"]}]},{"@type":"BreadcrumbList","@id":"https:\/\/www.embarro.com\/#breadcrumb","itemListElement":[{"@type":"ListItem","position":1,"name":"In\u00edcio","item":"https:\/\/www.embarro.com\/"},{"@type":"ListItem","position":2,"name":"Home"}]},{"@type":"WebSite","@id":"https:\/\/www.embarro.com\/#website","url":"https:\/\/www.embarro.com\/","name":"EMBARRO","description":"H\u00e1 30 anos a transformar casas em Portugal e Espanha com os melhores revestimentos naturais de argila e cal. Ajudamos a encontrar a solu\u00e7\u00e3o ideal para a sua casa.","publisher":{"@id":"https:\/\/www.embarro.com\/#organization"},"potentialAction":[{"@type":"SearchAction","target":{"@type":"EntryPoint","urlTemplate":"https:\/\/www.embarro.com\/?s={search_term_string}"},"query-input":"required name=search_term_string"}],"inLanguage":"es"},{"@type":"Organization","@id":"https:\/\/www.embarro.com\/#organization","name":"EMBARRO","url":"https:\/\/www.embarro.com\/","logo":{"@type":"ImageObject","inLanguage":"es","@id":"https:\/\/www.embarro.com\/#\/schema\/logo\/image\/","url":"https:\/\/www.embarro.com\/wp-content\/uploads\/54784a80.jpg","contentUrl":"https:\/\/www.embarro.com\/wp-content\/uploads\/54784a80.jpg","width":1500,"height":1500,"caption":"EMBARRO"},"image":{"@id":"https:\/\/www.embarro.com\/#\/schema\/logo\/image\/"},"sameAs":["https:\/\/www.facebook.com\/vimaplasnature\/","https:\/\/www.instagram.com\/vimaplas_nature_blocan\/","https:\/\/www.linkedin.com\/company\/vimaplasnature\/?viewAsMember=true"]}]}},"_links":{"self":[{"href":"https:\/\/www.embarro.com\/es\/wp-json\/wp\/v2\/pages\/37"}],"collection":[{"href":"https:\/\/www.embarro.com\/es\/wp-json\/wp\/v2\/pages"}],"about":[{"href":"https:\/\/www.embarro.com\/es\/wp-json\/wp\/v2\/types\/page"}],"author":[{"embeddable":true,"href":"https:\/\/www.embarro.com\/es\/wp-json\/wp\/v2\/users\/2"}],"replies":[{"embeddable":true,"href":"https:\/\/www.embarro.com\/es\/wp-json\/wp\/v2\/comments?post=37"}],"version-history":[{"count":116,"href":"https:\/\/www.embarro.com\/es\/wp-json\/wp\/v2\/pages\/37\/revisions"}],"predecessor-version":[{"id":16626,"href":"https:\/\/www.embarro.com\/es\/wp-json\/wp\/v2\/pages\/37\/revisions\/16626"}],"wp:featuredmedia":[{"embeddable":true,"href":"https:\/\/www.embarro.com\/es\/wp-json\/wp\/v2\/media\/16217"}],"wp:attachment":[{"href":"https:\/\/www.embarro.com\/es\/wp-json\/wp\/v2\/media?parent=37"}],"curies":[{"name":"wp","href":"https:\/\/api.w.org\/{rel}","templated":true}]}}