{"id":197,"date":"2014-05-04T18:20:11","date_gmt":"2014-05-04T18:20:11","guid":{"rendered":"http:\/\/www.embarro.com\/?page_id=197"},"modified":"2025-06-06T18:01:22","modified_gmt":"2025-06-06T18:01:22","slug":"contactos-embarro","status":"publish","type":"page","link":"https:\/\/www.embarro.com\/es\/contactos-embarro\/","title":{"rendered":"Contactos"},"content":{"rendered":"<p><strong>EMBARRO<\/strong> es una marca de <strong><a href=\"http:\/\/www.vimaplasnature.pt\">VIMAPL\u00c1S NATURE<\/a><\/strong>, empresa especializada en soluciones ecol\u00f3gicas para la construcci\u00f3n.<br \/>\nPara m\u00e1s informaci\u00f3n, cont\u00e1ctenos a trav\u00e9s de los siguientes datos:<\/p>\n<p>Correo electr\u00f3nico: <a href=\"mailto:info@vimaplasnature.pt\">info@vimaplasnature.pt<\/a><br \/>\nTel\u00e9fono m\u00f3vil: +351 914 228 871<\/p>\n<p>&nbsp;<\/p>\n<p>Queda prohibido el uso no autorizado de textos e im\u00e1genes.<\/p>\n","protected":false},"excerpt":{"rendered":"<p>EMBARRO es una marca de VIMAPL\u00c1S NATURE, empresa especializada en soluciones ecol\u00f3gicas para la construcci\u00f3n. Para m\u00e1s informaci\u00f3n, cont\u00e1ctenos a trav\u00e9s de los siguientes datos: Correo<span class=\"excerpt-hellip\"> [\u2026]<\/span><\/p>\n","protected":false},"author":2,"featured_media":0,"parent":0,"menu_order":0,"comment_status":"closed","ping_status":"closed","template":"","meta":[],"yoast_head":"<!-- This site is optimized with the Yoast SEO plugin v20.1 - https:\/\/yoast.com\/wordpress\/plugins\/seo\/ -->\n<title>Contactos - EMBARRO<\/title>\n<meta name=\"description\" content=\"Le ayudamos a encontrar el color ideal para dar personalidad y armon\u00eda a su proyecto de interiorismo. Cont\u00e1ctenos.\" \/>\n<meta name=\"robots\" content=\"index, follow, max-snippet:-1, max-image-preview:large, max-video-preview:-1\" \/>\n<link rel=\"canonical\" href=\"https:\/\/www.embarro.com\/es\/contactos-embarro\/\" \/>\n<meta property=\"og:locale\" content=\"es_ES\" \/>\n<meta property=\"og:type\" content=\"article\" \/>\n<meta property=\"og:title\" content=\"Contactos - EMBARRO\" \/>\n<meta property=\"og:description\" content=\"Le ayudamos a encontrar el color ideal para dar personalidad y armon\u00eda a su proyecto de interiorismo. Cont\u00e1ctenos.\" \/>\n<meta property=\"og:url\" content=\"https:\/\/www.embarro.com\/es\/contactos-embarro\/\" \/>\n<meta property=\"og:site_name\" content=\"EMBARRO\" \/>\n<meta property=\"article:publisher\" content=\"https:\/\/www.facebook.com\/vimaplasnature\/\" \/>\n<meta property=\"article:modified_time\" content=\"2025-06-06T18:01:22+00:00\" \/>\n<meta property=\"og:image\" content=\"https:\/\/www.embarro.com\/wp-content\/uploads\/logo-new-embarro-ES.jpg\" \/>\n\t<meta property=\"og:image:width\" content=\"3292\" \/>\n\t<meta property=\"og:image:height\" content=\"1119\" \/>\n\t<meta property=\"og:image:type\" content=\"image\/jpeg\" \/>\n<meta name=\"twitter:card\" content=\"summary_large_image\" \/>\n<meta name=\"twitter:label1\" content=\"Tiempo de lectura\" \/>\n\t<meta name=\"twitter:data1\" content=\"1 minuto\" \/>\n<script type=\"application\/ld+json\" class=\"yoast-schema-graph\">{\"@context\":\"https:\/\/schema.org\",\"@graph\":[{\"@type\":\"WebPage\",\"@id\":\"https:\/\/www.embarro.com\/es\/contactos-embarro\/\",\"url\":\"https:\/\/www.embarro.com\/es\/contactos-embarro\/\",\"name\":\"Contactos - EMBARRO\",\"isPartOf\":{\"@id\":\"https:\/\/www.embarro.com\/#website\"},\"datePublished\":\"2014-05-04T18:20:11+00:00\",\"dateModified\":\"2025-06-06T18:01:22+00:00\",\"description\":\"Le ayudamos a encontrar el color ideal para dar personalidad y armon\u00eda a su proyecto de interiorismo. Cont\u00e1ctenos.\",\"breadcrumb\":{\"@id\":\"https:\/\/www.embarro.com\/es\/contactos-embarro\/#breadcrumb\"},\"inLanguage\":\"es\",\"potentialAction\":[{\"@type\":\"ReadAction\",\"target\":[\"https:\/\/www.embarro.com\/es\/contactos-embarro\/\"]}]},{\"@type\":\"BreadcrumbList\",\"@id\":\"https:\/\/www.embarro.com\/es\/contactos-embarro\/#breadcrumb\",\"itemListElement\":[{\"@type\":\"ListItem\",\"position\":1,\"name\":\"In\u00edcio\",\"item\":\"https:\/\/www.embarro.com\/\"},{\"@type\":\"ListItem\",\"position\":2,\"name\":\"Contactos\"}]},{\"@type\":\"WebSite\",\"@id\":\"https:\/\/www.embarro.com\/#website\",\"url\":\"https:\/\/www.embarro.com\/\",\"name\":\"EMBARRO\",\"description\":\"H\u00e1 30 anos a transformar casas em Portugal e Espanha com os melhores revestimentos naturais de argila e cal. Ajudamos a encontrar a solu\u00e7\u00e3o ideal para a sua casa.\",\"publisher\":{\"@id\":\"https:\/\/www.embarro.com\/#organization\"},\"potentialAction\":[{\"@type\":\"SearchAction\",\"target\":{\"@type\":\"EntryPoint\",\"urlTemplate\":\"https:\/\/www.embarro.com\/?s={search_term_string}\"},\"query-input\":\"required name=search_term_string\"}],\"inLanguage\":\"es\"},{\"@type\":\"Organization\",\"@id\":\"https:\/\/www.embarro.com\/#organization\",\"name\":\"EMBARRO\",\"url\":\"https:\/\/www.embarro.com\/\",\"logo\":{\"@type\":\"ImageObject\",\"inLanguage\":\"es\",\"@id\":\"https:\/\/www.embarro.com\/#\/schema\/logo\/image\/\",\"url\":\"https:\/\/www.embarro.com\/wp-content\/uploads\/54784a80.jpg\",\"contentUrl\":\"https:\/\/www.embarro.com\/wp-content\/uploads\/54784a80.jpg\",\"width\":1500,\"height\":1500,\"caption\":\"EMBARRO\"},\"image\":{\"@id\":\"https:\/\/www.embarro.com\/#\/schema\/logo\/image\/\"},\"sameAs\":[\"https:\/\/www.facebook.com\/vimaplasnature\/\",\"https:\/\/www.instagram.com\/vimaplas_nature_blocan\/\",\"https:\/\/www.linkedin.com\/company\/vimaplasnature\/?viewAsMember=true\"]}]}<\/script>\n<!-- \/ Yoast SEO plugin. -->","yoast_head_json":{"title":"Contactos - EMBARRO","description":"Le ayudamos a encontrar el color ideal para dar personalidad y armon\u00eda a su proyecto de interiorismo. Cont\u00e1ctenos.","robots":{"index":"index","follow":"follow","max-snippet":"max-snippet:-1","max-image-preview":"max-image-preview:large","max-video-preview":"max-video-preview:-1"},"canonical":"https:\/\/www.embarro.com\/es\/contactos-embarro\/","og_locale":"es_ES","og_type":"article","og_title":"Contactos - EMBARRO","og_description":"Le ayudamos a encontrar el color ideal para dar personalidad y armon\u00eda a su proyecto de interiorismo. Cont\u00e1ctenos.","og_url":"https:\/\/www.embarro.com\/es\/contactos-embarro\/","og_site_name":"EMBARRO","article_publisher":"https:\/\/www.facebook.com\/vimaplasnature\/","article_modified_time":"2025-06-06T18:01:22+00:00","og_image":[{"width":3292,"height":1119,"url":"https:\/\/www.embarro.com\/wp-content\/uploads\/logo-new-embarro-ES.jpg","type":"image\/jpeg"}],"twitter_card":"summary_large_image","twitter_misc":{"Tiempo de lectura":"1 minuto"},"schema":{"@context":"https:\/\/schema.org","@graph":[{"@type":"WebPage","@id":"https:\/\/www.embarro.com\/es\/contactos-embarro\/","url":"https:\/\/www.embarro.com\/es\/contactos-embarro\/","name":"Contactos - EMBARRO","isPartOf":{"@id":"https:\/\/www.embarro.com\/#website"},"datePublished":"2014-05-04T18:20:11+00:00","dateModified":"2025-06-06T18:01:22+00:00","description":"Le ayudamos a encontrar el color ideal para dar personalidad y armon\u00eda a su proyecto de interiorismo. Cont\u00e1ctenos.","breadcrumb":{"@id":"https:\/\/www.embarro.com\/es\/contactos-embarro\/#breadcrumb"},"inLanguage":"es","potentialAction":[{"@type":"ReadAction","target":["https:\/\/www.embarro.com\/es\/contactos-embarro\/"]}]},{"@type":"BreadcrumbList","@id":"https:\/\/www.embarro.com\/es\/contactos-embarro\/#breadcrumb","itemListElement":[{"@type":"ListItem","position":1,"name":"In\u00edcio","item":"https:\/\/www.embarro.com\/"},{"@type":"ListItem","position":2,"name":"Contactos"}]},{"@type":"WebSite","@id":"https:\/\/www.embarro.com\/#website","url":"https:\/\/www.embarro.com\/","name":"EMBARRO","description":"H\u00e1 30 anos a transformar casas em Portugal e Espanha com os melhores revestimentos naturais de argila e cal. Ajudamos a encontrar a solu\u00e7\u00e3o ideal para a sua casa.","publisher":{"@id":"https:\/\/www.embarro.com\/#organization"},"potentialAction":[{"@type":"SearchAction","target":{"@type":"EntryPoint","urlTemplate":"https:\/\/www.embarro.com\/?s={search_term_string}"},"query-input":"required name=search_term_string"}],"inLanguage":"es"},{"@type":"Organization","@id":"https:\/\/www.embarro.com\/#organization","name":"EMBARRO","url":"https:\/\/www.embarro.com\/","logo":{"@type":"ImageObject","inLanguage":"es","@id":"https:\/\/www.embarro.com\/#\/schema\/logo\/image\/","url":"https:\/\/www.embarro.com\/wp-content\/uploads\/54784a80.jpg","contentUrl":"https:\/\/www.embarro.com\/wp-content\/uploads\/54784a80.jpg","width":1500,"height":1500,"caption":"EMBARRO"},"image":{"@id":"https:\/\/www.embarro.com\/#\/schema\/logo\/image\/"},"sameAs":["https:\/\/www.facebook.com\/vimaplasnature\/","https:\/\/www.instagram.com\/vimaplas_nature_blocan\/","https:\/\/www.linkedin.com\/company\/vimaplasnature\/?viewAsMember=true"]}]}},"_links":{"self":[{"href":"https:\/\/www.embarro.com\/es\/wp-json\/wp\/v2\/pages\/197"}],"collection":[{"href":"https:\/\/www.embarro.com\/es\/wp-json\/wp\/v2\/pages"}],"about":[{"href":"https:\/\/www.embarro.com\/es\/wp-json\/wp\/v2\/types\/page"}],"author":[{"embeddable":true,"href":"https:\/\/www.embarro.com\/es\/wp-json\/wp\/v2\/users\/2"}],"replies":[{"embeddable":true,"href":"https:\/\/www.embarro.com\/es\/wp-json\/wp\/v2\/comments?post=197"}],"version-history":[{"count":74,"href":"https:\/\/www.embarro.com\/es\/wp-json\/wp\/v2\/pages\/197\/revisions"}],"predecessor-version":[{"id":16530,"href":"https:\/\/www.embarro.com\/es\/wp-json\/wp\/v2\/pages\/197\/revisions\/16530"}],"wp:attachment":[{"href":"https:\/\/www.embarro.com\/es\/wp-json\/wp\/v2\/media?parent=197"}],"curies":[{"name":"wp","href":"https:\/\/api.w.org\/{rel}","templated":true}]}}