{"id":180,"date":"2014-05-04T18:16:32","date_gmt":"2014-05-04T18:16:32","guid":{"rendered":"http:\/\/www.embarro.com\/?page_id=180"},"modified":"2025-06-05T09:38:20","modified_gmt":"2025-06-05T09:38:20","slug":"morteros-de-arcilla-claytec","status":"publish","type":"page","link":"https:\/\/www.embarro.com\/es\/morteros-de-arcilla-claytec\/","title":{"rendered":"Productos"},"content":{"rendered":"<h4>Revocos de arcilla CLAYTEC en EMBARRO<\/h4>\n<p>En EMBARRO encontrar\u00e1<strong> revocos de arcilla, acabados y pinturas a base de arcilla, as\u00ed como estuco de cal.<\/strong> Ofrecemos venta y asesoramiento especializado sobre estos materiales.<\/p>\n<p>EMBARRO es el <strong>representante oficial de CLAYTEC<\/strong> para materiales de construcci\u00f3n a base de arcilla en Portugal y Espa\u00f1a. Siendo uno de los materiales de construcci\u00f3n m\u00e1s antiguos del mundo, la arcilla sigue siendo incre\u00edblemente vers\u00e1til. Hoy en d\u00eda, los acabados de arcilla, con superficies aut\u00e9nticas y atractivas, est\u00e1n ganando cada vez m\u00e1s protagonismo en el dise\u00f1o de interiores.<\/p>\n<p><strong><a href=\"https:\/\/www.embarro.com\/wp-content\/uploads\/\/ClayTec_Logo_schwarz_web-1-300x87.png\"><img decoding=\"async\" class=\"alignleft wp-image-15326 size-medium\" src=\"https:\/\/www.embarro.com\/wp-content\/uploads\/\/ClayTec_Logo_schwarz_web-1-300x87.png\" alt=\"\" width=\"300\" height=\"87\" srcset=\"https:\/\/www.embarro.com\/wp-content\/uploads\/ClayTec_Logo_schwarz_web-1-300x87.png 300w, https:\/\/www.embarro.com\/wp-content\/uploads\/ClayTec_Logo_schwarz_web-1-1024x298.png 1024w, https:\/\/www.embarro.com\/wp-content\/uploads\/ClayTec_Logo_schwarz_web-1-768x223.png 768w, https:\/\/www.embarro.com\/wp-content\/uploads\/ClayTec_Logo_schwarz_web-1-260x76.png 260w, https:\/\/www.embarro.com\/wp-content\/uploads\/ClayTec_Logo_schwarz_web-1-50x15.png 50w, https:\/\/www.embarro.com\/wp-content\/uploads\/ClayTec_Logo_schwarz_web-1-150x44.png 150w, https:\/\/www.embarro.com\/wp-content\/uploads\/ClayTec_Logo_schwarz_web-1.png 1200w\" sizes=\"(max-width: 300px) 100vw, 300px\" \/><\/a>Desde 1970<\/strong>, los ingenieros de CLAYTEC han estado desarrollando nuevas t\u00e9cnicas de aplicaci\u00f3n basadas en m\u00e9todos de construcci\u00f3n tradicionales. Se han creado m\u00faltiples soluciones para el dise\u00f1o, modelado y acabado de superficies de arcilla. Las argamasas CLAYTEC traen un pedazo de naturaleza al interior del hogar: est\u00e1n compuestas por materiales naturales, son transpirables y permiten la difusi\u00f3n del vapor. Su capacidad para regular la humedad del aire mejora comprobadamente el clima interior. Los minerales arcillosos contribuyen a un ambiente saludable y confortable, sin emitir contaminantes \u2014 al contrario, incluso ayudan a neutralizar olores.<strong><br \/>\n<\/strong><\/p>\n<p>Aqu\u00ed est\u00e1 el enlace directo a la versi\u00f3n en ingl\u00e9s de la p\u00e1gina web de CLAYTEC: <a href=\"https:\/\/www.claytec.de\/en\" target=\"_blank\" rel=\"noopener\">https:\/\/www.claytec.de\/en<\/a><\/p>\n<h4><\/h4>\n<h4>Design con arcilla<\/h4>\n<p data-start=\"1478\" data-end=\"1747\"><strong data-start=\"1478\" data-end=\"1489\">CLAYTEC<\/strong> <strong>ha marcado tendencia en el dise\u00f1o con revocos de arcilla<\/strong> durante muchos a\u00f1os. Proyectos como el <a href=\"https:\/\/www.google.com\/search?source=univ&amp;tbm=isch&amp;q=kolumba+museum+innen&amp;client=firefox-b-d&amp;sa=X&amp;ved=2ahUKEwjFhsvnz5_rAhVR1xoKHR9BCxMQsAR6BAgKEAE&amp;biw=1567&amp;bih=752\">Museo Kolumba<\/a>, del arquitecto Peter Zumthor, han dado a los revocos de arcilla un lugar destacado en la arquitectura contempor\u00e1nea y el dise\u00f1o de interiores.<\/p>\n<p data-start=\"1749\" data-end=\"2353\"><strong>Los acabados coloridos YOSIMA, de CLAYTEC<\/strong>, ocupan un lugar especial en nuestro trabajo. YOSIMA es un acabado interior de alta gama de 2 mm de espesor, elaborado con arcillas seleccionadas, que van desde un blanco elegante hasta un rojo intenso. Est\u00e1 disponible en una <a href=\"https:\/\/www.embarro.com\/wp-content\/uploads\/Brochure_YOSIMA_en-1.pdf\">paleta de 146 tonalidades<\/a> cuidadosamente compuestas, obtenidas a partir de arcillas naturales puras. YOSIMA no contiene colorantes ni pigmentos a\u00f1adidos: su color proviene exclusivamente de las propiedades del propio material. Las sutiles variaciones crom\u00e1ticas aportan a las superficies un car\u00e1cter natural y aut\u00e9ntico.<\/p>\n","protected":false},"excerpt":{"rendered":"<p>Revocos de arcilla CLAYTEC en EMBARRO En EMBARRO encontrar\u00e1 revocos de arcilla, acabados y pinturas a base de arcilla, as\u00ed como estuco de cal. Ofrecemos venta<span class=\"excerpt-hellip\"> [\u2026]<\/span><\/p>\n","protected":false},"author":2,"featured_media":0,"parent":0,"menu_order":0,"comment_status":"closed","ping_status":"closed","template":"","meta":[],"yoast_head":"<!-- This site is optimized with the Yoast SEO plugin v20.1 - https:\/\/yoast.com\/wordpress\/plugins\/seo\/ -->\n<title>Morteros de arcilla en Espa\u00f1a con CLAYTEC.<\/title>\n<meta name=\"description\" content=\"Morteros de arcilla, representamos CLAYTEC en Espa\u00f1a.\" \/>\n<meta name=\"robots\" content=\"index, follow, max-snippet:-1, max-image-preview:large, max-video-preview:-1\" \/>\n<link rel=\"canonical\" href=\"https:\/\/www.embarro.com\/es\/morteros-de-arcilla-claytec\/\" \/>\n<meta property=\"og:locale\" content=\"es_ES\" \/>\n<meta property=\"og:type\" content=\"article\" \/>\n<meta property=\"og:title\" content=\"Morteros de arcilla en Espa\u00f1a con CLAYTEC.\" \/>\n<meta property=\"og:description\" content=\"Morteros de arcilla, representamos CLAYTEC en Espa\u00f1a.\" \/>\n<meta property=\"og:url\" content=\"https:\/\/www.embarro.com\/es\/morteros-de-arcilla-claytec\/\" \/>\n<meta property=\"og:site_name\" content=\"EMBARRO\" \/>\n<meta property=\"article:publisher\" content=\"https:\/\/www.facebook.com\/vimaplasnature\/\" \/>\n<meta property=\"article:modified_time\" content=\"2025-06-05T09:38:20+00:00\" \/>\n<meta property=\"og:image\" content=\"https:\/\/www.embarro.com\/wp-content\/uploads\/\/ClayTec_Logo_schwarz_web-1-300x87.png\" \/>\n<meta name=\"twitter:card\" content=\"summary_large_image\" \/>\n<meta name=\"twitter:label1\" content=\"Tiempo de lectura\" \/>\n\t<meta name=\"twitter:data1\" content=\"3 minutos\" \/>\n<script type=\"application\/ld+json\" class=\"yoast-schema-graph\">{\"@context\":\"https:\/\/schema.org\",\"@graph\":[{\"@type\":\"WebPage\",\"@id\":\"https:\/\/www.embarro.com\/es\/morteros-de-arcilla-claytec\/\",\"url\":\"https:\/\/www.embarro.com\/es\/morteros-de-arcilla-claytec\/\",\"name\":\"Morteros de arcilla en Espa\u00f1a con CLAYTEC.\",\"isPartOf\":{\"@id\":\"https:\/\/www.embarro.com\/#website\"},\"datePublished\":\"2014-05-04T18:16:32+00:00\",\"dateModified\":\"2025-06-05T09:38:20+00:00\",\"description\":\"Morteros de arcilla, representamos CLAYTEC en Espa\u00f1a.\",\"breadcrumb\":{\"@id\":\"https:\/\/www.embarro.com\/es\/morteros-de-arcilla-claytec\/#breadcrumb\"},\"inLanguage\":\"es\",\"potentialAction\":[{\"@type\":\"ReadAction\",\"target\":[\"https:\/\/www.embarro.com\/es\/morteros-de-arcilla-claytec\/\"]}]},{\"@type\":\"BreadcrumbList\",\"@id\":\"https:\/\/www.embarro.com\/es\/morteros-de-arcilla-claytec\/#breadcrumb\",\"itemListElement\":[{\"@type\":\"ListItem\",\"position\":1,\"name\":\"In\u00edcio\",\"item\":\"https:\/\/www.embarro.com\/\"},{\"@type\":\"ListItem\",\"position\":2,\"name\":\"Productos\"}]},{\"@type\":\"WebSite\",\"@id\":\"https:\/\/www.embarro.com\/#website\",\"url\":\"https:\/\/www.embarro.com\/\",\"name\":\"EMBARRO\",\"description\":\"H\u00e1 30 anos a transformar casas em Portugal e Espanha com os melhores revestimentos naturais de argila e cal. Ajudamos a encontrar a solu\u00e7\u00e3o ideal para a sua casa.\",\"publisher\":{\"@id\":\"https:\/\/www.embarro.com\/#organization\"},\"potentialAction\":[{\"@type\":\"SearchAction\",\"target\":{\"@type\":\"EntryPoint\",\"urlTemplate\":\"https:\/\/www.embarro.com\/?s={search_term_string}\"},\"query-input\":\"required name=search_term_string\"}],\"inLanguage\":\"es\"},{\"@type\":\"Organization\",\"@id\":\"https:\/\/www.embarro.com\/#organization\",\"name\":\"EMBARRO\",\"url\":\"https:\/\/www.embarro.com\/\",\"logo\":{\"@type\":\"ImageObject\",\"inLanguage\":\"es\",\"@id\":\"https:\/\/www.embarro.com\/#\/schema\/logo\/image\/\",\"url\":\"https:\/\/www.embarro.com\/wp-content\/uploads\/54784a80.jpg\",\"contentUrl\":\"https:\/\/www.embarro.com\/wp-content\/uploads\/54784a80.jpg\",\"width\":1500,\"height\":1500,\"caption\":\"EMBARRO\"},\"image\":{\"@id\":\"https:\/\/www.embarro.com\/#\/schema\/logo\/image\/\"},\"sameAs\":[\"https:\/\/www.facebook.com\/vimaplasnature\/\",\"https:\/\/www.instagram.com\/vimaplas_nature_blocan\/\",\"https:\/\/www.linkedin.com\/company\/vimaplasnature\/?viewAsMember=true\"]}]}<\/script>\n<!-- \/ Yoast SEO plugin. -->","yoast_head_json":{"title":"Morteros de arcilla en Espa\u00f1a con CLAYTEC.","description":"Morteros de arcilla, representamos CLAYTEC en Espa\u00f1a.","robots":{"index":"index","follow":"follow","max-snippet":"max-snippet:-1","max-image-preview":"max-image-preview:large","max-video-preview":"max-video-preview:-1"},"canonical":"https:\/\/www.embarro.com\/es\/morteros-de-arcilla-claytec\/","og_locale":"es_ES","og_type":"article","og_title":"Morteros de arcilla en Espa\u00f1a con CLAYTEC.","og_description":"Morteros de arcilla, representamos CLAYTEC en Espa\u00f1a.","og_url":"https:\/\/www.embarro.com\/es\/morteros-de-arcilla-claytec\/","og_site_name":"EMBARRO","article_publisher":"https:\/\/www.facebook.com\/vimaplasnature\/","article_modified_time":"2025-06-05T09:38:20+00:00","og_image":[{"url":"https:\/\/www.embarro.com\/wp-content\/uploads\/\/ClayTec_Logo_schwarz_web-1-300x87.png"}],"twitter_card":"summary_large_image","twitter_misc":{"Tiempo de lectura":"3 minutos"},"schema":{"@context":"https:\/\/schema.org","@graph":[{"@type":"WebPage","@id":"https:\/\/www.embarro.com\/es\/morteros-de-arcilla-claytec\/","url":"https:\/\/www.embarro.com\/es\/morteros-de-arcilla-claytec\/","name":"Morteros de arcilla en Espa\u00f1a con CLAYTEC.","isPartOf":{"@id":"https:\/\/www.embarro.com\/#website"},"datePublished":"2014-05-04T18:16:32+00:00","dateModified":"2025-06-05T09:38:20+00:00","description":"Morteros de arcilla, representamos CLAYTEC en Espa\u00f1a.","breadcrumb":{"@id":"https:\/\/www.embarro.com\/es\/morteros-de-arcilla-claytec\/#breadcrumb"},"inLanguage":"es","potentialAction":[{"@type":"ReadAction","target":["https:\/\/www.embarro.com\/es\/morteros-de-arcilla-claytec\/"]}]},{"@type":"BreadcrumbList","@id":"https:\/\/www.embarro.com\/es\/morteros-de-arcilla-claytec\/#breadcrumb","itemListElement":[{"@type":"ListItem","position":1,"name":"In\u00edcio","item":"https:\/\/www.embarro.com\/"},{"@type":"ListItem","position":2,"name":"Productos"}]},{"@type":"WebSite","@id":"https:\/\/www.embarro.com\/#website","url":"https:\/\/www.embarro.com\/","name":"EMBARRO","description":"H\u00e1 30 anos a transformar casas em Portugal e Espanha com os melhores revestimentos naturais de argila e cal. Ajudamos a encontrar a solu\u00e7\u00e3o ideal para a sua casa.","publisher":{"@id":"https:\/\/www.embarro.com\/#organization"},"potentialAction":[{"@type":"SearchAction","target":{"@type":"EntryPoint","urlTemplate":"https:\/\/www.embarro.com\/?s={search_term_string}"},"query-input":"required name=search_term_string"}],"inLanguage":"es"},{"@type":"Organization","@id":"https:\/\/www.embarro.com\/#organization","name":"EMBARRO","url":"https:\/\/www.embarro.com\/","logo":{"@type":"ImageObject","inLanguage":"es","@id":"https:\/\/www.embarro.com\/#\/schema\/logo\/image\/","url":"https:\/\/www.embarro.com\/wp-content\/uploads\/54784a80.jpg","contentUrl":"https:\/\/www.embarro.com\/wp-content\/uploads\/54784a80.jpg","width":1500,"height":1500,"caption":"EMBARRO"},"image":{"@id":"https:\/\/www.embarro.com\/#\/schema\/logo\/image\/"},"sameAs":["https:\/\/www.facebook.com\/vimaplasnature\/","https:\/\/www.instagram.com\/vimaplas_nature_blocan\/","https:\/\/www.linkedin.com\/company\/vimaplasnature\/?viewAsMember=true"]}]}},"_links":{"self":[{"href":"https:\/\/www.embarro.com\/es\/wp-json\/wp\/v2\/pages\/180"}],"collection":[{"href":"https:\/\/www.embarro.com\/es\/wp-json\/wp\/v2\/pages"}],"about":[{"href":"https:\/\/www.embarro.com\/es\/wp-json\/wp\/v2\/types\/page"}],"author":[{"embeddable":true,"href":"https:\/\/www.embarro.com\/es\/wp-json\/wp\/v2\/users\/2"}],"replies":[{"embeddable":true,"href":"https:\/\/www.embarro.com\/es\/wp-json\/wp\/v2\/comments?post=180"}],"version-history":[{"count":83,"href":"https:\/\/www.embarro.com\/es\/wp-json\/wp\/v2\/pages\/180\/revisions"}],"predecessor-version":[{"id":16429,"href":"https:\/\/www.embarro.com\/es\/wp-json\/wp\/v2\/pages\/180\/revisions\/16429"}],"wp:attachment":[{"href":"https:\/\/www.embarro.com\/es\/wp-json\/wp\/v2\/media?parent=180"}],"curies":[{"name":"wp","href":"https:\/\/api.w.org\/{rel}","templated":true}]}}