{"id":15024,"date":"2024-02-10T19:10:01","date_gmt":"2024-02-10T19:10:01","guid":{"rendered":"https:\/\/www.embarro.com\/?page_id=15024"},"modified":"2025-06-05T14:23:37","modified_gmt":"2025-06-05T14:23:37","slug":"design","status":"publish","type":"page","link":"https:\/\/www.embarro.com\/es\/design\/","title":{"rendered":"Design"},"content":{"rendered":"<p>Un <strong>buen design transforma su espacio<\/strong> \u2014 <strong>y mejora su vida<\/strong>.<br \/>\nCreamos ambientes que combinan bienestar, est\u00e9tica y sostenibilidad, utilizando arcilla natural como material principal.<br \/>\nExplore nuestras opciones de dise\u00f1o en los submen\u00fas de este apartado y descubra c\u00f3mo lo natural tambi\u00e9n puede ser sin\u00f3nimo de sofisticaci\u00f3n.<\/p>\n","protected":false},"excerpt":{"rendered":"<p>Un buen design transforma su espacio \u2014 y mejora su vida. Creamos ambientes que combinan bienestar, est\u00e9tica y sostenibilidad, utilizando arcilla natural como material principal. Explore<span class=\"excerpt-hellip\"> [\u2026]<\/span><\/p>\n","protected":false},"author":2,"featured_media":0,"parent":0,"menu_order":0,"comment_status":"closed","ping_status":"closed","template":"","meta":[],"yoast_head":"<!-- This site is optimized with the Yoast SEO plugin v20.1 - https:\/\/yoast.com\/wordpress\/plugins\/seo\/ -->\n<title>Design - EMBARRO<\/title>\n<meta name=\"description\" content=\"Un dise\u00f1o acertado facilita la vida, da placer y crea una sensaci\u00f3n de bienestar. Creamos valor a\u00f1adido para usted.\" \/>\n<meta name=\"robots\" content=\"index, follow, max-snippet:-1, max-image-preview:large, max-video-preview:-1\" \/>\n<link rel=\"canonical\" href=\"https:\/\/www.embarro.com\/es\/design\/\" \/>\n<meta property=\"og:locale\" content=\"es_ES\" \/>\n<meta property=\"og:type\" content=\"article\" \/>\n<meta property=\"og:title\" content=\"Design - EMBARRO\" \/>\n<meta property=\"og:description\" content=\"Un dise\u00f1o acertado facilita la vida, da placer y crea una sensaci\u00f3n de bienestar. Creamos valor a\u00f1adido para usted.\" \/>\n<meta property=\"og:url\" content=\"https:\/\/www.embarro.com\/es\/design\/\" \/>\n<meta property=\"og:site_name\" content=\"EMBARRO\" \/>\n<meta property=\"article:publisher\" content=\"https:\/\/www.facebook.com\/vimaplasnature\/\" \/>\n<meta property=\"article:modified_time\" content=\"2025-06-05T14:23:37+00:00\" \/>\n<meta property=\"og:image\" content=\"https:\/\/www.embarro.com\/wp-content\/uploads\/54784a80.jpg\" \/>\n\t<meta property=\"og:image:width\" content=\"1500\" \/>\n\t<meta property=\"og:image:height\" content=\"1500\" \/>\n\t<meta property=\"og:image:type\" content=\"image\/jpeg\" \/>\n<meta name=\"twitter:card\" content=\"summary_large_image\" \/>\n<meta name=\"twitter:label1\" content=\"Tiempo de lectura\" \/>\n\t<meta name=\"twitter:data1\" content=\"1 minuto\" \/>\n<script type=\"application\/ld+json\" class=\"yoast-schema-graph\">{\"@context\":\"https:\/\/schema.org\",\"@graph\":[{\"@type\":\"WebPage\",\"@id\":\"https:\/\/www.embarro.com\/es\/design\/\",\"url\":\"https:\/\/www.embarro.com\/es\/design\/\",\"name\":\"Design - EMBARRO\",\"isPartOf\":{\"@id\":\"https:\/\/www.embarro.com\/#website\"},\"datePublished\":\"2024-02-10T19:10:01+00:00\",\"dateModified\":\"2025-06-05T14:23:37+00:00\",\"description\":\"Un dise\u00f1o acertado facilita la vida, da placer y crea una sensaci\u00f3n de bienestar. Creamos valor a\u00f1adido para usted.\",\"breadcrumb\":{\"@id\":\"https:\/\/www.embarro.com\/es\/design\/#breadcrumb\"},\"inLanguage\":\"es\",\"potentialAction\":[{\"@type\":\"ReadAction\",\"target\":[\"https:\/\/www.embarro.com\/es\/design\/\"]}]},{\"@type\":\"BreadcrumbList\",\"@id\":\"https:\/\/www.embarro.com\/es\/design\/#breadcrumb\",\"itemListElement\":[{\"@type\":\"ListItem\",\"position\":1,\"name\":\"In\u00edcio\",\"item\":\"https:\/\/www.embarro.com\/\"},{\"@type\":\"ListItem\",\"position\":2,\"name\":\"Design\"}]},{\"@type\":\"WebSite\",\"@id\":\"https:\/\/www.embarro.com\/#website\",\"url\":\"https:\/\/www.embarro.com\/\",\"name\":\"EMBARRO\",\"description\":\"H\u00e1 30 anos a transformar casas em Portugal e Espanha com os melhores revestimentos naturais de argila e cal. Ajudamos a encontrar a solu\u00e7\u00e3o ideal para a sua casa.\",\"publisher\":{\"@id\":\"https:\/\/www.embarro.com\/#organization\"},\"potentialAction\":[{\"@type\":\"SearchAction\",\"target\":{\"@type\":\"EntryPoint\",\"urlTemplate\":\"https:\/\/www.embarro.com\/?s={search_term_string}\"},\"query-input\":\"required name=search_term_string\"}],\"inLanguage\":\"es\"},{\"@type\":\"Organization\",\"@id\":\"https:\/\/www.embarro.com\/#organization\",\"name\":\"EMBARRO\",\"url\":\"https:\/\/www.embarro.com\/\",\"logo\":{\"@type\":\"ImageObject\",\"inLanguage\":\"es\",\"@id\":\"https:\/\/www.embarro.com\/#\/schema\/logo\/image\/\",\"url\":\"https:\/\/www.embarro.com\/wp-content\/uploads\/54784a80.jpg\",\"contentUrl\":\"https:\/\/www.embarro.com\/wp-content\/uploads\/54784a80.jpg\",\"width\":1500,\"height\":1500,\"caption\":\"EMBARRO\"},\"image\":{\"@id\":\"https:\/\/www.embarro.com\/#\/schema\/logo\/image\/\"},\"sameAs\":[\"https:\/\/www.facebook.com\/vimaplasnature\/\",\"https:\/\/www.instagram.com\/vimaplas_nature_blocan\/\",\"https:\/\/www.linkedin.com\/company\/vimaplasnature\/?viewAsMember=true\"]}]}<\/script>\n<!-- \/ Yoast SEO plugin. -->","yoast_head_json":{"title":"Design - EMBARRO","description":"Un dise\u00f1o acertado facilita la vida, da placer y crea una sensaci\u00f3n de bienestar. Creamos valor a\u00f1adido para usted.","robots":{"index":"index","follow":"follow","max-snippet":"max-snippet:-1","max-image-preview":"max-image-preview:large","max-video-preview":"max-video-preview:-1"},"canonical":"https:\/\/www.embarro.com\/es\/design\/","og_locale":"es_ES","og_type":"article","og_title":"Design - EMBARRO","og_description":"Un dise\u00f1o acertado facilita la vida, da placer y crea una sensaci\u00f3n de bienestar. Creamos valor a\u00f1adido para usted.","og_url":"https:\/\/www.embarro.com\/es\/design\/","og_site_name":"EMBARRO","article_publisher":"https:\/\/www.facebook.com\/vimaplasnature\/","article_modified_time":"2025-06-05T14:23:37+00:00","og_image":[{"width":1500,"height":1500,"url":"https:\/\/www.embarro.com\/wp-content\/uploads\/54784a80.jpg","type":"image\/jpeg"}],"twitter_card":"summary_large_image","twitter_misc":{"Tiempo de lectura":"1 minuto"},"schema":{"@context":"https:\/\/schema.org","@graph":[{"@type":"WebPage","@id":"https:\/\/www.embarro.com\/es\/design\/","url":"https:\/\/www.embarro.com\/es\/design\/","name":"Design - EMBARRO","isPartOf":{"@id":"https:\/\/www.embarro.com\/#website"},"datePublished":"2024-02-10T19:10:01+00:00","dateModified":"2025-06-05T14:23:37+00:00","description":"Un dise\u00f1o acertado facilita la vida, da placer y crea una sensaci\u00f3n de bienestar. Creamos valor a\u00f1adido para usted.","breadcrumb":{"@id":"https:\/\/www.embarro.com\/es\/design\/#breadcrumb"},"inLanguage":"es","potentialAction":[{"@type":"ReadAction","target":["https:\/\/www.embarro.com\/es\/design\/"]}]},{"@type":"BreadcrumbList","@id":"https:\/\/www.embarro.com\/es\/design\/#breadcrumb","itemListElement":[{"@type":"ListItem","position":1,"name":"In\u00edcio","item":"https:\/\/www.embarro.com\/"},{"@type":"ListItem","position":2,"name":"Design"}]},{"@type":"WebSite","@id":"https:\/\/www.embarro.com\/#website","url":"https:\/\/www.embarro.com\/","name":"EMBARRO","description":"H\u00e1 30 anos a transformar casas em Portugal e Espanha com os melhores revestimentos naturais de argila e cal. Ajudamos a encontrar a solu\u00e7\u00e3o ideal para a sua casa.","publisher":{"@id":"https:\/\/www.embarro.com\/#organization"},"potentialAction":[{"@type":"SearchAction","target":{"@type":"EntryPoint","urlTemplate":"https:\/\/www.embarro.com\/?s={search_term_string}"},"query-input":"required name=search_term_string"}],"inLanguage":"es"},{"@type":"Organization","@id":"https:\/\/www.embarro.com\/#organization","name":"EMBARRO","url":"https:\/\/www.embarro.com\/","logo":{"@type":"ImageObject","inLanguage":"es","@id":"https:\/\/www.embarro.com\/#\/schema\/logo\/image\/","url":"https:\/\/www.embarro.com\/wp-content\/uploads\/54784a80.jpg","contentUrl":"https:\/\/www.embarro.com\/wp-content\/uploads\/54784a80.jpg","width":1500,"height":1500,"caption":"EMBARRO"},"image":{"@id":"https:\/\/www.embarro.com\/#\/schema\/logo\/image\/"},"sameAs":["https:\/\/www.facebook.com\/vimaplasnature\/","https:\/\/www.instagram.com\/vimaplas_nature_blocan\/","https:\/\/www.linkedin.com\/company\/vimaplasnature\/?viewAsMember=true"]}]}},"_links":{"self":[{"href":"https:\/\/www.embarro.com\/es\/wp-json\/wp\/v2\/pages\/15024"}],"collection":[{"href":"https:\/\/www.embarro.com\/es\/wp-json\/wp\/v2\/pages"}],"about":[{"href":"https:\/\/www.embarro.com\/es\/wp-json\/wp\/v2\/types\/page"}],"author":[{"embeddable":true,"href":"https:\/\/www.embarro.com\/es\/wp-json\/wp\/v2\/users\/2"}],"replies":[{"embeddable":true,"href":"https:\/\/www.embarro.com\/es\/wp-json\/wp\/v2\/comments?post=15024"}],"version-history":[{"count":3,"href":"https:\/\/www.embarro.com\/es\/wp-json\/wp\/v2\/pages\/15024\/revisions"}],"predecessor-version":[{"id":16458,"href":"https:\/\/www.embarro.com\/es\/wp-json\/wp\/v2\/pages\/15024\/revisions\/16458"}],"wp:attachment":[{"href":"https:\/\/www.embarro.com\/es\/wp-json\/wp\/v2\/media?parent=15024"}],"curies":[{"name":"wp","href":"https:\/\/api.w.org\/{rel}","templated":true}]}}