{"id":14337,"date":"2024-02-08T16:20:07","date_gmt":"2024-02-08T16:20:07","guid":{"rendered":"https:\/\/www.embarro.com\/?page_id=14337"},"modified":"2024-02-15T19:45:38","modified_gmt":"2024-02-15T19:45:38","slug":"embarro-blog","status":"publish","type":"page","link":"https:\/\/www.embarro.com\/es\/embarro-blog\/","title":{"rendered":"EMBARRO blog"},"content":{"rendered":"<h4>Transparencia y ecolog\u00eda en el blog de EMBARRO<\/h4>\n<p>La transparencia y la ecolog\u00eda no pueden separarse. Con nuestros art\u00edculos en nuestro blog EMBARRO queremos contribuir a temas controvertidos. Esto se basa en mis m\u00e1s de 30 a\u00f1os de experiencia en el procesamiento, trabajando en la tecnolog\u00eda de aplicaci\u00f3n y como formador para la industria en las \u00e1reas de yeso, cal y arcilla.<\/p>\n<h4>La idea<\/h4>\n<p>Nuestra filosof\u00eda de producto se basa en los contenidos proporcionados por instituciones como el Instituto de Baubiologie en Espa\u00f1a, el <a href=\"https:\/\/www.baubiologie.es\/\" target=\"_blank\" rel=\"noopener\">IEB<\/a>. Tambi\u00e9n nos convencen las experiencias positivas que hemos tenido con empresas como <a href=\"https:\/\/www.kreidezeit.de\/en\/\" target=\"_blank\" rel=\"noopener\">KREIDEZEIT<\/a>. El fabricante alem\u00e1n de pinturas naturales KREIDEZEIT publica voluntariamente todos los ingredientes de sus productos. Sin una transparencia total, el t\u00edtulo de \u00abecol\u00f3gico\u00bb no es fiable. Desgraciadamente, a las personas no t\u00e9cnicas les resulta dif\u00edcil distinguir entre informaci\u00f3n y publicidad.<\/p>\n<p>Al mismo tiempo, nos gustar\u00eda utilizar este foro para informar sobre cuestiones t\u00edpicas que surgen en relaci\u00f3n con los revestimentos.<\/p>\n<h4>Los temas<\/h4>\n<p><em>Le informamos de que si hace clic en alguno de los enlaces a nuestros temas, ser\u00e1 redirigido a otra p\u00e1gina nuestra.<\/em><\/p>\n<p><strong>Temas relacionados con los materiales de construcci\u00f3n:<\/strong><\/p>\n<p><span style=\"color: #ff0000;\">+<span style=\"color: #222222;\">\u00a0\u00a0<\/span><a href=\"https:\/\/embarro.wordpress.com\/2023\/10\/07\/the-lime-fake\/\" target=\"_blank\" rel=\"noopener\">the lime fake<\/a><span style=\"color: #222222;\">\u00a0<\/span> +\u00a0 <a href=\"https:\/\/wordpress.com\/post\/embarro.wordpress.com\/386\" target=\"_blank\" rel=\"noopener\">no eco without transparency<\/a>\u00a0 +\u00a0 <a href=\"https:\/\/embarro.wordpress.com\/2023\/11\/24\/the-differnece-between-good-clay-plaster-and-mud-mix\/\" target=\"_blank\" rel=\"noopener\">The difference between good clay plaster and mud mix<\/a>\u00a0 +\u00a0 <a href=\"https:\/\/embarro.wordpress.com\/2023\/11\/22\/damp-walls\/\" target=\"_blank\" rel=\"noopener\">damp walls<\/a>\u00a0 \u00a0+<\/span>\u00a0\u00a0<a href=\"https:\/\/embarro.wordpress.com\/2023\/10\/29\/lime-wash-versus-lime-paint\/\" target=\"_blank\" rel=\"noopener\">lime wash versus lime paint<\/a>\u00a0\u00a0<span style=\"color: #ff0000;\">+<\/span>\u00a0\u00a0<a href=\"https:\/\/embarro.wordpress.com\/2023\/10\/16\/why-oil-varnish-for-wood\/\" target=\"_blank\" rel=\"noopener\">why oil varnish for wood<\/a>\u00a0\u00a0<span style=\"color: #ff0000;\">+<\/span>\u00a0\u00a0<a href=\"https:\/\/embarro.wordpress.com\/2023\/10\/10\/what-clay-plaster-can-and-cannot-do\/\" target=\"_blank\" rel=\"noopener\">what clay plaster can do and can not do<\/a>\u00a0\u00a0<span style=\"color: #ff0000;\">+<\/span> \u00a0<a href=\"https:\/\/embarro.wordpress.com\/2023\/10\/07\/tadelakt-history\/\" target=\"_blank\" rel=\"noopener\">Tadelakt hi(story)<\/a>\u00a0\u00a0<span style=\"color: #ff0000;\">+<\/span>\u00a0\u00a0\u201e<a href=\"https:\/\/embarro.wordpress.com\/2023\/10\/06\/eco-paints\/\" target=\"_blank\" rel=\"noopener\">eco\u201c paints<\/a><\/p>\n<p><strong>Projectos:<\/strong><\/p>\n<p><span style=\"color: #ff0000;\">+\u00a0 <a href=\"https:\/\/embarro.wordpress.com\/2023\/11\/11\/mas-palol-attraction-and-limits\/\" target=\"_blank\" rel=\"noopener\">Mas Palol &#8211; attraction and limits<\/a>\u00a0 +<\/span>\u00a0\u00a0<a href=\"https:\/\/embarro.wordpress.com\/2023\/10\/08\/chiang-mai-life-architects\/\" target=\"_blank\" rel=\"noopener\">ChiangMai Life Architects<\/a><\/p>\n<p><strong>Art\u00edculos de invitados:<\/strong><\/p>\n<p><span style=\"color: #ff0000;\">+<\/span>\u00a0 <a href=\"https:\/\/embarro.wordpress.com\/2023\/11\/02\/habitat-biology-versus-greenwashing\/\" target=\"_blank\" rel=\"noopener\">Habitat Biology versus \u00abGreenwashing\u00bb<\/a>\u00a0 IEB-Instituto Espa\u00f1ol de Baubiologie<\/p>\n<h4>Cooperaci\u00f3n<\/h4>\n<p>Siempre me complace recibir comentarios en <a href=\"mailto:info@embarro.com\">info@embarro.com<\/a>.<\/p>\n<p>&nbsp;<\/p>\n","protected":false},"excerpt":{"rendered":"<p>Transparencia y ecolog\u00eda en el blog de EMBARRO La transparencia y la ecolog\u00eda no pueden separarse. Con nuestros art\u00edculos en nuestro blog EMBARRO queremos contribuir a<span class=\"excerpt-hellip\"> [\u2026]<\/span><\/p>\n","protected":false},"author":2,"featured_media":0,"parent":0,"menu_order":0,"comment_status":"closed","ping_status":"closed","template":"","meta":[],"yoast_head":"<!-- This site is optimized with the Yoast SEO plugin v20.1 - https:\/\/yoast.com\/wordpress\/plugins\/seo\/ -->\n<title>EMBARRO blog - EMBARRO<\/title>\n<meta name=\"description\" content=\"Con nuestro blog EMBARRO queremos contribuir a la transparencia y la ecolog\u00eda en temas controvertidos de construcci\u00f3n ecol\u00f3gica\" \/>\n<meta name=\"robots\" content=\"index, follow, max-snippet:-1, max-image-preview:large, max-video-preview:-1\" \/>\n<link rel=\"canonical\" href=\"https:\/\/www.embarro.com\/es\/embarro-blog\/\" \/>\n<meta property=\"og:locale\" content=\"es_ES\" \/>\n<meta property=\"og:type\" content=\"article\" \/>\n<meta property=\"og:title\" content=\"EMBARRO blog - EMBARRO\" \/>\n<meta property=\"og:description\" content=\"Con nuestro blog EMBARRO queremos contribuir a la transparencia y la ecolog\u00eda en temas controvertidos de construcci\u00f3n ecol\u00f3gica\" \/>\n<meta property=\"og:url\" content=\"https:\/\/www.embarro.com\/es\/embarro-blog\/\" \/>\n<meta property=\"og:site_name\" content=\"EMBARRO\" \/>\n<meta property=\"article:publisher\" content=\"https:\/\/www.facebook.com\/vimaplasnature\/\" \/>\n<meta property=\"article:modified_time\" content=\"2024-02-15T19:45:38+00:00\" \/>\n<meta property=\"og:image\" content=\"https:\/\/www.embarro.com\/wp-content\/uploads\/54784a80.jpg\" \/>\n\t<meta property=\"og:image:width\" content=\"1500\" \/>\n\t<meta property=\"og:image:height\" content=\"1500\" \/>\n\t<meta property=\"og:image:type\" content=\"image\/jpeg\" \/>\n<meta name=\"twitter:card\" content=\"summary_large_image\" \/>\n<meta name=\"twitter:label1\" content=\"Tiempo de lectura\" \/>\n\t<meta name=\"twitter:data1\" content=\"2 minutos\" \/>\n<script type=\"application\/ld+json\" class=\"yoast-schema-graph\">{\"@context\":\"https:\/\/schema.org\",\"@graph\":[{\"@type\":\"WebPage\",\"@id\":\"https:\/\/www.embarro.com\/es\/embarro-blog\/\",\"url\":\"https:\/\/www.embarro.com\/es\/embarro-blog\/\",\"name\":\"EMBARRO blog - EMBARRO\",\"isPartOf\":{\"@id\":\"https:\/\/www.embarro.com\/#website\"},\"datePublished\":\"2024-02-08T16:20:07+00:00\",\"dateModified\":\"2024-02-15T19:45:38+00:00\",\"description\":\"Con nuestro blog EMBARRO queremos contribuir a la transparencia y la ecolog\u00eda en temas controvertidos de construcci\u00f3n ecol\u00f3gica\",\"breadcrumb\":{\"@id\":\"https:\/\/www.embarro.com\/es\/embarro-blog\/#breadcrumb\"},\"inLanguage\":\"es\",\"potentialAction\":[{\"@type\":\"ReadAction\",\"target\":[\"https:\/\/www.embarro.com\/es\/embarro-blog\/\"]}]},{\"@type\":\"BreadcrumbList\",\"@id\":\"https:\/\/www.embarro.com\/es\/embarro-blog\/#breadcrumb\",\"itemListElement\":[{\"@type\":\"ListItem\",\"position\":1,\"name\":\"In\u00edcio\",\"item\":\"https:\/\/www.embarro.com\/\"},{\"@type\":\"ListItem\",\"position\":2,\"name\":\"EMBARRO blog\"}]},{\"@type\":\"WebSite\",\"@id\":\"https:\/\/www.embarro.com\/#website\",\"url\":\"https:\/\/www.embarro.com\/\",\"name\":\"EMBARRO\",\"description\":\"H\u00e1 30 anos a transformar casas em Portugal e Espanha com os melhores revestimentos naturais de argila e cal. Ajudamos a encontrar a solu\u00e7\u00e3o ideal para a sua casa.\",\"publisher\":{\"@id\":\"https:\/\/www.embarro.com\/#organization\"},\"potentialAction\":[{\"@type\":\"SearchAction\",\"target\":{\"@type\":\"EntryPoint\",\"urlTemplate\":\"https:\/\/www.embarro.com\/?s={search_term_string}\"},\"query-input\":\"required name=search_term_string\"}],\"inLanguage\":\"es\"},{\"@type\":\"Organization\",\"@id\":\"https:\/\/www.embarro.com\/#organization\",\"name\":\"EMBARRO\",\"url\":\"https:\/\/www.embarro.com\/\",\"logo\":{\"@type\":\"ImageObject\",\"inLanguage\":\"es\",\"@id\":\"https:\/\/www.embarro.com\/#\/schema\/logo\/image\/\",\"url\":\"https:\/\/www.embarro.com\/wp-content\/uploads\/54784a80.jpg\",\"contentUrl\":\"https:\/\/www.embarro.com\/wp-content\/uploads\/54784a80.jpg\",\"width\":1500,\"height\":1500,\"caption\":\"EMBARRO\"},\"image\":{\"@id\":\"https:\/\/www.embarro.com\/#\/schema\/logo\/image\/\"},\"sameAs\":[\"https:\/\/www.facebook.com\/vimaplasnature\/\",\"https:\/\/www.instagram.com\/vimaplas_nature_blocan\/\",\"https:\/\/www.linkedin.com\/company\/vimaplasnature\/?viewAsMember=true\"]}]}<\/script>\n<!-- \/ Yoast SEO plugin. -->","yoast_head_json":{"title":"EMBARRO blog - EMBARRO","description":"Con nuestro blog EMBARRO queremos contribuir a la transparencia y la ecolog\u00eda en temas controvertidos de construcci\u00f3n ecol\u00f3gica","robots":{"index":"index","follow":"follow","max-snippet":"max-snippet:-1","max-image-preview":"max-image-preview:large","max-video-preview":"max-video-preview:-1"},"canonical":"https:\/\/www.embarro.com\/es\/embarro-blog\/","og_locale":"es_ES","og_type":"article","og_title":"EMBARRO blog - EMBARRO","og_description":"Con nuestro blog EMBARRO queremos contribuir a la transparencia y la ecolog\u00eda en temas controvertidos de construcci\u00f3n ecol\u00f3gica","og_url":"https:\/\/www.embarro.com\/es\/embarro-blog\/","og_site_name":"EMBARRO","article_publisher":"https:\/\/www.facebook.com\/vimaplasnature\/","article_modified_time":"2024-02-15T19:45:38+00:00","og_image":[{"width":1500,"height":1500,"url":"https:\/\/www.embarro.com\/wp-content\/uploads\/54784a80.jpg","type":"image\/jpeg"}],"twitter_card":"summary_large_image","twitter_misc":{"Tiempo de lectura":"2 minutos"},"schema":{"@context":"https:\/\/schema.org","@graph":[{"@type":"WebPage","@id":"https:\/\/www.embarro.com\/es\/embarro-blog\/","url":"https:\/\/www.embarro.com\/es\/embarro-blog\/","name":"EMBARRO blog - EMBARRO","isPartOf":{"@id":"https:\/\/www.embarro.com\/#website"},"datePublished":"2024-02-08T16:20:07+00:00","dateModified":"2024-02-15T19:45:38+00:00","description":"Con nuestro blog EMBARRO queremos contribuir a la transparencia y la ecolog\u00eda en temas controvertidos de construcci\u00f3n ecol\u00f3gica","breadcrumb":{"@id":"https:\/\/www.embarro.com\/es\/embarro-blog\/#breadcrumb"},"inLanguage":"es","potentialAction":[{"@type":"ReadAction","target":["https:\/\/www.embarro.com\/es\/embarro-blog\/"]}]},{"@type":"BreadcrumbList","@id":"https:\/\/www.embarro.com\/es\/embarro-blog\/#breadcrumb","itemListElement":[{"@type":"ListItem","position":1,"name":"In\u00edcio","item":"https:\/\/www.embarro.com\/"},{"@type":"ListItem","position":2,"name":"EMBARRO blog"}]},{"@type":"WebSite","@id":"https:\/\/www.embarro.com\/#website","url":"https:\/\/www.embarro.com\/","name":"EMBARRO","description":"H\u00e1 30 anos a transformar casas em Portugal e Espanha com os melhores revestimentos naturais de argila e cal. Ajudamos a encontrar a solu\u00e7\u00e3o ideal para a sua casa.","publisher":{"@id":"https:\/\/www.embarro.com\/#organization"},"potentialAction":[{"@type":"SearchAction","target":{"@type":"EntryPoint","urlTemplate":"https:\/\/www.embarro.com\/?s={search_term_string}"},"query-input":"required name=search_term_string"}],"inLanguage":"es"},{"@type":"Organization","@id":"https:\/\/www.embarro.com\/#organization","name":"EMBARRO","url":"https:\/\/www.embarro.com\/","logo":{"@type":"ImageObject","inLanguage":"es","@id":"https:\/\/www.embarro.com\/#\/schema\/logo\/image\/","url":"https:\/\/www.embarro.com\/wp-content\/uploads\/54784a80.jpg","contentUrl":"https:\/\/www.embarro.com\/wp-content\/uploads\/54784a80.jpg","width":1500,"height":1500,"caption":"EMBARRO"},"image":{"@id":"https:\/\/www.embarro.com\/#\/schema\/logo\/image\/"},"sameAs":["https:\/\/www.facebook.com\/vimaplasnature\/","https:\/\/www.instagram.com\/vimaplas_nature_blocan\/","https:\/\/www.linkedin.com\/company\/vimaplasnature\/?viewAsMember=true"]}]}},"_links":{"self":[{"href":"https:\/\/www.embarro.com\/es\/wp-json\/wp\/v2\/pages\/14337"}],"collection":[{"href":"https:\/\/www.embarro.com\/es\/wp-json\/wp\/v2\/pages"}],"about":[{"href":"https:\/\/www.embarro.com\/es\/wp-json\/wp\/v2\/types\/page"}],"author":[{"embeddable":true,"href":"https:\/\/www.embarro.com\/es\/wp-json\/wp\/v2\/users\/2"}],"replies":[{"embeddable":true,"href":"https:\/\/www.embarro.com\/es\/wp-json\/wp\/v2\/comments?post=14337"}],"version-history":[{"count":5,"href":"https:\/\/www.embarro.com\/es\/wp-json\/wp\/v2\/pages\/14337\/revisions"}],"predecessor-version":[{"id":15708,"href":"https:\/\/www.embarro.com\/es\/wp-json\/wp\/v2\/pages\/14337\/revisions\/15708"}],"wp:attachment":[{"href":"https:\/\/www.embarro.com\/es\/wp-json\/wp\/v2\/media?parent=14337"}],"curies":[{"name":"wp","href":"https:\/\/api.w.org\/{rel}","templated":true}]}}