{"id":14335,"date":"2024-02-08T16:13:28","date_gmt":"2024-02-08T16:13:28","guid":{"rendered":"https:\/\/www.embarro.com\/?page_id=14335"},"modified":"2025-06-06T17:42:17","modified_gmt":"2025-06-06T17:42:17","slug":"novedades-claytec","status":"publish","type":"page","link":"https:\/\/www.embarro.com\/es\/novedades-claytec\/","title":{"rendered":"CLAYTEC"},"content":{"rendered":"<h4>Novedades\u00a0<span style=\"color: #800000;\">CLAYTEC<\/span>: Innovaci\u00f3n para una construcci\u00f3n sostenible<\/h4>\n<p>&nbsp;<\/p>\n<h4><span style=\"color: #993300;\">La nueva placa de arcilla ClayTec D22 solar<\/span><\/h4>\n<p>2024-08-06<\/p>\n<p><a href=\"https:\/\/www.embarro.com\/wp-content\/uploads\/09.100_Lehmbauplatte-D22-solar_Material_1200px.png\"><img fetchpriority=\"high\" decoding=\"async\" class=\" wp-image-16250 alignright\" src=\"https:\/\/www.embarro.com\/wp-content\/uploads\/09.100_Lehmbauplatte-D22-solar_Material_1200px-300x300.png\" alt=\"\" width=\"333\" height=\"333\" srcset=\"https:\/\/www.embarro.com\/wp-content\/uploads\/09.100_Lehmbauplatte-D22-solar_Material_1200px-300x300.png 300w, https:\/\/www.embarro.com\/wp-content\/uploads\/09.100_Lehmbauplatte-D22-solar_Material_1200px-1024x1024.png 1024w, https:\/\/www.embarro.com\/wp-content\/uploads\/09.100_Lehmbauplatte-D22-solar_Material_1200px-150x150.png 150w, https:\/\/www.embarro.com\/wp-content\/uploads\/09.100_Lehmbauplatte-D22-solar_Material_1200px-768x768.png 768w, https:\/\/www.embarro.com\/wp-content\/uploads\/09.100_Lehmbauplatte-D22-solar_Material_1200px-146x146.png 146w, https:\/\/www.embarro.com\/wp-content\/uploads\/09.100_Lehmbauplatte-D22-solar_Material_1200px-50x50.png 50w, https:\/\/www.embarro.com\/wp-content\/uploads\/09.100_Lehmbauplatte-D22-solar_Material_1200px-75x75.png 75w, https:\/\/www.embarro.com\/wp-content\/uploads\/09.100_Lehmbauplatte-D22-solar_Material_1200px-85x85.png 85w, https:\/\/www.embarro.com\/wp-content\/uploads\/09.100_Lehmbauplatte-D22-solar_Material_1200px-80x80.png 80w, https:\/\/www.embarro.com\/wp-content\/uploads\/09.100_Lehmbauplatte-D22-solar_Material_1200px.png 1200w\" sizes=\"(max-width: 333px) 100vw, 333px\" \/><\/a><\/p>\n<p><strong>La placa de arcilla ClayTec D22 Solar<\/strong> se fabrica de forma 100 % neutra en emisiones de CO\u2082 y se seca con moderna tecnolog\u00eda solar. Para la construcci\u00f3n en seco, esta placa, hecha de arcilla y fibras de miscanthus, se utiliza para revestir subestructuras de madera y metal en paredes interiores, revestimientos, techos y superficies de tejado. La ClayTec D22 Solar es una placa de construcci\u00f3n en seco y un enlucido de arcilla en un solo producto. Con una densidad aparente de 900 kg\/m\u00b3, ofrece una masa arcillosa y es f\u00e1cil de trabajar. El mortero adhesivo de arcilla ClayTec es adecuado para la capa de refuerzo de todas las placas de construcci\u00f3n en seco.<br \/>\nCon capa de refuerzo, sirve como soporte ideal para el acabado de arcilla YOSIMA, el enlucido fino de arcilla ClayTec 06 y la pintura de arcilla ClayFix.<\/p>\n<p><strong>Composici\u00f3n<\/strong><br \/>\n&#8211; Arcilla, fibras de miscanthus, almid\u00f3n (aprox. 0,2 %), papel (reverso por una cara).<\/p>\n<p><strong>Dimensiones y pesos<\/strong><br \/>\n&#8211; Espesor: aprox. 22 mm; longitud: 1.250 mm; ancho: 625 mm.<br \/>\n&#8211; Superficie por panel: aprox. 0,78 m\u00b2.<br \/>\n&#8211; Peso: aprox. 15,5 kg\/panel = aprox. 19,8 kg\/m\u00b2.<\/p>\n<p><strong>Producci\u00f3n<\/strong><br \/>\nProceso de preparaci\u00f3n y moldeado con electricidad verde; secado exclusivamente con energ\u00eda solar.<\/p>\n<p>&nbsp;<\/p>\n<h4><span style=\"color: #800000;\">El nuevo mortero de capa fina ClAYTEC permite reutilizar la mamposter\u00eda<\/span><\/h4>\n<p>2024-01-07<a href=\"https:\/\/www.embarro.com\/wp-content\/uploads\/duennbett_auf_porenbeton_3.jpg\"><img decoding=\"async\" class=\"size-medium wp-image-14299 alignright\" src=\"https:\/\/www.embarro.com\/wp-content\/uploads\/duennbett_auf_porenbeton_3-300x300.jpg\" alt=\"\" width=\"300\" height=\"300\" srcset=\"https:\/\/www.embarro.com\/wp-content\/uploads\/duennbett_auf_porenbeton_3-300x300.jpg 300w, https:\/\/www.embarro.com\/wp-content\/uploads\/duennbett_auf_porenbeton_3-150x150.jpg 150w, https:\/\/www.embarro.com\/wp-content\/uploads\/duennbett_auf_porenbeton_3-768x771.jpg 768w, https:\/\/www.embarro.com\/wp-content\/uploads\/duennbett_auf_porenbeton_3-145x146.jpg 145w, https:\/\/www.embarro.com\/wp-content\/uploads\/duennbett_auf_porenbeton_3-50x50.jpg 50w, https:\/\/www.embarro.com\/wp-content\/uploads\/duennbett_auf_porenbeton_3-75x75.jpg 75w, https:\/\/www.embarro.com\/wp-content\/uploads\/duennbett_auf_porenbeton_3-85x85.jpg 85w, https:\/\/www.embarro.com\/wp-content\/uploads\/duennbett_auf_porenbeton_3-80x80.jpg 80w, https:\/\/www.embarro.com\/wp-content\/uploads\/duennbett_auf_porenbeton_3.jpg 820w\" sizes=\"(max-width: 300px) 100vw, 300px\" \/><\/a><\/p>\n<p>S\u00f3lo los morteros reversibles permiten la reutilizaci\u00f3n completa de la mamposter\u00eda. El nuevo <strong>mortero de capa fina de arcilla de CLAYTEC<\/strong>\u00a0es completamente soluble en agua y cumple todos los requisitos para muros interiores no portantes. Adem\u00e1s, est\u00e1 en proceso de aprobaci\u00f3n para su uso en muros de carga.<\/p>\n<p>Lo particular de esta innovaci\u00f3n: ClayTec no s\u00f3lo ha dise\u00f1ado este mortero de altas prestaciones para su aplicaci\u00f3n en la construcci\u00f3n sostenible con bloques de arcilla, sino que tambi\u00e9n es adecuado para ladrillos, bloques de hormig\u00f3n celular y otros bloques planos, habiendo patentado esta tecnolog\u00eda. Esto lo convierte en una alternativa respetuosa con el medio ambiente.<br \/>\nA diferencia de los morteros convencionales a base de cemento y cal hidr\u00e1ulica, que no son solubles en agua, no son reversibles y cuya producci\u00f3n emite considerablemente m\u00e1s CO\u2082.<\/p>\n<p><strong>En una primera fase<\/strong>, este mortero puede utilizarse en mamposter\u00eda no portante sin requisitos de protecci\u00f3n contra incendios. En un futuro pr\u00f3ximo, estar\u00e1n disponibles nuevos \u00e1mbitos de aplicaci\u00f3n. Con este objetivo, el producto m\u00e1s reciente de ClayTec se encuentra actualmente en exhaustivos procedimientos de ensayo y certificaci\u00f3n.<\/p>\n<p><strong><a href=\"https:\/\/www.embarro.com\/wp-content\/uploads\/proton_mauerwerk_2.jpg\"><img decoding=\"async\" class=\"alignleft wp-image-14303\" src=\"https:\/\/www.embarro.com\/wp-content\/uploads\/proton_mauerwerk_2-300x200.jpg\" alt=\"\" width=\"410\" height=\"273\" srcset=\"https:\/\/www.embarro.com\/wp-content\/uploads\/proton_mauerwerk_2-300x200.jpg 300w, https:\/\/www.embarro.com\/wp-content\/uploads\/proton_mauerwerk_2-1024x683.jpg 1024w, https:\/\/www.embarro.com\/wp-content\/uploads\/proton_mauerwerk_2-768x512.jpg 768w, https:\/\/www.embarro.com\/wp-content\/uploads\/proton_mauerwerk_2-219x146.jpg 219w, https:\/\/www.embarro.com\/wp-content\/uploads\/proton_mauerwerk_2-50x33.jpg 50w, https:\/\/www.embarro.com\/wp-content\/uploads\/proton_mauerwerk_2-112x75.jpg 112w, https:\/\/www.embarro.com\/wp-content\/uploads\/proton_mauerwerk_2.jpg 1234w\" sizes=\"(max-width: 410px) 100vw, 410px\" \/><\/a><\/strong><\/p>\n<h4>Reutilizar en lugar de reciclar<\/h4>\n<p>El <a href=\"https:\/\/claytec.de\/en\/highlights\/clay-thin-bed-mortar\/\">mortero de capa fina de arcilla<\/a> puede resolver uno de los problemas m\u00e1s acuciantes del reciclaje de materiales de construcci\u00f3n. Esto se debe a que los morteros tradicionales dificultan la reutilizaci\u00f3n de los elementos de alba\u00f1iler\u00eda, ya que no pueden volver a separarse tras su aplicaci\u00f3n.<\/p>\n<p>En cambio, el innovador mortero de capa fina de arcilla ClayTec permite un desmontaje eficaz y una reutilizaci\u00f3n 1:1 de los materiales, gracias a su solubilidad en agua.<\/p>\n<p>Adem\u00e1s del mortero de alba\u00f1iler\u00eda de arcilla soluble en agua, el enlucido interior tambi\u00e9n desempe\u00f1a un papel esencial en la reutilizaci\u00f3n de los ladrillos de mamposter\u00eda. Con los revoques de arcilla ClayTec, ensayados conforme a la norma DIN 18947, ya ofrecemos soluciones respetuosas con el medio ambiente tambi\u00e9n en este \u00e1mbito.<br \/>\nSu utilizaci\u00f3n reduce significativamente el Potencial de Calentamiento Global (PCG) de las paredes de ladrillo y otras superficies de mamposter\u00eda. ClayTec tambi\u00e9n desarrolla de forma continua nuevos materiales de construcci\u00f3n sostenibles, con el objetivo de impulsar la sostenibilidad y la innovaci\u00f3n en el sector de la construcci\u00f3n.<\/p>\n","protected":false},"excerpt":{"rendered":"<p>Novedades\u00a0CLAYTEC: Innovaci\u00f3n para una construcci\u00f3n sostenible &nbsp; La nueva placa de arcilla ClayTec D22 solar 2024-08-06 La placa de arcilla ClayTec D22 Solar se fabrica de<span class=\"excerpt-hellip\"> [\u2026]<\/span><\/p>\n","protected":false},"author":2,"featured_media":0,"parent":0,"menu_order":0,"comment_status":"closed","ping_status":"closed","template":"","meta":[],"yoast_head":"<!-- This site is optimized with the Yoast SEO plugin v20.1 - https:\/\/yoast.com\/wordpress\/plugins\/seo\/ -->\n<title>Novedades CLAYTEC - EMBARRO<\/title>\n<meta name=\"description\" content=\"Novedades CLAYTEC: mortero de capa fina de arcilla para ladrillos, hormig\u00f3n celular y otros bloques, planos reutilizables.\" \/>\n<meta name=\"robots\" content=\"index, follow, max-snippet:-1, max-image-preview:large, max-video-preview:-1\" \/>\n<link rel=\"canonical\" href=\"https:\/\/www.embarro.com\/es\/novedades-claytec\/\" \/>\n<meta property=\"og:locale\" content=\"es_ES\" \/>\n<meta property=\"og:type\" content=\"article\" \/>\n<meta property=\"og:title\" content=\"Novedades CLAYTEC - EMBARRO\" \/>\n<meta property=\"og:description\" content=\"Novedades CLAYTEC: mortero de capa fina de arcilla para ladrillos, hormig\u00f3n celular y otros bloques, planos reutilizables.\" \/>\n<meta property=\"og:url\" content=\"https:\/\/www.embarro.com\/es\/novedades-claytec\/\" \/>\n<meta property=\"og:site_name\" content=\"EMBARRO\" \/>\n<meta property=\"article:publisher\" content=\"https:\/\/www.facebook.com\/vimaplasnature\/\" \/>\n<meta property=\"article:modified_time\" content=\"2025-06-06T17:42:17+00:00\" \/>\n<meta property=\"og:image\" content=\"https:\/\/www.embarro.com\/wp-content\/uploads\/09.100_Lehmbauplatte-D22-solar_Material_1200px-300x300.png\" \/>\n<meta name=\"twitter:card\" content=\"summary_large_image\" \/>\n<meta name=\"twitter:label1\" content=\"Tiempo de lectura\" \/>\n\t<meta name=\"twitter:data1\" content=\"4 minutos\" \/>\n<script type=\"application\/ld+json\" class=\"yoast-schema-graph\">{\"@context\":\"https:\/\/schema.org\",\"@graph\":[{\"@type\":\"WebPage\",\"@id\":\"https:\/\/www.embarro.com\/es\/novedades-claytec\/\",\"url\":\"https:\/\/www.embarro.com\/es\/novedades-claytec\/\",\"name\":\"Novedades CLAYTEC - EMBARRO\",\"isPartOf\":{\"@id\":\"https:\/\/www.embarro.com\/#website\"},\"datePublished\":\"2024-02-08T16:13:28+00:00\",\"dateModified\":\"2025-06-06T17:42:17+00:00\",\"description\":\"Novedades CLAYTEC: mortero de capa fina de arcilla para ladrillos, hormig\u00f3n celular y otros bloques, planos reutilizables.\",\"breadcrumb\":{\"@id\":\"https:\/\/www.embarro.com\/es\/novedades-claytec\/#breadcrumb\"},\"inLanguage\":\"es\",\"potentialAction\":[{\"@type\":\"ReadAction\",\"target\":[\"https:\/\/www.embarro.com\/es\/novedades-claytec\/\"]}]},{\"@type\":\"BreadcrumbList\",\"@id\":\"https:\/\/www.embarro.com\/es\/novedades-claytec\/#breadcrumb\",\"itemListElement\":[{\"@type\":\"ListItem\",\"position\":1,\"name\":\"In\u00edcio\",\"item\":\"https:\/\/www.embarro.com\/\"},{\"@type\":\"ListItem\",\"position\":2,\"name\":\"CLAYTEC\"}]},{\"@type\":\"WebSite\",\"@id\":\"https:\/\/www.embarro.com\/#website\",\"url\":\"https:\/\/www.embarro.com\/\",\"name\":\"EMBARRO\",\"description\":\"H\u00e1 30 anos a transformar casas em Portugal e Espanha com os melhores revestimentos naturais de argila e cal. Ajudamos a encontrar a solu\u00e7\u00e3o ideal para a sua casa.\",\"publisher\":{\"@id\":\"https:\/\/www.embarro.com\/#organization\"},\"potentialAction\":[{\"@type\":\"SearchAction\",\"target\":{\"@type\":\"EntryPoint\",\"urlTemplate\":\"https:\/\/www.embarro.com\/?s={search_term_string}\"},\"query-input\":\"required name=search_term_string\"}],\"inLanguage\":\"es\"},{\"@type\":\"Organization\",\"@id\":\"https:\/\/www.embarro.com\/#organization\",\"name\":\"EMBARRO\",\"url\":\"https:\/\/www.embarro.com\/\",\"logo\":{\"@type\":\"ImageObject\",\"inLanguage\":\"es\",\"@id\":\"https:\/\/www.embarro.com\/#\/schema\/logo\/image\/\",\"url\":\"https:\/\/www.embarro.com\/wp-content\/uploads\/54784a80.jpg\",\"contentUrl\":\"https:\/\/www.embarro.com\/wp-content\/uploads\/54784a80.jpg\",\"width\":1500,\"height\":1500,\"caption\":\"EMBARRO\"},\"image\":{\"@id\":\"https:\/\/www.embarro.com\/#\/schema\/logo\/image\/\"},\"sameAs\":[\"https:\/\/www.facebook.com\/vimaplasnature\/\",\"https:\/\/www.instagram.com\/vimaplas_nature_blocan\/\",\"https:\/\/www.linkedin.com\/company\/vimaplasnature\/?viewAsMember=true\"]}]}<\/script>\n<!-- \/ Yoast SEO plugin. -->","yoast_head_json":{"title":"Novedades CLAYTEC - EMBARRO","description":"Novedades CLAYTEC: mortero de capa fina de arcilla para ladrillos, hormig\u00f3n celular y otros bloques, planos reutilizables.","robots":{"index":"index","follow":"follow","max-snippet":"max-snippet:-1","max-image-preview":"max-image-preview:large","max-video-preview":"max-video-preview:-1"},"canonical":"https:\/\/www.embarro.com\/es\/novedades-claytec\/","og_locale":"es_ES","og_type":"article","og_title":"Novedades CLAYTEC - EMBARRO","og_description":"Novedades CLAYTEC: mortero de capa fina de arcilla para ladrillos, hormig\u00f3n celular y otros bloques, planos reutilizables.","og_url":"https:\/\/www.embarro.com\/es\/novedades-claytec\/","og_site_name":"EMBARRO","article_publisher":"https:\/\/www.facebook.com\/vimaplasnature\/","article_modified_time":"2025-06-06T17:42:17+00:00","og_image":[{"url":"https:\/\/www.embarro.com\/wp-content\/uploads\/09.100_Lehmbauplatte-D22-solar_Material_1200px-300x300.png"}],"twitter_card":"summary_large_image","twitter_misc":{"Tiempo de lectura":"4 minutos"},"schema":{"@context":"https:\/\/schema.org","@graph":[{"@type":"WebPage","@id":"https:\/\/www.embarro.com\/es\/novedades-claytec\/","url":"https:\/\/www.embarro.com\/es\/novedades-claytec\/","name":"Novedades CLAYTEC - EMBARRO","isPartOf":{"@id":"https:\/\/www.embarro.com\/#website"},"datePublished":"2024-02-08T16:13:28+00:00","dateModified":"2025-06-06T17:42:17+00:00","description":"Novedades CLAYTEC: mortero de capa fina de arcilla para ladrillos, hormig\u00f3n celular y otros bloques, planos reutilizables.","breadcrumb":{"@id":"https:\/\/www.embarro.com\/es\/novedades-claytec\/#breadcrumb"},"inLanguage":"es","potentialAction":[{"@type":"ReadAction","target":["https:\/\/www.embarro.com\/es\/novedades-claytec\/"]}]},{"@type":"BreadcrumbList","@id":"https:\/\/www.embarro.com\/es\/novedades-claytec\/#breadcrumb","itemListElement":[{"@type":"ListItem","position":1,"name":"In\u00edcio","item":"https:\/\/www.embarro.com\/"},{"@type":"ListItem","position":2,"name":"CLAYTEC"}]},{"@type":"WebSite","@id":"https:\/\/www.embarro.com\/#website","url":"https:\/\/www.embarro.com\/","name":"EMBARRO","description":"H\u00e1 30 anos a transformar casas em Portugal e Espanha com os melhores revestimentos naturais de argila e cal. Ajudamos a encontrar a solu\u00e7\u00e3o ideal para a sua casa.","publisher":{"@id":"https:\/\/www.embarro.com\/#organization"},"potentialAction":[{"@type":"SearchAction","target":{"@type":"EntryPoint","urlTemplate":"https:\/\/www.embarro.com\/?s={search_term_string}"},"query-input":"required name=search_term_string"}],"inLanguage":"es"},{"@type":"Organization","@id":"https:\/\/www.embarro.com\/#organization","name":"EMBARRO","url":"https:\/\/www.embarro.com\/","logo":{"@type":"ImageObject","inLanguage":"es","@id":"https:\/\/www.embarro.com\/#\/schema\/logo\/image\/","url":"https:\/\/www.embarro.com\/wp-content\/uploads\/54784a80.jpg","contentUrl":"https:\/\/www.embarro.com\/wp-content\/uploads\/54784a80.jpg","width":1500,"height":1500,"caption":"EMBARRO"},"image":{"@id":"https:\/\/www.embarro.com\/#\/schema\/logo\/image\/"},"sameAs":["https:\/\/www.facebook.com\/vimaplasnature\/","https:\/\/www.instagram.com\/vimaplas_nature_blocan\/","https:\/\/www.linkedin.com\/company\/vimaplasnature\/?viewAsMember=true"]}]}},"_links":{"self":[{"href":"https:\/\/www.embarro.com\/es\/wp-json\/wp\/v2\/pages\/14335"}],"collection":[{"href":"https:\/\/www.embarro.com\/es\/wp-json\/wp\/v2\/pages"}],"about":[{"href":"https:\/\/www.embarro.com\/es\/wp-json\/wp\/v2\/types\/page"}],"author":[{"embeddable":true,"href":"https:\/\/www.embarro.com\/es\/wp-json\/wp\/v2\/users\/2"}],"replies":[{"embeddable":true,"href":"https:\/\/www.embarro.com\/es\/wp-json\/wp\/v2\/comments?post=14335"}],"version-history":[{"count":7,"href":"https:\/\/www.embarro.com\/es\/wp-json\/wp\/v2\/pages\/14335\/revisions"}],"predecessor-version":[{"id":16522,"href":"https:\/\/www.embarro.com\/es\/wp-json\/wp\/v2\/pages\/14335\/revisions\/16522"}],"wp:attachment":[{"href":"https:\/\/www.embarro.com\/es\/wp-json\/wp\/v2\/media?parent=14335"}],"curies":[{"name":"wp","href":"https:\/\/api.w.org\/{rel}","templated":true}]}}