{"id":1359,"date":"2014-05-18T15:24:52","date_gmt":"2014-05-18T15:24:52","guid":{"rendered":"http:\/\/www.embarro.com\/?page_id=1359"},"modified":"2025-06-06T16:37:47","modified_gmt":"2025-06-06T16:37:47","slug":"enlucidos-de-arcilla-claytec","status":"publish","type":"page","link":"https:\/\/www.embarro.com\/es\/morteros-de-arcilla-claytec\/enlucidos-de-arcilla-claytec\/","title":{"rendered":"Enlucidos de arcilla CLAYTEC"},"content":{"rendered":"<h4>Versatilidad en los revocos a base de arcilla<\/h4>\n<p><strong>El revoco de arcilla<\/strong> \u2014 tambi\u00e9n conocido como revoco de tierra o de barro \u2014 puede utilizarse como una alternativa a los revocos convencionales, aplic\u00e1ndose en una o varias capas de espesor. Tambi\u00e9n es adecuado para acabados decorativos de superficie con solo unos pocos mil\u00edmetros.<\/p>\n<p>La arcilla es un revestimiento ideal para generar una sensaci\u00f3n de confort y bienestar, adem\u00e1s de <strong>mejorar notablemente la calidad del aire interior<\/strong>, especialmente en lo que respecta a los problemas comunes de humedad.<\/p>\n<p>Actualmente, los revocos de arcilla est\u00e1n normalizados y reconocidos por la normativa europea DIN 18947 (AENOR), lo que garantiza su calidad y fiabilidad en aplicaciones profesionales.<\/p>\n<p>&nbsp;<\/p>\n<p>&nbsp;<\/p>\n<div id=\"attachment_13768\" style=\"width: 278px\" class=\"wp-caption alignleft\"><a href=\"https:\/\/www.embarro.com\/wp-content\/uploads\/\/sala-225x300.jpg\"><img aria-describedby=\"caption-attachment-13768\" fetchpriority=\"high\" decoding=\"async\" class=\" wp-image-13768\" src=\"https:\/\/www.embarro.com\/wp-content\/uploads\/\/sala-225x300.jpg\" alt=\"YOSIMA\" width=\"268\" height=\"358\" srcset=\"https:\/\/www.embarro.com\/wp-content\/uploads\/sala-225x300.jpg 225w, https:\/\/www.embarro.com\/wp-content\/uploads\/sala-768x1024.jpg 768w, https:\/\/www.embarro.com\/wp-content\/uploads\/sala-1152x1536.jpg 1152w, https:\/\/www.embarro.com\/wp-content\/uploads\/sala-1536x2048.jpg 1536w, https:\/\/www.embarro.com\/wp-content\/uploads\/sala-110x146.jpg 110w, https:\/\/www.embarro.com\/wp-content\/uploads\/sala-38x50.jpg 38w, https:\/\/www.embarro.com\/wp-content\/uploads\/sala-56x75.jpg 56w\" sizes=\"(max-width: 268px) 100vw, 268px\" \/><\/a><p id=\"caption-attachment-13768\" class=\"wp-caption-text\">Revoco decorativo YOSIMA de CLAYTEC. Paredes en color gris, techos en blanco. embarro@work<\/p><\/div>\n<h4>Design con arcilla CLAYTEC<\/h4>\n<p>Desde que el arquitecto Peter Zumthor utiliz\u00f3 el acabado de arcilla YOSIMA de CLAYTEC para revestir por completo el interior del Museo Kolumba, los revocos de arcilla han sido reconocidos como elementos de dise\u00f1o en la <strong>arquitectura contempor\u00e1nea.<\/strong><\/p>\n<p><a href=\"https:\/\/www.embarro.com\/wp-content\/uploads\/Brochure_YOSIMA_en-1.pdf\" target=\"_blank\" rel=\"noopener\">Cat\u00e1logo YOSIMA<\/a> &#8230; con LA selecci\u00f3n de LAS 146 tonalidades premezcladas.<\/p>\n<p>En t\u00e9rminos de <strong>calidad est\u00e9tica<\/strong>, la caracter\u00edstica m\u00e1s destacada de las superficies a base de revoco de arcilla es su relaci\u00f3n con la luz. Ya sea natural o artificial, la luz es absorbida y reflejada suavemente por la arcilla \u2014 no se dispersa como ocurre con pinturas sint\u00e9ticas u otras superficies artificiales. Gracias a su textura viva y ligeramente mate, en tonos c\u00e1lidos y naturales, los acabados en arcilla realzan el atractivo visual de cualquier espacio. El sutil juego de colores de la arcilla pura confiere a las superficies un car\u00e1cter natural y aut\u00e9ntico.<\/p>\n<p><strong>Hoy en d\u00eda, nuestro alto est\u00e1ndar de calidad<\/strong> permite aplicar superficies de arcilla incluso en zonas de alto tr\u00e1nsito \u2014 como tiendas, hoteles o restaurantes \u2014 sin alterar sus propiedades naturales y sin necesidad de aditivos ni fijadores. Para quienes buscan superficies aut\u00e9nticas, con un \u201c<strong>efecto inmediato de bienestar<\/strong>\u201d, YOSIMA es la soluci\u00f3n perfecta para lograr mucho con muy poco.<\/p>\n<p>&nbsp;<\/p>\n<p>&nbsp;<\/p>\n<p>&nbsp;<\/p>\n<div id=\"attachment_13743\" style=\"width: 240px\" class=\"wp-caption alignright\"><a href=\"https:\/\/www.embarro.com\/wp-content\/uploads\/\/staircase-225x300.jpg\"><img aria-describedby=\"caption-attachment-13743\" decoding=\"async\" class=\"wp-image-13743 \" src=\"https:\/\/www.embarro.com\/wp-content\/uploads\/\/staircase-225x300.jpg\" alt=\"clay finish\" width=\"230\" height=\"307\" srcset=\"https:\/\/www.embarro.com\/wp-content\/uploads\/staircase-225x300.jpg 225w, https:\/\/www.embarro.com\/wp-content\/uploads\/staircase-768x1024.jpg 768w, https:\/\/www.embarro.com\/wp-content\/uploads\/staircase-1152x1536.jpg 1152w, https:\/\/www.embarro.com\/wp-content\/uploads\/staircase-1536x2048.jpg 1536w, https:\/\/www.embarro.com\/wp-content\/uploads\/staircase-110x146.jpg 110w, https:\/\/www.embarro.com\/wp-content\/uploads\/staircase-38x50.jpg 38w, https:\/\/www.embarro.com\/wp-content\/uploads\/staircase-56x75.jpg 56w\" sizes=\"(max-width: 230px) 100vw, 230px\" \/><\/a><p id=\"caption-attachment-13743\" class=\"wp-caption-text\">Revoco decorativo YOSIMA de CLAYTEC en blanco. embarro@work<\/p><\/div>\n<h4>La influencia del revoco de arcilla en la calidad del aire \u2014 natural y comprobada<\/h4>\n<p>No es casualidad que el r<strong>evoco de arcilla<\/strong> tenga una presencia cada vez mayor en la <strong>construcci\u00f3n sostenible<\/strong> y el <strong>dise\u00f1o de interiores<\/strong>. Su capacidad para regular la humedad ambiental y neutralizar olores contribuye significativamente a crear un entorno interior m\u00e1s saludable y confortable.<\/p>\n<p>Desde 2013, los revocos de arcilla est\u00e1n oficialmente normalizados en Europa mediante la norma DIN 18947, que establece estrictos criterios de calidad. Esta normativa permite comparar distintos productos de manera objetiva y otorga al revoco de arcilla el reconocimiento como material de construcci\u00f3n v\u00e1lido para la edificaci\u00f3n profesional.<\/p>\n<p>La norma define requisitos t\u00e9cnicos clave como la plasticidad, el comportamiento frente al fuego, la resistencia a la compresi\u00f3n y la resistencia a la abrasi\u00f3n \u2014 par\u00e1metros esenciales para garantizar su correcta aplicaci\u00f3n, durabilidad y aceptaci\u00f3n en proyectos exigentes de arquitectura y construcci\u00f3n.<\/p>\n<p>&nbsp;<\/p>\n<p>&nbsp;<\/p>\n<p>&nbsp;<\/p>\n<p>&nbsp;<\/p>\n<div id=\"attachment_13778\" style=\"width: 189px\" class=\"wp-caption alignleft\"><a href=\"https:\/\/www.embarro.com\/wp-content\/uploads\/\/earth-cut-159x300.jpg\"><img aria-describedby=\"caption-attachment-13778\" decoding=\"async\" class=\"wp-image-13778 \" src=\"https:\/\/www.embarro.com\/wp-content\/uploads\/\/earth-cut-159x300.jpg\" alt=\"coloured clay plaster\" width=\"179\" height=\"338\" srcset=\"https:\/\/www.embarro.com\/wp-content\/uploads\/earth-cut-159x300.jpg 159w, https:\/\/www.embarro.com\/wp-content\/uploads\/earth-cut-542x1024.jpg 542w, https:\/\/www.embarro.com\/wp-content\/uploads\/earth-cut-768x1450.jpg 768w, https:\/\/www.embarro.com\/wp-content\/uploads\/earth-cut-814x1536.jpg 814w, https:\/\/www.embarro.com\/wp-content\/uploads\/earth-cut-1085x2048.jpg 1085w, https:\/\/www.embarro.com\/wp-content\/uploads\/earth-cut-77x146.jpg 77w, https:\/\/www.embarro.com\/wp-content\/uploads\/earth-cut-26x50.jpg 26w, https:\/\/www.embarro.com\/wp-content\/uploads\/earth-cut-40x75.jpg 40w, https:\/\/www.embarro.com\/wp-content\/uploads\/earth-cut.jpg 1633w\" sizes=\"(max-width: 179px) 100vw, 179px\" \/><\/a><p id=\"caption-attachment-13778\" class=\"wp-caption-text\">Revoco multicolor CLAYTEC. embarro@work<\/p><\/div>\n<h4>Sostenibilidad e innovaci\u00f3n con CLAYTEC<\/h4>\n<p><strong>La historia de CLAYTEC comenz\u00f3 en 1978<\/strong>, en Alemania, como una de las empresas pioneras en el uso de <strong>materiales de construcci\u00f3n a base de tierra<\/strong>. Desde entonces, la marca se ha convertido en sin\u00f3nimo de innovaci\u00f3n, siendo responsable del desarrollo de soluciones como las placas de arcilla y los acabados coloreados YOSIMA, hoy ampliamente reconocidos en el dise\u00f1o de interiores y la construcci\u00f3n ecol\u00f3gica.<\/p>\n<p>La gama de productos CLAYTEC cubre todas las necesidades de la construcci\u00f3n contempor\u00e1nea con tierra, desde el aislamiento hasta el acabado final, con soluciones naturales, eficaces y est\u00e9ticamente inspiradoras.<\/p>\n<p>El siguiente enlace ofrece una visi\u00f3n general de los productos CLAYTEC en ingl\u00e9s: <a href=\"https:\/\/www.embarro.com\/wp-content\/uploads\/FO-Image-3.pdf\" target=\"_blank\" rel=\"noopener\">CLAYTEC overview<\/a><\/p>\n<p>Aqu\u00ed encontrar\u00e1 un cat\u00e1logo de todos los productos CLAYTEC disponibles en ingl\u00e9s: <a href=\"https:\/\/www.embarro.com\/wp-content\/uploads\/Produktkatalog_11-2020_EN_web-1.pdf\" target=\"_blank\" rel=\"noopener\">CLAYTEC products<\/a><\/p>\n<p>&nbsp;<\/p>\n<p>&nbsp;<\/p>\n<p>&nbsp;<\/p>\n<p>&nbsp;<\/p>\n<h4><\/h4>\n<p>&nbsp;<\/p>\n<h4>Documentaci\u00f3n t\u00e9cnica de CLAYTEC<\/h4>\n<p>Para obtener informaci\u00f3n m\u00e1s detallada, a continuaci\u00f3n encontrar\u00e1 las principales fichas t\u00e9cnicas de los productos CLAYTEC, incluyendo caracter\u00edsticas, aplicaciones y recomendaciones de uso.<\/p>\n<ul>\n<li><a href=\"https:\/\/www.embarro.com\/wp-content\/uploads\/PT-2021-02-argila-base.pdf\">Revoco Base de Arcila 0-2mm\u00a0<\/a> &#8211; Ideal como capa inicial en sistemas de revestimiento con arcilla.<\/li>\n<li><a href=\"https:\/\/www.youtube.com\/watch?v=QE2XmQxrm5k\" target=\"_blank\" rel=\"noopener\">V\u00eddeo de aplicaci\u00f3n del revoco de arcila<\/a> &#8211; Un cl\u00e1sico \u00fatil y vigente, por embarro@work.<\/li>\n<li><a href=\"https:\/\/www.embarro.com\/wp-content\/uploads\/PT-2024-11-Mineral-20.pdf\">Revoco Base de Arcila Mineral 20<\/a> &#8211; Revoco sin paja, especialmente indicado para aplicaciones t\u00e9cnicas y limpias.<\/li>\n<li><a href=\"https:\/\/www.embarro.com\/wp-content\/uploads\/PT-2021-02-base-cores.pdf\">Revoco Base de Arcila en 6 Colores<\/a>\u00a0 &#8211; Disponible en 6 tonalidades naturales.<\/li>\n<li><a href=\"https:\/\/www.embarro.com\/wp-content\/uploads\/PT-2022-08-YOSIMA.pdf\" target=\"_blank\" rel=\"noopener\">Acabado decorativo YOSIMA Design Plaster<\/a> &#8211; Disponible en 146 colores YOSIMA + 6 aditivos especiales para personalizaci\u00f3n.<\/li>\n<li><a href=\"https:\/\/www.embarro.com\/wp-content\/uploads\/Care-YOSIMA-PT.pdf\" target=\"_blank\" rel=\"noopener\">Mantenimiento de acabados YOSIMA<\/a> &#8211; Instrucciones pr\u00e1cticas para la limpieza y reparaci\u00f3n de superficies acabadas con YOSIMA.<\/li>\n<li><a href=\"https:\/\/www.embarro.com\/wp-content\/uploads\/PT-2023-07-TINTA-DE-BARRO-CLAYFIX.pdf\" target=\"_blank\" rel=\"noopener\">Pintura de Arcilla CLAYFIX<\/a> &#8211; Disponible en las 146 tonalidades YOSIMA, ideal para unificar paredes nuevas o renovar superficies existentes.<\/li>\n<li><a href=\"https:\/\/www.embarro.com\/wp-content\/uploads\/PT-2021-02-D16-D22-Lemix.pdf\" target=\"_blank\" rel=\"noopener\">Placas de arcilla CLAYTEC 16+22mm<\/a> &#8211; Placas pesadas para la instalaci\u00f3n en paredes y techos.<\/li>\n<li><a href=\"https:\/\/www.embarro.com\/wp-content\/uploads\/PT-2021-02-Argamassa-adesiva.pdf\" target=\"_blank\" rel=\"noopener\">Mortero adhesivo de arcilla CLAYTEC<\/a> &#8211; Mortero especial para la fijaci\u00f3n de placas de arcilla CLAYTEC.<\/li>\n<li><a href=\"https:\/\/www.embarro.com\/wp-content\/uploads\/PB_Grundierungen_5-2018_RZ_EN.pdf\" target=\"_blank\" rel=\"noopener\">Imprimaciones CLAYTEC<\/a> &#8211; Disponibles en distintas granulometr\u00edas: fina, media y gruesa, para garantizar una buena adherencia.<\/li>\n<li><a href=\"https:\/\/www.embarro.com\/wp-content\/uploads\/PT-2024-01-PRIMARIO-DE-CASEINA.pdf\">Imprimaci\u00f3n de Case\u00edna<\/a> &#8211; Fijador transparente e incoloro, ideal como capa base para acabados de arcilla.<\/li>\n<\/ul>\n<p>Para encontrar la mejor soluci\u00f3n para su proyecto, no dude en ponerse en contacto con nosotros: <a href=\"mailto:info@vimaplasnature.pt\" target=\"_blank\" rel=\"noopener\">info@vimaplasnature.p<\/a><a href=\"mailto:info@vimaplasnature.pt\">t<\/a><\/p>\n<p>&nbsp;<\/p>\n","protected":false},"excerpt":{"rendered":"<p>Versatilidad en los revocos a base de arcilla El revoco de arcilla \u2014 tambi\u00e9n conocido como revoco de tierra o de barro \u2014 puede utilizarse como<span class=\"excerpt-hellip\"> [\u2026]<\/span><\/p>\n","protected":false},"author":2,"featured_media":16549,"parent":180,"menu_order":0,"comment_status":"closed","ping_status":"closed","template":"","meta":[],"yoast_head":"<!-- This site is optimized with the Yoast SEO plugin v20.1 - https:\/\/yoast.com\/wordpress\/plugins\/seo\/ -->\n<title>Enlucidos de arcilla ClayTec<\/title>\n<meta name=\"description\" content=\"Enlucidos naturales, ideales para interiores transpirables, ecol\u00f3gicos y de alta calidad en la construcci\u00f3n sostenible.\" \/>\n<meta name=\"robots\" content=\"index, follow, max-snippet:-1, max-image-preview:large, max-video-preview:-1\" \/>\n<link rel=\"canonical\" href=\"https:\/\/www.embarro.com\/es\/morteros-de-arcilla-claytec\/enlucidos-de-arcilla-claytec\/\" \/>\n<meta property=\"og:locale\" content=\"es_ES\" \/>\n<meta property=\"og:type\" content=\"article\" \/>\n<meta property=\"og:title\" content=\"Enlucidos de arcilla ClayTec\" \/>\n<meta property=\"og:description\" content=\"Enlucidos naturales, ideales para interiores transpirables, ecol\u00f3gicos y de alta calidad en la construcci\u00f3n sostenible.\" \/>\n<meta property=\"og:url\" content=\"https:\/\/www.embarro.com\/es\/morteros-de-arcilla-claytec\/enlucidos-de-arcilla-claytec\/\" \/>\n<meta property=\"og:site_name\" content=\"EMBARRO\" \/>\n<meta property=\"article:publisher\" content=\"https:\/\/www.facebook.com\/vimaplasnature\/\" \/>\n<meta property=\"article:modified_time\" content=\"2025-06-06T16:37:47+00:00\" \/>\n<meta property=\"og:image\" content=\"https:\/\/www.embarro.com\/wp-content\/uploads\/row-1-column-2-12-1.png\" \/>\n\t<meta property=\"og:image:width\" content=\"1080\" \/>\n\t<meta property=\"og:image:height\" content=\"1350\" \/>\n\t<meta property=\"og:image:type\" content=\"image\/png\" \/>\n<meta name=\"twitter:card\" content=\"summary_large_image\" \/>\n<meta name=\"twitter:label1\" content=\"Tiempo de lectura\" \/>\n\t<meta name=\"twitter:data1\" content=\"6 minutos\" \/>\n<script type=\"application\/ld+json\" class=\"yoast-schema-graph\">{\"@context\":\"https:\/\/schema.org\",\"@graph\":[{\"@type\":\"WebPage\",\"@id\":\"https:\/\/www.embarro.com\/es\/morteros-de-arcilla-claytec\/enlucidos-de-arcilla-claytec\/\",\"url\":\"https:\/\/www.embarro.com\/es\/morteros-de-arcilla-claytec\/enlucidos-de-arcilla-claytec\/\",\"name\":\"Enlucidos de arcilla ClayTec\",\"isPartOf\":{\"@id\":\"https:\/\/www.embarro.com\/#website\"},\"datePublished\":\"2014-05-18T15:24:52+00:00\",\"dateModified\":\"2025-06-06T16:37:47+00:00\",\"description\":\"Enlucidos naturales, ideales para interiores transpirables, ecol\u00f3gicos y de alta calidad en la construcci\u00f3n sostenible.\",\"breadcrumb\":{\"@id\":\"https:\/\/www.embarro.com\/es\/morteros-de-arcilla-claytec\/enlucidos-de-arcilla-claytec\/#breadcrumb\"},\"inLanguage\":\"es\",\"potentialAction\":[{\"@type\":\"ReadAction\",\"target\":[\"https:\/\/www.embarro.com\/es\/morteros-de-arcilla-claytec\/enlucidos-de-arcilla-claytec\/\"]}]},{\"@type\":\"BreadcrumbList\",\"@id\":\"https:\/\/www.embarro.com\/es\/morteros-de-arcilla-claytec\/enlucidos-de-arcilla-claytec\/#breadcrumb\",\"itemListElement\":[{\"@type\":\"ListItem\",\"position\":1,\"name\":\"In\u00edcio\",\"item\":\"https:\/\/www.embarro.com\/\"},{\"@type\":\"ListItem\",\"position\":2,\"name\":\"Productos\",\"item\":\"https:\/\/www.embarro.com\/es\/morteros-de-arcilla-claytec\/\"},{\"@type\":\"ListItem\",\"position\":3,\"name\":\"Enlucidos de arcilla CLAYTEC\"}]},{\"@type\":\"WebSite\",\"@id\":\"https:\/\/www.embarro.com\/#website\",\"url\":\"https:\/\/www.embarro.com\/\",\"name\":\"EMBARRO\",\"description\":\"H\u00e1 30 anos a transformar casas em Portugal e Espanha com os melhores revestimentos naturais de argila e cal. Ajudamos a encontrar a solu\u00e7\u00e3o ideal para a sua casa.\",\"publisher\":{\"@id\":\"https:\/\/www.embarro.com\/#organization\"},\"potentialAction\":[{\"@type\":\"SearchAction\",\"target\":{\"@type\":\"EntryPoint\",\"urlTemplate\":\"https:\/\/www.embarro.com\/?s={search_term_string}\"},\"query-input\":\"required name=search_term_string\"}],\"inLanguage\":\"es\"},{\"@type\":\"Organization\",\"@id\":\"https:\/\/www.embarro.com\/#organization\",\"name\":\"EMBARRO\",\"url\":\"https:\/\/www.embarro.com\/\",\"logo\":{\"@type\":\"ImageObject\",\"inLanguage\":\"es\",\"@id\":\"https:\/\/www.embarro.com\/#\/schema\/logo\/image\/\",\"url\":\"https:\/\/www.embarro.com\/wp-content\/uploads\/54784a80.jpg\",\"contentUrl\":\"https:\/\/www.embarro.com\/wp-content\/uploads\/54784a80.jpg\",\"width\":1500,\"height\":1500,\"caption\":\"EMBARRO\"},\"image\":{\"@id\":\"https:\/\/www.embarro.com\/#\/schema\/logo\/image\/\"},\"sameAs\":[\"https:\/\/www.facebook.com\/vimaplasnature\/\",\"https:\/\/www.instagram.com\/vimaplas_nature_blocan\/\",\"https:\/\/www.linkedin.com\/company\/vimaplasnature\/?viewAsMember=true\"]}]}<\/script>\n<!-- \/ Yoast SEO plugin. -->","yoast_head_json":{"title":"Enlucidos de arcilla ClayTec","description":"Enlucidos naturales, ideales para interiores transpirables, ecol\u00f3gicos y de alta calidad en la construcci\u00f3n sostenible.","robots":{"index":"index","follow":"follow","max-snippet":"max-snippet:-1","max-image-preview":"max-image-preview:large","max-video-preview":"max-video-preview:-1"},"canonical":"https:\/\/www.embarro.com\/es\/morteros-de-arcilla-claytec\/enlucidos-de-arcilla-claytec\/","og_locale":"es_ES","og_type":"article","og_title":"Enlucidos de arcilla ClayTec","og_description":"Enlucidos naturales, ideales para interiores transpirables, ecol\u00f3gicos y de alta calidad en la construcci\u00f3n sostenible.","og_url":"https:\/\/www.embarro.com\/es\/morteros-de-arcilla-claytec\/enlucidos-de-arcilla-claytec\/","og_site_name":"EMBARRO","article_publisher":"https:\/\/www.facebook.com\/vimaplasnature\/","article_modified_time":"2025-06-06T16:37:47+00:00","og_image":[{"width":1080,"height":1350,"url":"https:\/\/www.embarro.com\/wp-content\/uploads\/row-1-column-2-12-1.png","type":"image\/png"}],"twitter_card":"summary_large_image","twitter_misc":{"Tiempo de lectura":"6 minutos"},"schema":{"@context":"https:\/\/schema.org","@graph":[{"@type":"WebPage","@id":"https:\/\/www.embarro.com\/es\/morteros-de-arcilla-claytec\/enlucidos-de-arcilla-claytec\/","url":"https:\/\/www.embarro.com\/es\/morteros-de-arcilla-claytec\/enlucidos-de-arcilla-claytec\/","name":"Enlucidos de arcilla ClayTec","isPartOf":{"@id":"https:\/\/www.embarro.com\/#website"},"datePublished":"2014-05-18T15:24:52+00:00","dateModified":"2025-06-06T16:37:47+00:00","description":"Enlucidos naturales, ideales para interiores transpirables, ecol\u00f3gicos y de alta calidad en la construcci\u00f3n sostenible.","breadcrumb":{"@id":"https:\/\/www.embarro.com\/es\/morteros-de-arcilla-claytec\/enlucidos-de-arcilla-claytec\/#breadcrumb"},"inLanguage":"es","potentialAction":[{"@type":"ReadAction","target":["https:\/\/www.embarro.com\/es\/morteros-de-arcilla-claytec\/enlucidos-de-arcilla-claytec\/"]}]},{"@type":"BreadcrumbList","@id":"https:\/\/www.embarro.com\/es\/morteros-de-arcilla-claytec\/enlucidos-de-arcilla-claytec\/#breadcrumb","itemListElement":[{"@type":"ListItem","position":1,"name":"In\u00edcio","item":"https:\/\/www.embarro.com\/"},{"@type":"ListItem","position":2,"name":"Productos","item":"https:\/\/www.embarro.com\/es\/morteros-de-arcilla-claytec\/"},{"@type":"ListItem","position":3,"name":"Enlucidos de arcilla CLAYTEC"}]},{"@type":"WebSite","@id":"https:\/\/www.embarro.com\/#website","url":"https:\/\/www.embarro.com\/","name":"EMBARRO","description":"H\u00e1 30 anos a transformar casas em Portugal e Espanha com os melhores revestimentos naturais de argila e cal. Ajudamos a encontrar a solu\u00e7\u00e3o ideal para a sua casa.","publisher":{"@id":"https:\/\/www.embarro.com\/#organization"},"potentialAction":[{"@type":"SearchAction","target":{"@type":"EntryPoint","urlTemplate":"https:\/\/www.embarro.com\/?s={search_term_string}"},"query-input":"required name=search_term_string"}],"inLanguage":"es"},{"@type":"Organization","@id":"https:\/\/www.embarro.com\/#organization","name":"EMBARRO","url":"https:\/\/www.embarro.com\/","logo":{"@type":"ImageObject","inLanguage":"es","@id":"https:\/\/www.embarro.com\/#\/schema\/logo\/image\/","url":"https:\/\/www.embarro.com\/wp-content\/uploads\/54784a80.jpg","contentUrl":"https:\/\/www.embarro.com\/wp-content\/uploads\/54784a80.jpg","width":1500,"height":1500,"caption":"EMBARRO"},"image":{"@id":"https:\/\/www.embarro.com\/#\/schema\/logo\/image\/"},"sameAs":["https:\/\/www.facebook.com\/vimaplasnature\/","https:\/\/www.instagram.com\/vimaplas_nature_blocan\/","https:\/\/www.linkedin.com\/company\/vimaplasnature\/?viewAsMember=true"]}]}},"_links":{"self":[{"href":"https:\/\/www.embarro.com\/es\/wp-json\/wp\/v2\/pages\/1359"}],"collection":[{"href":"https:\/\/www.embarro.com\/es\/wp-json\/wp\/v2\/pages"}],"about":[{"href":"https:\/\/www.embarro.com\/es\/wp-json\/wp\/v2\/types\/page"}],"author":[{"embeddable":true,"href":"https:\/\/www.embarro.com\/es\/wp-json\/wp\/v2\/users\/2"}],"replies":[{"embeddable":true,"href":"https:\/\/www.embarro.com\/es\/wp-json\/wp\/v2\/comments?post=1359"}],"version-history":[{"count":109,"href":"https:\/\/www.embarro.com\/es\/wp-json\/wp\/v2\/pages\/1359\/revisions"}],"predecessor-version":[{"id":16553,"href":"https:\/\/www.embarro.com\/es\/wp-json\/wp\/v2\/pages\/1359\/revisions\/16553"}],"up":[{"embeddable":true,"href":"https:\/\/www.embarro.com\/es\/wp-json\/wp\/v2\/pages\/180"}],"wp:featuredmedia":[{"embeddable":true,"href":"https:\/\/www.embarro.com\/es\/wp-json\/wp\/v2\/media\/16549"}],"wp:attachment":[{"href":"https:\/\/www.embarro.com\/es\/wp-json\/wp\/v2\/media?parent=1359"}],"curies":[{"name":"wp","href":"https:\/\/api.w.org\/{rel}","templated":true}]}}