{"id":12864,"date":"2020-08-04T13:35:10","date_gmt":"2020-08-04T13:35:10","guid":{"rendered":"https:\/\/www.embarro.com\/?page_id=12864"},"modified":"2020-08-04T16:59:20","modified_gmt":"2020-08-04T16:59:20","slug":"politica-de-privacidad","status":"publish","type":"page","link":"https:\/\/www.embarro.com\/es\/politica-de-privacidad\/","title":{"rendered":"Pol\u00edtica de privacidad"},"content":{"rendered":"<h2>Pol\u00edtica de privacidad<\/h2>\n<p>Su privacidad es importante para nosotros. Es pol\u00edtica de Embarro respetar su privacidad en relaci\u00f3n con cualquier informaci\u00f3n que podamos recopilar de usted en el sitio de Embarro, y en otros sitios que poseemos y operamos.&nbsp;&nbsp;&nbsp;&nbsp;&nbsp;&nbsp;&nbsp;&nbsp;&nbsp;&nbsp;&nbsp;&nbsp;&nbsp;&nbsp;&nbsp;&nbsp;&nbsp;&nbsp;&nbsp;<\/p>\n<p>Pedimos informaci\u00f3n personal s\u00f3lo cuando realmente la necesitamos para prestarle un servicio. Lo hacemos por medios justos y legales, con su conocimiento y consentimiento. Tambi\u00e9n le informamos por qu\u00e9 lo estamos recogiendo y c\u00f3mo ser\u00e1 utilizado. S\u00f3lo conservamos la informaci\u00f3n recogida durante el tiempo necesario para prestar el servicio solicitado. Cuando almacenamos datos, los protegemos dentro de los medios comercialmente aceptables para evitar la p\u00e9rdida y el robo, as\u00ed como el acceso, la divulgaci\u00f3n, la copia, el uso o la modificaci\u00f3n no autorizados.&nbsp;&nbsp;&nbsp;&nbsp;&nbsp;&nbsp;&nbsp;&nbsp;&nbsp;&nbsp;&nbsp;&nbsp;&nbsp;&nbsp;&nbsp;&nbsp;&nbsp;&nbsp;&nbsp;<\/p>\n<p>No compartimos informaci\u00f3n personal identificable p\u00fablicamente o con terceros, excepto cuando lo exige la ley.&nbsp;&nbsp;&nbsp;&nbsp;&nbsp;&nbsp;&nbsp;&nbsp;&nbsp;&nbsp;&nbsp;&nbsp;&nbsp;&nbsp;&nbsp;&nbsp;&nbsp;&nbsp;&nbsp;<\/p>\n<p>Nuestro sitio puede tener enlaces a sitios externos que no son operados por nosotros. Tenga en cuenta que no tenemos control sobre el contenido y las pr\u00e1cticas de estos sitios y no podemos aceptar la responsabilidad de sus respectivas pol\u00edticas de privacidad.&nbsp;&nbsp;&nbsp;&nbsp;&nbsp;&nbsp;&nbsp;&nbsp;&nbsp;&nbsp;&nbsp;&nbsp;&nbsp;&nbsp;&nbsp;&nbsp;&nbsp;&nbsp;&nbsp;&nbsp;&nbsp;&nbsp;&nbsp;&nbsp;&nbsp;&nbsp;&nbsp;&nbsp;&nbsp;&nbsp;&nbsp;&nbsp;&nbsp;&nbsp;&nbsp;&nbsp;&nbsp;&nbsp;&nbsp;<\/p>\n<p>Usted es libre de rechazar nuestra solicitud de informaci\u00f3n personal en el entendimiento de que tal vez no podamos proporcionar algunos de los servicios que usted desea.&nbsp;&nbsp;&nbsp;&nbsp;&nbsp;&nbsp;&nbsp;&nbsp;&nbsp;&nbsp;&nbsp;&nbsp;&nbsp;&nbsp;&nbsp;&nbsp;&nbsp;&nbsp;&nbsp;<\/p>\n<p>El uso continuado de nuestro sitio web se considerar\u00e1 como la aceptaci\u00f3n de nuestras pr\u00e1cticas de privacidad e informaci\u00f3n personal. Si tiene alguna pregunta sobre c\u00f3mo manejamos los datos del usuario y la informaci\u00f3n personal, por favor cont\u00e1ctenos.&nbsp;&nbsp;&nbsp;&nbsp;&nbsp;&nbsp;&nbsp;&nbsp;&nbsp;&nbsp;&nbsp;&nbsp;&nbsp;&nbsp;&nbsp;&nbsp;&nbsp;&nbsp;&nbsp;<\/p>\n<h3>Embarro\u00b4s pol\u00edtica de cookies&nbsp;&nbsp;&nbsp;&nbsp;&nbsp;&nbsp;&nbsp;&nbsp;&nbsp;&nbsp;&nbsp;&nbsp;&nbsp;&nbsp;&nbsp;&nbsp;&nbsp;&nbsp;&nbsp;<\/h3>\n<p><strong>\u00bfQu\u00e9 son los cookies?&nbsp;&nbsp;&nbsp;&nbsp;&nbsp;&nbsp;&nbsp;&nbsp;&nbsp;&nbsp;&nbsp;&nbsp;<\/strong>&nbsp;&nbsp;&nbsp;&nbsp;&nbsp;&nbsp;&nbsp;<\/p>\n<p>Como es pr\u00e1ctica com\u00fan en casi todos los sitios web profesionales, este sitio utiliza cookies, que son peque\u00f1os archivos descargados a su computadora, para mejorar su experiencia. Esta p\u00e1gina describe qu\u00e9 informaci\u00f3n recogen, c\u00f3mo la usamos y por qu\u00e9 a veces necesitamos almacenar estas cookies. Tambi\u00e9n compartiremos c\u00f3mo puede evitar que estas cookies se almacenen, sin embargo, esto puede reducir o \u00abromper\u00bb ciertos elementos de la funcionalidad del sitio.&nbsp;&nbsp;&nbsp;&nbsp;&nbsp;&nbsp;&nbsp;&nbsp;&nbsp;&nbsp;&nbsp;&nbsp;&nbsp;&nbsp;&nbsp;&nbsp;&nbsp;&nbsp;&nbsp;<\/p>\n<p><strong>\u00bfC\u00f3mo usamos los cookies?&nbsp;&nbsp;&nbsp;&nbsp;&nbsp;&nbsp;<\/strong>&nbsp;&nbsp;&nbsp;&nbsp;&nbsp;&nbsp;&nbsp;&nbsp;&nbsp;&nbsp;&nbsp;&nbsp;&nbsp;<\/p>\n<p>Utilizamos cookies por varias razones, que se detallan a continuaci\u00f3n. Desafortunadamente, en la mayor\u00eda de los casos, no hay opciones est\u00e1ndar de la industria para deshabilitar las cookies sin desactivar completamente la funcionalidad y las caracter\u00edsticas que agregan a este sitio. Le recomendamos que deje todas las cookies si no est\u00e1 seguro de si las necesita o no si se utilizan para proporcionar un servicio que usted utiliza.&nbsp;&nbsp;&nbsp;&nbsp;&nbsp;&nbsp;&nbsp;&nbsp;&nbsp;&nbsp;&nbsp;&nbsp;&nbsp;&nbsp;&nbsp;&nbsp;&nbsp;&nbsp;&nbsp;<\/p>\n<p><strong>Deshabilitar las cookies&nbsp;&nbsp;&nbsp;&nbsp;&nbsp;&nbsp;&nbsp;&nbsp;<\/strong>&nbsp;&nbsp;&nbsp;&nbsp;&nbsp;&nbsp;&nbsp;&nbsp;&nbsp;&nbsp;&nbsp;<\/p>\n<p>Puedes evitar que se establezcan cookies ajustando la configuraci\u00f3n de tu navegador (consulta la Ayuda de tu navegador para saber c\u00f3mo hacerlo). Tenga en cuenta que la desactivaci\u00f3n de las cookies afectar\u00e1 a la funcionalidad de \u00e9ste y de muchos otros sitios web que visite. La desactivaci\u00f3n de las cookies generalmente resultar\u00e1 en la desactivaci\u00f3n de ciertas caracter\u00edsticas y funcionalidades de este sitio web. Por lo tanto, recomendamos que no deshabilite las cookies.&nbsp;&nbsp;&nbsp;&nbsp;&nbsp;&nbsp;&nbsp;&nbsp;&nbsp;&nbsp;&nbsp;&nbsp;&nbsp;&nbsp;&nbsp;&nbsp;&nbsp;&nbsp;&nbsp;<\/p>\n<p>L<strong>as cookies que hemos puesto&nbsp;&nbsp;&nbsp;&nbsp;&nbsp;&nbsp;&nbsp;&nbsp;&nbsp;<\/strong>&nbsp;&nbsp;&nbsp;&nbsp;&nbsp;&nbsp;&nbsp;&nbsp;&nbsp;&nbsp;&nbsp;&nbsp;&nbsp;&nbsp;&nbsp;&nbsp;&nbsp;&nbsp;&nbsp;&nbsp;&nbsp;&nbsp;&nbsp;&nbsp;&nbsp;&nbsp;&nbsp;&nbsp;&nbsp;&nbsp;&nbsp;&nbsp;&nbsp;&nbsp;&nbsp;&nbsp;&nbsp;&nbsp;&nbsp;&nbsp;&nbsp;&nbsp;&nbsp;&nbsp;&nbsp;&nbsp;&nbsp;&nbsp;&nbsp;&nbsp;&nbsp;&nbsp;&nbsp;&nbsp;&nbsp;&nbsp;&nbsp;&nbsp;&nbsp;&nbsp;&nbsp;&nbsp;<\/p>\n<p>Cookies relacionadas con la cuenta<\/p>\n<p>Si crea una cuenta con nosotros, utilizaremos cookies para la gesti\u00f3n del proceso de registro y la administraci\u00f3n general. Por lo general, estas cookies se eliminar\u00e1n cuando se cierre la sesi\u00f3n, pero en algunos casos pueden permanecer m\u00e1s tarde para recordar las preferencias del sitio cuando se cierre la sesi\u00f3n.&nbsp;&nbsp;&nbsp;&nbsp;&nbsp;&nbsp;&nbsp;&nbsp;&nbsp;&nbsp;&nbsp;&nbsp;&nbsp;&nbsp;&nbsp;&nbsp;&nbsp;&nbsp;&nbsp;&nbsp;&nbsp;&nbsp;&nbsp;&nbsp;&nbsp;&nbsp;&nbsp;&nbsp;&nbsp;&nbsp;&nbsp;&nbsp;&nbsp;&nbsp;&nbsp;&nbsp;&nbsp;&nbsp;&nbsp;&nbsp;&nbsp;&nbsp;&nbsp;&nbsp;&nbsp;&nbsp;&nbsp;&nbsp;&nbsp;&nbsp;&nbsp;&nbsp;&nbsp;&nbsp;&nbsp;&nbsp;&nbsp;&nbsp;&nbsp;&nbsp;&nbsp;&nbsp;&nbsp;&nbsp;&nbsp;&nbsp;&nbsp;&nbsp;&nbsp;&nbsp;&nbsp;&nbsp;&nbsp;&nbsp;&nbsp; C<\/p>\n<p>Cookies relacionadas con el inicio de sesi\u00f3n<\/p>\n<p>Usamos cookies cuando est\u00e1s conectado, para poder recordar esta acci\u00f3n. Esto evita que tengas que iniciar sesi\u00f3n cada vez que visites una nueva p\u00e1gina. Estas cookies suelen eliminarse o borrarse cuando se cierra la sesi\u00f3n para garantizar que s\u00f3lo se pueda acceder a las funciones y \u00e1reas restringidas cuando se inicie la sesi\u00f3n.<\/p>\n<p>Cookies del bolet\u00edn de noticias relacionadas con el correo electr\u00f3nico<\/p>\n<p>Este sitio ofrece servicios de suscripci\u00f3n a boletines o correos electr\u00f3nicos y las cookies pueden utilizarse para recordar si ya est\u00e1 registrado y si debe mostrar ciertas notificaciones v\u00e1lidas s\u00f3lo para los usuarios registrados o no registrados.&nbsp;&nbsp;&nbsp;&nbsp;&nbsp;&nbsp;&nbsp;&nbsp;&nbsp;&nbsp;&nbsp;&nbsp;&nbsp;&nbsp;&nbsp;&nbsp;&nbsp;&nbsp;&nbsp;&nbsp;&nbsp;&nbsp;&nbsp;&nbsp;&nbsp;&nbsp;&nbsp;&nbsp;&nbsp;&nbsp;&nbsp;&nbsp;&nbsp;&nbsp;&nbsp;&nbsp;&nbsp;&nbsp;&nbsp;&nbsp;&nbsp;&nbsp;&nbsp;&nbsp;&nbsp;&nbsp;&nbsp;&nbsp;&nbsp;&nbsp;&nbsp;&nbsp;&nbsp;&nbsp;&nbsp;&nbsp;&nbsp;&nbsp;&nbsp;&nbsp;&nbsp;&nbsp;&nbsp;&nbsp;&nbsp;&nbsp;&nbsp;&nbsp;&nbsp;&nbsp;&nbsp;&nbsp;&nbsp;&nbsp;&nbsp;<\/p>\n<p>Solicitudes de procesamiento de cookies relacionadas<\/p>\n<p>Este sitio ofrece comercio electr\u00f3nico o facilidades de pago y algunas cookies son esenciales para asegurar que su pedido sea recordado entre las p\u00e1ginas para que podamos procesarlo adecuadamente.&nbsp;&nbsp;&nbsp;&nbsp;&nbsp;&nbsp;&nbsp;&nbsp;&nbsp;&nbsp;&nbsp;&nbsp;&nbsp;&nbsp;&nbsp;&nbsp;&nbsp;&nbsp;&nbsp;&nbsp;&nbsp;&nbsp;&nbsp;&nbsp;&nbsp;&nbsp;&nbsp;&nbsp;&nbsp;&nbsp;&nbsp;&nbsp;&nbsp;&nbsp;&nbsp;&nbsp;&nbsp;&nbsp;&nbsp;&nbsp;&nbsp;&nbsp;&nbsp;&nbsp;&nbsp;&nbsp;&nbsp;&nbsp;&nbsp;&nbsp;&nbsp;&nbsp;&nbsp;&nbsp;&nbsp;&nbsp;&nbsp;&nbsp;&nbsp;&nbsp;&nbsp;&nbsp;&nbsp;&nbsp;&nbsp;&nbsp;&nbsp;&nbsp;&nbsp;&nbsp;&nbsp;&nbsp;&nbsp;&nbsp;&nbsp;<\/p>\n<p>B\u00fasqueda de cookies relacionadas<\/p>\n<p>Peri\u00f3dicamente, ofrecemos encuestas y cuestionarios para proporcionar informaci\u00f3n interesante, herramientas y consejos.&nbsp; Estas b\u00fasquedas pueden utilizar cookies para recordar qui\u00e9n ha participado ya en una b\u00fasqueda o para proporcionar resultados precisos despu\u00e9s de que las p\u00e1ginas hayan cambiado.<\/p>\n<p>Cookies relacionadas con los formularios<\/p>\n<p>Cuando se env\u00edan datos a trav\u00e9s de un formulario como los que se encuentran en las p\u00e1ginas de contacto o en los formularios de comentarios, se pueden configurar cookies para recordar los datos del usuario para la correspondencia futura.<\/p>\n<p>Cookies de preferencia del sitio<\/p>\n<p>Para proporcionar una gran experiencia en este sitio, proporcionamos la funcionalidad para establecer sus preferencias sobre c\u00f3mo funciona este sitio cuando lo utiliza. Para recordar sus preferencias, necesitamos establecer cookies para que se pueda llamar a esta informaci\u00f3n cada vez que interact\u00fae con una p\u00e1gina que est\u00e9 afectada por sus preferencias.<\/p>\n<p>Cookies de terceros<\/p>\n<p>En algunos casos especiales, tambi\u00e9n utilizamos cookies proporcionadas por terceros de confianza. La siguiente secci\u00f3n detalla las cookies de terceros que puede encontrar en este sitio.<\/p>\n<p>Este pagina web utiliza Google Analytics, que es una de las soluciones anal\u00edticas m\u00e1s extendidas y fiables de la web, para ayudarnos a entender c\u00f3mo utiliza el sitio y c\u00f3mo podemos mejorar su experiencia. Estas cookies pueden rastrear elementos como el tiempo que pasas en el sitio y las p\u00e1ginas que visitas, para que podamos seguir produciendo un contenido convincente.<\/p>\n<p>Para obtener m\u00e1s informaci\u00f3n sobre las cookies de Google Analytics, consulte la p\u00e1gina oficial de Google Analytics.<\/p>\n<p>El an\u00e1lisis de terceros se utiliza para rastrear y medir el uso de este sitio web para que podamos seguir produciendo un contenido convincente. Estas cookies pueden rastrear elementos como el tiempo que pasas en el sitio o las p\u00e1ginas que visitas, lo que nos ayuda a entender c\u00f3mo podemos mejorar el sitio para ti.<\/p>\n<p>Peri\u00f3dicamente probamos nuevas caracter\u00edsticas y hacemos cambios sutiles en la forma en que el sitio se presenta. Cuando todav\u00eda estamos probando nuevas caracter\u00edsticas, estas cookies pueden ser utilizadas para asegurar que usted reciba una experiencia consistente mientras est\u00e1 en el sitio, mientras comprende qu\u00e9 optimizaciones nuestros usuarios aprecian m\u00e1s.<\/p>\n<p>Al vender productos, es importante que entendamos las estad\u00edsticas sobre cu\u00e1ntos visitantes de nuestro sitio compran realmente, y as\u00ed este es el tipo de datos que estas cookies rastrear\u00e1n. Esto es importante para usted porque significa que podemos hacer pron\u00f3sticos comerciales precisos que nos permiten analizar nuestros costos de publicidad y productos para asegurar el mejor precio posible.<\/p>\n<p><strong>M\u00e1s informaci\u00f3n<\/strong><\/p>\n<p>Esperemos que est\u00e9 claro y, como se mencion\u00f3 anteriormente, si hay algo que no est\u00e1 seguro de si lo necesita o no, generalmente es m\u00e1s seguro dejar las cookies activadas si interact\u00faa con una de las caracter\u00edsticas que utiliza en nuestro sitio.<\/p>\n<p>Esta pol\u00edtica es efectiva a partir de julio de 2020.<\/p>\n","protected":false},"excerpt":{"rendered":"<p>Pol\u00edtica de privacidad Su privacidad es importante para nosotros. Es pol\u00edtica de Embarro respetar su privacidad en relaci\u00f3n con cualquier informaci\u00f3n que podamos recopilar de usted<span class=\"excerpt-hellip\"> [\u2026]<\/span><\/p>\n","protected":false},"author":2,"featured_media":0,"parent":0,"menu_order":0,"comment_status":"closed","ping_status":"closed","template":"","meta":[],"yoast_head":"<!-- This site is optimized with the Yoast SEO plugin v20.1 - https:\/\/yoast.com\/wordpress\/plugins\/seo\/ -->\n<title>Pol\u00edtica de privacidad - EMBARRO<\/title>\n<meta name=\"robots\" content=\"index, follow, max-snippet:-1, max-image-preview:large, max-video-preview:-1\" \/>\n<link rel=\"canonical\" href=\"https:\/\/www.embarro.com\/es\/politica-de-privacidad\/\" \/>\n<meta property=\"og:locale\" content=\"es_ES\" \/>\n<meta property=\"og:type\" content=\"article\" \/>\n<meta property=\"og:title\" content=\"Pol\u00edtica de privacidad - EMBARRO\" \/>\n<meta property=\"og:description\" content=\"Pol\u00edtica de privacidad Su privacidad es importante para nosotros. Es pol\u00edtica de Embarro respetar su privacidad en relaci\u00f3n con cualquier informaci\u00f3n que podamos recopilar de usted [\u2026]\" \/>\n<meta property=\"og:url\" content=\"https:\/\/www.embarro.com\/es\/politica-de-privacidad\/\" \/>\n<meta property=\"og:site_name\" content=\"EMBARRO\" \/>\n<meta property=\"article:publisher\" content=\"https:\/\/www.facebook.com\/vimaplasnature\/\" \/>\n<meta property=\"article:modified_time\" content=\"2020-08-04T16:59:20+00:00\" \/>\n<meta property=\"og:image\" content=\"https:\/\/www.embarro.com\/wp-content\/uploads\/54784a80.jpg\" \/>\n\t<meta property=\"og:image:width\" content=\"1500\" \/>\n\t<meta property=\"og:image:height\" content=\"1500\" \/>\n\t<meta property=\"og:image:type\" content=\"image\/jpeg\" \/>\n<meta name=\"twitter:card\" content=\"summary_large_image\" \/>\n<meta name=\"twitter:label1\" content=\"Tiempo de lectura\" \/>\n\t<meta name=\"twitter:data1\" content=\"9 minutos\" \/>\n<script type=\"application\/ld+json\" class=\"yoast-schema-graph\">{\"@context\":\"https:\/\/schema.org\",\"@graph\":[{\"@type\":\"WebPage\",\"@id\":\"https:\/\/www.embarro.com\/es\/politica-de-privacidad\/\",\"url\":\"https:\/\/www.embarro.com\/es\/politica-de-privacidad\/\",\"name\":\"Pol\u00edtica de privacidad - EMBARRO\",\"isPartOf\":{\"@id\":\"https:\/\/www.embarro.com\/#website\"},\"datePublished\":\"2020-08-04T13:35:10+00:00\",\"dateModified\":\"2020-08-04T16:59:20+00:00\",\"breadcrumb\":{\"@id\":\"https:\/\/www.embarro.com\/es\/politica-de-privacidad\/#breadcrumb\"},\"inLanguage\":\"es\",\"potentialAction\":[{\"@type\":\"ReadAction\",\"target\":[\"https:\/\/www.embarro.com\/es\/politica-de-privacidad\/\"]}]},{\"@type\":\"BreadcrumbList\",\"@id\":\"https:\/\/www.embarro.com\/es\/politica-de-privacidad\/#breadcrumb\",\"itemListElement\":[{\"@type\":\"ListItem\",\"position\":1,\"name\":\"In\u00edcio\",\"item\":\"https:\/\/www.embarro.com\/\"},{\"@type\":\"ListItem\",\"position\":2,\"name\":\"Pol\u00edtica de privacidad\"}]},{\"@type\":\"WebSite\",\"@id\":\"https:\/\/www.embarro.com\/#website\",\"url\":\"https:\/\/www.embarro.com\/\",\"name\":\"EMBARRO\",\"description\":\"H\u00e1 30 anos a transformar casas em Portugal e Espanha com os melhores revestimentos naturais de argila e cal. Ajudamos a encontrar a solu\u00e7\u00e3o ideal para a sua casa.\",\"publisher\":{\"@id\":\"https:\/\/www.embarro.com\/#organization\"},\"potentialAction\":[{\"@type\":\"SearchAction\",\"target\":{\"@type\":\"EntryPoint\",\"urlTemplate\":\"https:\/\/www.embarro.com\/?s={search_term_string}\"},\"query-input\":\"required name=search_term_string\"}],\"inLanguage\":\"es\"},{\"@type\":\"Organization\",\"@id\":\"https:\/\/www.embarro.com\/#organization\",\"name\":\"EMBARRO\",\"url\":\"https:\/\/www.embarro.com\/\",\"logo\":{\"@type\":\"ImageObject\",\"inLanguage\":\"es\",\"@id\":\"https:\/\/www.embarro.com\/#\/schema\/logo\/image\/\",\"url\":\"https:\/\/www.embarro.com\/wp-content\/uploads\/54784a80.jpg\",\"contentUrl\":\"https:\/\/www.embarro.com\/wp-content\/uploads\/54784a80.jpg\",\"width\":1500,\"height\":1500,\"caption\":\"EMBARRO\"},\"image\":{\"@id\":\"https:\/\/www.embarro.com\/#\/schema\/logo\/image\/\"},\"sameAs\":[\"https:\/\/www.facebook.com\/vimaplasnature\/\",\"https:\/\/www.instagram.com\/vimaplas_nature_blocan\/\",\"https:\/\/www.linkedin.com\/company\/vimaplasnature\/?viewAsMember=true\"]}]}<\/script>\n<!-- \/ Yoast SEO plugin. -->","yoast_head_json":{"title":"Pol\u00edtica de privacidad - EMBARRO","robots":{"index":"index","follow":"follow","max-snippet":"max-snippet:-1","max-image-preview":"max-image-preview:large","max-video-preview":"max-video-preview:-1"},"canonical":"https:\/\/www.embarro.com\/es\/politica-de-privacidad\/","og_locale":"es_ES","og_type":"article","og_title":"Pol\u00edtica de privacidad - EMBARRO","og_description":"Pol\u00edtica de privacidad Su privacidad es importante para nosotros. Es pol\u00edtica de Embarro respetar su privacidad en relaci\u00f3n con cualquier informaci\u00f3n que podamos recopilar de usted [\u2026]","og_url":"https:\/\/www.embarro.com\/es\/politica-de-privacidad\/","og_site_name":"EMBARRO","article_publisher":"https:\/\/www.facebook.com\/vimaplasnature\/","article_modified_time":"2020-08-04T16:59:20+00:00","og_image":[{"width":1500,"height":1500,"url":"https:\/\/www.embarro.com\/wp-content\/uploads\/54784a80.jpg","type":"image\/jpeg"}],"twitter_card":"summary_large_image","twitter_misc":{"Tiempo de lectura":"9 minutos"},"schema":{"@context":"https:\/\/schema.org","@graph":[{"@type":"WebPage","@id":"https:\/\/www.embarro.com\/es\/politica-de-privacidad\/","url":"https:\/\/www.embarro.com\/es\/politica-de-privacidad\/","name":"Pol\u00edtica de privacidad - EMBARRO","isPartOf":{"@id":"https:\/\/www.embarro.com\/#website"},"datePublished":"2020-08-04T13:35:10+00:00","dateModified":"2020-08-04T16:59:20+00:00","breadcrumb":{"@id":"https:\/\/www.embarro.com\/es\/politica-de-privacidad\/#breadcrumb"},"inLanguage":"es","potentialAction":[{"@type":"ReadAction","target":["https:\/\/www.embarro.com\/es\/politica-de-privacidad\/"]}]},{"@type":"BreadcrumbList","@id":"https:\/\/www.embarro.com\/es\/politica-de-privacidad\/#breadcrumb","itemListElement":[{"@type":"ListItem","position":1,"name":"In\u00edcio","item":"https:\/\/www.embarro.com\/"},{"@type":"ListItem","position":2,"name":"Pol\u00edtica de privacidad"}]},{"@type":"WebSite","@id":"https:\/\/www.embarro.com\/#website","url":"https:\/\/www.embarro.com\/","name":"EMBARRO","description":"H\u00e1 30 anos a transformar casas em Portugal e Espanha com os melhores revestimentos naturais de argila e cal. Ajudamos a encontrar a solu\u00e7\u00e3o ideal para a sua casa.","publisher":{"@id":"https:\/\/www.embarro.com\/#organization"},"potentialAction":[{"@type":"SearchAction","target":{"@type":"EntryPoint","urlTemplate":"https:\/\/www.embarro.com\/?s={search_term_string}"},"query-input":"required name=search_term_string"}],"inLanguage":"es"},{"@type":"Organization","@id":"https:\/\/www.embarro.com\/#organization","name":"EMBARRO","url":"https:\/\/www.embarro.com\/","logo":{"@type":"ImageObject","inLanguage":"es","@id":"https:\/\/www.embarro.com\/#\/schema\/logo\/image\/","url":"https:\/\/www.embarro.com\/wp-content\/uploads\/54784a80.jpg","contentUrl":"https:\/\/www.embarro.com\/wp-content\/uploads\/54784a80.jpg","width":1500,"height":1500,"caption":"EMBARRO"},"image":{"@id":"https:\/\/www.embarro.com\/#\/schema\/logo\/image\/"},"sameAs":["https:\/\/www.facebook.com\/vimaplasnature\/","https:\/\/www.instagram.com\/vimaplas_nature_blocan\/","https:\/\/www.linkedin.com\/company\/vimaplasnature\/?viewAsMember=true"]}]}},"_links":{"self":[{"href":"https:\/\/www.embarro.com\/es\/wp-json\/wp\/v2\/pages\/12864"}],"collection":[{"href":"https:\/\/www.embarro.com\/es\/wp-json\/wp\/v2\/pages"}],"about":[{"href":"https:\/\/www.embarro.com\/es\/wp-json\/wp\/v2\/types\/page"}],"author":[{"embeddable":true,"href":"https:\/\/www.embarro.com\/es\/wp-json\/wp\/v2\/users\/2"}],"replies":[{"embeddable":true,"href":"https:\/\/www.embarro.com\/es\/wp-json\/wp\/v2\/comments?post=12864"}],"version-history":[{"count":3,"href":"https:\/\/www.embarro.com\/es\/wp-json\/wp\/v2\/pages\/12864\/revisions"}],"predecessor-version":[{"id":12872,"href":"https:\/\/www.embarro.com\/es\/wp-json\/wp\/v2\/pages\/12864\/revisions\/12872"}],"wp:attachment":[{"href":"https:\/\/www.embarro.com\/es\/wp-json\/wp\/v2\/media?parent=12864"}],"curies":[{"name":"wp","href":"https:\/\/api.w.org\/{rel}","templated":true}]}}