{"id":1736,"date":"2014-05-27T20:28:01","date_gmt":"2014-05-27T20:28:01","guid":{"rendered":"http:\/\/www.embarro.com\/agb-2\/"},"modified":"2019-02-15T00:00:58","modified_gmt":"2019-02-15T00:00:58","slug":"agb","status":"publish","type":"page","link":"https:\/\/www.embarro.com\/en\/ecological-clay-and-lime-materials-high-quality\/agb\/","title":{"rendered":"Terms of Sale"},"content":{"rendered":"<p><strong>CONDICIONES DE VENTA &#8211; UK<\/strong><\/p>\n<h4><strong>1. Pedidos<\/strong><\/h4>\n<p>La formalizaci\u00f3n del pedido por el cliente implica el conocimiento y expresa aceptaci\u00f3n de las condiciones de venta, de forma plena e irrevocable, a\u00fan en el caso de cl\u00e1usulas contrarias incluidas en sus condiciones generales de compra. Las presentes normas prevalecer\u00e1n sobre cualesquiera otras, aun en al caso de pedidos formulados verbalmente, pues el contrato de venta se entender\u00e1 siempre perfeccionado por la simple aceptaci\u00f3n de la mercanc\u00eda por parte del comprador.<\/p>\n<h4><strong>2. Descripciones de los productos<\/strong><\/h4>\n<p>Los descripciones indicadas de los productos siempre fueran hechas al d\u00eda a base de nuestras experiencias y conocimientos m\u00e1s actuales. Por causa de las maneras de ejecuci\u00f3n en obra distintas, influencias ambientales y el estado diferente de suportes distintos encontrados en obra no podemos tomar responsabilidad para la validad de nuestras informaciones y recomendaciones en general. Antes de la aplicaci\u00f3n del producto el operario tiene que confirmar que el producto est\u00e1 apropiado para el motivo de uso previsto (ejecuci\u00f3n de una prueba).<br \/>\nLos descripciones de los productos y de su aplicaci\u00f3n se encuentra en su forma m\u00e1s actual en nuestra p\u00e1gina de internet www.embarro.com; embarro\/productos. En caso de su rectificaci\u00f3n los descripciones anteriores (antig\u00e1s) pierden su validad.<br \/>\nLa mayor\u00eda de nuestros art\u00edculos proceden de Alemania por lo que las etiquetas de los envases pueden estar s\u00f3lo en alem\u00e1n. Los instrucciones del uso se encuentra en espa\u00f1ol, portugu\u00e9s, ingl\u00e9s y alem\u00e1n en nuestra p\u00e1gina web www.embarro.com; embarro\/productos\u2026<\/p>\n<h4><strong>3. Realizaci\u00f3n de compra<\/strong><\/h4>\n<p>Cuando realice un pedido, recibir\u00e1 un correo electr\u00f3nico confirmando la recepci\u00f3n de su solicitud. Este correo electr\u00f3nico s\u00f3lo es un acuse de recibo y no supone la aceptaci\u00f3n de su pedido, s\u00f3lo tiene valor a t\u00edtulo informativo y le informa de que su pedido ha sido recibido y se puede utilizar con fines de archivo.<br \/>\nEl contrato vinculante comenzar\u00e1 a existir en el momento en que aceptemos su pedido, mediante el env\u00edo de los art\u00edculos o por la confirmaci\u00f3n o la comunicaci\u00f3n de la entrega. En el contrato solamente se incluir\u00e1n los art\u00edculos enviados.<br \/>\nLos art\u00edculos ser\u00e1n siempre propiedad de EMBARRO hasta que sean pagados en su totalidad.<br \/>\nLos art\u00edculos solicitados en el pedido que no puedan ser enviados, aparezcan -o no- como disponibles en la web, quedar\u00e1n cancelados. No ser\u00e1n facturados ni se enviar\u00e1n el pedido.<\/p>\n<h4><strong>4. Entrega<\/strong><\/h4>\n<p>Todos los pedidos est\u00e1n sujetos a la disponibilidad de los art\u00edculos y a la confirmaci\u00f3n del importe del pedido. No todos los art\u00edculos que ofrecemos en nuestra tienda online se encuentran almacenados en nuestro almac\u00e9n nacional, por lo que su disponibilidad est\u00e1 condicionada por el tiempo que tarden nuestros proveedores en hacernos llegar estos art\u00edculos. Por este motivo las roturas de stock no ser\u00e1n consideradas nuestra responsabilidad.<br \/>\nCon el fin de optimizar la gesti\u00f3n de los env\u00edos de los pedidos, nos reservamos el derecho de efectuar env\u00edos parciales.<br \/>\nLos art\u00edculos en stock salen nuestro almac\u00e9n en un plazo m\u00e1ximo de tres d\u00edas \u00fatiles despu\u00e9s de tener recibido el pago. En casos puntuales, como art\u00edculos bajo pedido, el plazo de entrega al realizar el pedido puede tardar m\u00e1ximo dos semanas, en ese caso el plazo de entrega va ser comunicado por nosotros.<br \/>\nLa salida del pedido del almac\u00e9n EMBARRO comunicamos por correo electr\u00f3nico.<br \/>\nEn el momento de la entrega de la mercanc\u00eda se entender\u00e1 consumada la venta. Las mercanc\u00edas, se entender\u00e1n aceptadas por el comprador como conformes en cuanto a cantidades y calidades, si en un plazo de 48 horas, a contar desde su entrega no se manifiesta expresamente lo contrario. Transcurrido dicho plazo el vendedor no admitir\u00e1 reclamaci\u00f3n alguna sobre cantidad o calidad, ni quedara obligado por ello.<br \/>\nEn el caso de que reciba su pedido con serios desperfectos en el embalaje deber\u00e1 rechazar su recepci\u00f3n, caso contrario, el comprador toma responsabilidad para eventuales defectos del pedido.<\/p>\n<h4><strong>5. Devoluciones<\/strong><\/h4>\n<p>No se admitir\u00e1 devoluci\u00f3n transcurrida un plazo de 15 d\u00edas naturales, el comprador asumir\u00e1 todos los gastos que esta devoluci\u00f3n origine, exceptuando aquellos art\u00edculos que por error no correspondan al pedido. En ning\u00fan caso se admitir\u00e1n devoluciones de art\u00edculos que presenten aspecto y condiciones no aptos para la venta o que para su venta hayan debido ser manipulados.<\/p>\n<h4><strong>6. Formas de pago<\/strong><\/h4>\n<p>Actualmente s\u00f3lo se puede pagar por transferencia bancaria, otras formas de pago no se aceptan.<br \/>\nAl realizar la transferencia bancaria es imprescindible que indique como referencia el n\u00famero de su pedido. Los gastos de la transferencia bancaria corren a cargo del comprador. El pedido se tramita una vez hemos recibido el pago en nuestra cuenta. El pedido se mantiene durante 10 d\u00edas, tras lo cuales se cancela si no recibimos la transferencia bancaria.<\/p>\n<h4><strong>7. Precios<\/strong><\/h4>\n<p>Los precios fijados son susceptibles de variaci\u00f3n mediante la emisi\u00f3n de una nueva tarifa de precios. En caso de no aceptar el comprador la variaci\u00f3n del precio por esta modificaci\u00f3n de tarifas, el vendedor podr\u00e1 dar por cancelado el pedido.<\/p>\n<h4><strong>8. Impuestos<\/strong><\/h4>\n<p>Los precios fijados en tarifa se incrementaran en factura con el IVA o impuestos correspondientes siendo por cuenta del comprador todos los impuestos vigentes de cualquier \u00edndole que genere la venta.<\/p>\n<h4><strong>9. Da\u00f1os<\/strong><\/h4>\n<p>CasaDaCor \/ EMBARRO no se hace responsable de los da\u00f1os y perjuicios que pudieran derivarse de la utilizaci\u00f3n de los materiales vendidos.<\/p>\n<h4><strong>10. Responsabilidades<\/strong><\/h4>\n<p>CasaDaCor \/ EMBARRO no se responsabiliza de los da\u00f1os que pudieran derivarse de interrupciones en la red, virus inform\u00e1ticos, aver\u00edas y\/o desconexiones en el funcionamiento operativo del sistema electr\u00f3nico o en los aparatos y equipos inform\u00e1ticos de los usuarios, producidos por causas ajenas a CasaDaCor \/ EMBARRO, que impiden o retrasen un servicio \u00f3ptimo o la navegaci\u00f3n por la web, retrasos o bloqueos a causa de deficiencias o sobrecargas de Internet o sistemas electr\u00f3nicos, diferencias de informaci\u00f3n, documentaci\u00f3n u otros contenidos del sitio que pudieren existir entre la versi\u00f3n electr\u00f3nica y la versi\u00f3n impresa, imposibilidad de dar servicio o permitir el acceso por causas ajenas a CasaDaCor \/ EMBARRO, debidas al usuario, a terceros, o a causas de fuerza mayor.<\/p>\n<h4><strong>11. Competencias<\/strong><\/h4>\n<p>Para cuantas cuestiones se susciten en relaci\u00f3n con la presente operaci\u00f3n de venta, las partes se someten expresamente a la competencia de los tribunales y juzgados de todo orden correspondientes al domicilio social del vendedor en Tavira, Portugal, con renuncia expresa a cualquier otro fuero que pudiera corresponderle.<\/p>\n<h4><strong>12. Gesti\u00f3n ambiental de los residuos<\/strong><\/h4>\n<p>De conformidad con lo establecido en las leyes vigentes, el responsable de la entrega del residuo de envase o envase usado, para su correcta gesti\u00f3n ambiental ser\u00e1 el poseedor final del mismo.<\/p>\n<h4><strong>13. LOPD<\/strong><\/h4>\n<p>De conformidad con lo dispuesto en el art\u00edculo 5 de la Ley Org\u00e1nica 15\/1999, de 13 de diciembre, de Protecci\u00f3n de Datos de Car\u00e1cter Personal, le informamos que sus datos personales se incorporan a un fichero cuyo responsable es CasaDaCor Unip. Lda, EMBARRO; Rua Dr. Parreira,43; 8800-346 Tavira, Portugal y que ser\u00e1n tratados con las finalidades de mantener, desarrollar y controlar las relaciones contractuales, promocionales y comerciales. Igualmente, usted consiente el tratamiento de sus datos de car\u00e1cter personal y nos autoriza expresamente a enviarle informaci\u00f3n comercial, ofertas o cualquier otro mensaje que contenga informaci\u00f3n o publicidad de nuestra empresa. Le informamos que puede ejercitar gratuitamente sus derechos de acceso, rectificaci\u00f3n, cancelaci\u00f3n y oposici\u00f3n ante el responsable del fichero en la direcci\u00f3n postal indicada. En EMBARRO estamos totalmente comprometidos en proteger la privacidad de los visitantes de nuestra p\u00e1gina web y la de nuestros clientes. No divulgamos informaci\u00f3n sobre nuestros clientes a terceros, excepto cuando sea parte de proporcionar el servicio.<\/p>\n<h4><strong>14. Ley de Servicios de la Sociedad de la Informaci\u00f3n<\/strong><\/h4>\n<p>De conformidad con lo dispuesto en la Ley 34\/2002, de servicios de la sociedad de la informaci\u00f3n y comercio electr\u00f3nico, la Ley 7\/1998 sobre Condiciones Generales de Contrataci\u00f3n, el Real Decreto 1906\/1999 por el que se regula la contrataci\u00f3n telef\u00f3nica o electr\u00f3nica con condiciones generales en desarrollo del art\u00edculo 5.3 de la Ley 7\/1998, la Ley 26\/1984 General para la Defensa de los Consumidores y Usuarios, la Ley 7\/1996 de Ordenaci\u00f3n del Comercio Minorista, el Real Decreto-Ley 14\/1999 reguladora de la Firma Electr\u00f3nica y cuantas disposiciones legales resulten de aplicaci\u00f3n.<\/p>\n<h4><strong>15. Comunicaci\u00f3n<\/strong><\/h4>\n<p>Cualquier comunicaci\u00f3n entre CasaDaCor \/ EMBARRO y el usuario se efectuar\u00e1 mediante correo electr\u00f3nico. Las respuestas o comunicados emitidos por CasaDaCor EMBARRO al usuario se dirigir\u00e1n a los datos facilitados por \u00e9ste en el momento de su registro. El Usuario acepta la utilizaci\u00f3n del correo electr\u00f3nico para recibir respuestas o comunicados relacionados con el sitio.<\/p>\n<h4><strong>16. Domicilio social<\/strong><\/h4>\n<p>CasaDaCor Unip. Lda.; EMBARRO; Rua Dr. Parreira, 43; 8800-346 Tavira; Portugal Joachim Reinecke \u2013 Gerente; Registo Comercial de Tavira, Matricula 01147 \/ 031106; NIF: PT 502 744 626; Tavira, 12.08.2014, CasaDaCor Lda., EMBARRO, representado por Joachim Reinecke<\/p>\n","protected":false},"excerpt":{"rendered":"<p>CONDICIONES DE VENTA &#8211; UK 1. Pedidos La formalizaci\u00f3n del pedido por el cliente implica el conocimiento y expresa aceptaci\u00f3n de las condiciones de venta, de<span class=\"excerpt-hellip\"> [\u2026]<\/span><\/p>\n","protected":false},"author":2,"featured_media":9026,"parent":55,"menu_order":0,"comment_status":"closed","ping_status":"closed","template":"","meta":[],"yoast_head":"<!-- This site is optimized with the Yoast SEO plugin v20.1 - https:\/\/yoast.com\/wordpress\/plugins\/seo\/ -->\n<title>Terms of Sale of Embarro company selling construction materials<\/title>\n<meta name=\"description\" content=\"Terms of sale of Embarro company selling construction materials. Sale of organic, natural and healthy products for you and your house.\" \/>\n<meta name=\"robots\" content=\"index, follow, max-snippet:-1, max-image-preview:large, max-video-preview:-1\" \/>\n<link rel=\"canonical\" href=\"https:\/\/www.embarro.com\/en\/ecological-clay-and-lime-materials-high-quality\/agb\/\" \/>\n<meta property=\"og:locale\" content=\"en_US\" \/>\n<meta property=\"og:type\" content=\"article\" \/>\n<meta property=\"og:title\" content=\"Terms of Sale of Embarro company selling construction materials\" \/>\n<meta property=\"og:description\" content=\"Terms of sale of Embarro company selling construction materials. Sale of organic, natural and healthy products for you and your house.\" \/>\n<meta property=\"og:url\" content=\"https:\/\/www.embarro.com\/en\/ecological-clay-and-lime-materials-high-quality\/agb\/\" \/>\n<meta property=\"og:site_name\" content=\"EMBARRO\" \/>\n<meta property=\"article:publisher\" content=\"https:\/\/www.facebook.com\/vimaplasnature\/\" \/>\n<meta property=\"article:modified_time\" content=\"2019-02-15T00:00:58+00:00\" \/>\n<meta property=\"og:image\" content=\"https:\/\/www.embarro.com\/wp-content\/uploads\/shop4-275x300-1.jpg\" \/>\n\t<meta property=\"og:image:width\" content=\"275\" \/>\n\t<meta property=\"og:image:height\" content=\"300\" \/>\n\t<meta property=\"og:image:type\" content=\"image\/jpeg\" \/>\n<meta name=\"twitter:card\" content=\"summary_large_image\" \/>\n<meta name=\"twitter:label1\" content=\"Est. reading time\" \/>\n\t<meta name=\"twitter:data1\" content=\"8 minutes\" \/>\n<script type=\"application\/ld+json\" class=\"yoast-schema-graph\">{\"@context\":\"https:\/\/schema.org\",\"@graph\":[{\"@type\":\"WebPage\",\"@id\":\"https:\/\/www.embarro.com\/en\/ecological-clay-and-lime-materials-high-quality\/agb\/\",\"url\":\"https:\/\/www.embarro.com\/en\/ecological-clay-and-lime-materials-high-quality\/agb\/\",\"name\":\"Terms of Sale of Embarro company selling construction materials\",\"isPartOf\":{\"@id\":\"https:\/\/www.embarro.com\/#website\"},\"datePublished\":\"2014-05-27T20:28:01+00:00\",\"dateModified\":\"2019-02-15T00:00:58+00:00\",\"description\":\"Terms of sale of Embarro company selling construction materials. Sale of organic, natural and healthy products for you and your house.\",\"breadcrumb\":{\"@id\":\"https:\/\/www.embarro.com\/en\/ecological-clay-and-lime-materials-high-quality\/agb\/#breadcrumb\"},\"inLanguage\":\"en-US\",\"potentialAction\":[{\"@type\":\"ReadAction\",\"target\":[\"https:\/\/www.embarro.com\/en\/ecological-clay-and-lime-materials-high-quality\/agb\/\"]}]},{\"@type\":\"BreadcrumbList\",\"@id\":\"https:\/\/www.embarro.com\/en\/ecological-clay-and-lime-materials-high-quality\/agb\/#breadcrumb\",\"itemListElement\":[{\"@type\":\"ListItem\",\"position\":1,\"name\":\"In\u00edcio\",\"item\":\"https:\/\/www.embarro.com\/\"},{\"@type\":\"ListItem\",\"position\":2,\"name\":\"Private: Embarro\",\"item\":\"https:\/\/www.embarro.com\/en\/?page_id=55\"},{\"@type\":\"ListItem\",\"position\":3,\"name\":\"Terms of Sale\"}]},{\"@type\":\"WebSite\",\"@id\":\"https:\/\/www.embarro.com\/#website\",\"url\":\"https:\/\/www.embarro.com\/\",\"name\":\"EMBARRO\",\"description\":\"H\u00e1 30 anos a transformar casas em Portugal e Espanha com os melhores revestimentos naturais de argila e cal. Ajudamos a encontrar a solu\u00e7\u00e3o ideal para a sua casa.\",\"publisher\":{\"@id\":\"https:\/\/www.embarro.com\/#organization\"},\"potentialAction\":[{\"@type\":\"SearchAction\",\"target\":{\"@type\":\"EntryPoint\",\"urlTemplate\":\"https:\/\/www.embarro.com\/?s={search_term_string}\"},\"query-input\":\"required name=search_term_string\"}],\"inLanguage\":\"en-US\"},{\"@type\":\"Organization\",\"@id\":\"https:\/\/www.embarro.com\/#organization\",\"name\":\"EMBARRO\",\"url\":\"https:\/\/www.embarro.com\/\",\"logo\":{\"@type\":\"ImageObject\",\"inLanguage\":\"en-US\",\"@id\":\"https:\/\/www.embarro.com\/#\/schema\/logo\/image\/\",\"url\":\"https:\/\/www.embarro.com\/wp-content\/uploads\/54784a80.jpg\",\"contentUrl\":\"https:\/\/www.embarro.com\/wp-content\/uploads\/54784a80.jpg\",\"width\":1500,\"height\":1500,\"caption\":\"EMBARRO\"},\"image\":{\"@id\":\"https:\/\/www.embarro.com\/#\/schema\/logo\/image\/\"},\"sameAs\":[\"https:\/\/www.facebook.com\/vimaplasnature\/\",\"https:\/\/www.instagram.com\/vimaplas_nature_blocan\/\",\"https:\/\/www.linkedin.com\/company\/vimaplasnature\/?viewAsMember=true\"]}]}<\/script>\n<!-- \/ Yoast SEO plugin. -->","yoast_head_json":{"title":"Terms of Sale of Embarro company selling construction materials","description":"Terms of sale of Embarro company selling construction materials. Sale of organic, natural and healthy products for you and your house.","robots":{"index":"index","follow":"follow","max-snippet":"max-snippet:-1","max-image-preview":"max-image-preview:large","max-video-preview":"max-video-preview:-1"},"canonical":"https:\/\/www.embarro.com\/en\/ecological-clay-and-lime-materials-high-quality\/agb\/","og_locale":"en_US","og_type":"article","og_title":"Terms of Sale of Embarro company selling construction materials","og_description":"Terms of sale of Embarro company selling construction materials. Sale of organic, natural and healthy products for you and your house.","og_url":"https:\/\/www.embarro.com\/en\/ecological-clay-and-lime-materials-high-quality\/agb\/","og_site_name":"EMBARRO","article_publisher":"https:\/\/www.facebook.com\/vimaplasnature\/","article_modified_time":"2019-02-15T00:00:58+00:00","og_image":[{"width":275,"height":300,"url":"https:\/\/www.embarro.com\/wp-content\/uploads\/shop4-275x300-1.jpg","type":"image\/jpeg"}],"twitter_card":"summary_large_image","twitter_misc":{"Est. reading time":"8 minutes"},"schema":{"@context":"https:\/\/schema.org","@graph":[{"@type":"WebPage","@id":"https:\/\/www.embarro.com\/en\/ecological-clay-and-lime-materials-high-quality\/agb\/","url":"https:\/\/www.embarro.com\/en\/ecological-clay-and-lime-materials-high-quality\/agb\/","name":"Terms of Sale of Embarro company selling construction materials","isPartOf":{"@id":"https:\/\/www.embarro.com\/#website"},"datePublished":"2014-05-27T20:28:01+00:00","dateModified":"2019-02-15T00:00:58+00:00","description":"Terms of sale of Embarro company selling construction materials. Sale of organic, natural and healthy products for you and your house.","breadcrumb":{"@id":"https:\/\/www.embarro.com\/en\/ecological-clay-and-lime-materials-high-quality\/agb\/#breadcrumb"},"inLanguage":"en-US","potentialAction":[{"@type":"ReadAction","target":["https:\/\/www.embarro.com\/en\/ecological-clay-and-lime-materials-high-quality\/agb\/"]}]},{"@type":"BreadcrumbList","@id":"https:\/\/www.embarro.com\/en\/ecological-clay-and-lime-materials-high-quality\/agb\/#breadcrumb","itemListElement":[{"@type":"ListItem","position":1,"name":"In\u00edcio","item":"https:\/\/www.embarro.com\/"},{"@type":"ListItem","position":2,"name":"Private: Embarro","item":"https:\/\/www.embarro.com\/en\/?page_id=55"},{"@type":"ListItem","position":3,"name":"Terms of Sale"}]},{"@type":"WebSite","@id":"https:\/\/www.embarro.com\/#website","url":"https:\/\/www.embarro.com\/","name":"EMBARRO","description":"H\u00e1 30 anos a transformar casas em Portugal e Espanha com os melhores revestimentos naturais de argila e cal. Ajudamos a encontrar a solu\u00e7\u00e3o ideal para a sua casa.","publisher":{"@id":"https:\/\/www.embarro.com\/#organization"},"potentialAction":[{"@type":"SearchAction","target":{"@type":"EntryPoint","urlTemplate":"https:\/\/www.embarro.com\/?s={search_term_string}"},"query-input":"required name=search_term_string"}],"inLanguage":"en-US"},{"@type":"Organization","@id":"https:\/\/www.embarro.com\/#organization","name":"EMBARRO","url":"https:\/\/www.embarro.com\/","logo":{"@type":"ImageObject","inLanguage":"en-US","@id":"https:\/\/www.embarro.com\/#\/schema\/logo\/image\/","url":"https:\/\/www.embarro.com\/wp-content\/uploads\/54784a80.jpg","contentUrl":"https:\/\/www.embarro.com\/wp-content\/uploads\/54784a80.jpg","width":1500,"height":1500,"caption":"EMBARRO"},"image":{"@id":"https:\/\/www.embarro.com\/#\/schema\/logo\/image\/"},"sameAs":["https:\/\/www.facebook.com\/vimaplasnature\/","https:\/\/www.instagram.com\/vimaplas_nature_blocan\/","https:\/\/www.linkedin.com\/company\/vimaplasnature\/?viewAsMember=true"]}]}},"_links":{"self":[{"href":"https:\/\/www.embarro.com\/en\/wp-json\/wp\/v2\/pages\/1736"}],"collection":[{"href":"https:\/\/www.embarro.com\/en\/wp-json\/wp\/v2\/pages"}],"about":[{"href":"https:\/\/www.embarro.com\/en\/wp-json\/wp\/v2\/types\/page"}],"author":[{"embeddable":true,"href":"https:\/\/www.embarro.com\/en\/wp-json\/wp\/v2\/users\/2"}],"replies":[{"embeddable":true,"href":"https:\/\/www.embarro.com\/en\/wp-json\/wp\/v2\/comments?post=1736"}],"version-history":[{"count":13,"href":"https:\/\/www.embarro.com\/en\/wp-json\/wp\/v2\/pages\/1736\/revisions"}],"predecessor-version":[{"id":9872,"href":"https:\/\/www.embarro.com\/en\/wp-json\/wp\/v2\/pages\/1736\/revisions\/9872"}],"up":[{"embeddable":true,"href":"https:\/\/www.embarro.com\/en\/wp-json\/wp\/v2\/pages\/55"}],"wp:featuredmedia":[{"embeddable":true,"href":"https:\/\/www.embarro.com\/en\/wp-json\/wp\/v2\/media\/9026"}],"wp:attachment":[{"href":"https:\/\/www.embarro.com\/en\/wp-json\/wp\/v2\/media?parent=1736"}],"curies":[{"name":"wp","href":"https:\/\/api.w.org\/{rel}","templated":true}]}}