{"id":68,"date":"2014-04-24T09:38:16","date_gmt":"2014-04-24T09:38:16","guid":{"rendered":"http:\/\/www.embarro.com\/?page_id=68"},"modified":"2025-08-11T15:13:34","modified_gmt":"2025-08-11T15:13:34","slug":"lehmputz-stucco-tadelakt","status":"publish","type":"page","link":"https:\/\/www.embarro.com\/de\/","title":{"rendered":"Home"},"content":{"rendered":"\t\t<div data-elementor-type=\"wp-page\" data-elementor-id=\"68\" class=\"elementor elementor-68 elementor-33\">\n\t\t\t\t<div class=\"elementor-element elementor-element-70cd2f13 e-flex e-con-boxed e-con e-parent\" data-id=\"70cd2f13\" data-element_type=\"container\" data-settings=\"{&quot;content_width&quot;:&quot;boxed&quot;}\" data-core-v316-plus=\"true\">\n\t\t\t\t\t<div class=\"e-con-inner\">\n\t\t\t\t<div class=\"elementor-element elementor-element-11316e30 elementor-widget elementor-widget-text-editor\" data-id=\"11316e30\" data-element_type=\"widget\" data-widget_type=\"text-editor.default\">\n\t\t\t\t<div class=\"elementor-widget-container\">\n\t\t\t<style>\/*! elementor - v3.19.0 - 07-02-2024 *\/\n.elementor-widget-text-editor.elementor-drop-cap-view-stacked .elementor-drop-cap{background-color:#69727d;color:#fff}.elementor-widget-text-editor.elementor-drop-cap-view-framed .elementor-drop-cap{color:#69727d;border:3px solid;background-color:transparent}.elementor-widget-text-editor:not(.elementor-drop-cap-view-default) .elementor-drop-cap{margin-top:8px}.elementor-widget-text-editor:not(.elementor-drop-cap-view-default) .elementor-drop-cap-letter{width:1em;height:1em}.elementor-widget-text-editor .elementor-drop-cap{float:left;text-align:center;line-height:1;font-size:50px}.elementor-widget-text-editor .elementor-drop-cap-letter{display:inline-block}<\/style>\t\t\t\t\n<h4>\u00a0<\/h4>\n\n<p><a href=\"https:\/\/www.embarro.com\/wp-content\/uploads\/\/ChristianeFinal-224x300.png\"><img fetchpriority=\"high\" decoding=\"async\" class=\" wp-image-16216 alignright\" src=\"https:\/\/www.embarro.com\/wp-content\/uploads\/\/ChristianeFinal-224x300.png\" alt=\"Morteros de tierra y cal. Tadelakt.\" width=\"304\" height=\"407\" srcset=\"https:\/\/www.embarro.com\/wp-content\/uploads\/ChristianeFinal-224x300.png 224w, https:\/\/www.embarro.com\/wp-content\/uploads\/ChristianeFinal-109x146.png 109w, https:\/\/www.embarro.com\/wp-content\/uploads\/ChristianeFinal-37x50.png 37w, https:\/\/www.embarro.com\/wp-content\/uploads\/ChristianeFinal-56x75.png 56w, https:\/\/www.embarro.com\/wp-content\/uploads\/ChristianeFinal.png 522w\" sizes=\"(max-width: 304px) 100vw, 304px\" \/><\/a><\/p>\n<h4>100 % NAT\u00dcRLICHE LEHMPUTZE<\/h4>\n<p><strong>Authentische mineralische Oberfl\u00e4chen<\/strong> <strong>mit sichtbarem Lehmputz<\/strong> \u00fcben eine besondere Faszination auf uns aus. Durch die Verwendung von 100% nat\u00fcrlichem Ton k\u00f6nnen nahezu unbegrenzte Farbkombinationen kreiert werden.<br \/>Die Oberfl\u00e4chen k\u00f6nnen spiegelglatt oder roh belassen gestaltet werden. Sie passen sowohl in moderne als auch in organische Wohnr\u00e4ume. Wir verwenden zertifizierte und gepr\u00fcfte Materialien, die heute mehr denn je Ma\u00dfstab f\u00fcr ansprechende \u00c4sthetik, Wohlbefinden und Funktionalit\u00e4t sind.<\/p>\n<p><strong>Unsere Erfahrung mit nat\u00fcrlichen Materialien und traditionellen Techniken<\/strong> hat es uns erm\u00f6glicht, eine echte Spezialisierung in der Auswahl und Empfehlung von Lehmputzen zu entwickeln. Mit einem tiefen Verst\u00e4ndnis f\u00fcr deren \u00e4sthetische und funktionale Eigenschaften stehen wir Ihnen zur Seite, um gemeinsam die ideale Wandgestaltung f\u00fcr Ihr Zuhause zu finden \u2013 individuell, bewusst und basierend auf jahrelanger Praxis und Hingabe zum Material.<\/p>\n<p><strong>Heute sind wir<\/strong> ein international t\u00e4tiges Unternehmen f\u00fcr Ausbau- und Oberfl\u00e4chenmaterialien mit Sitz in Portugal. Wir stehen Ihnen gerne f\u00fcr Beratung und den Verkauf von Lehmbasierten Materialien zur Verf\u00fcgung \u2013 Materialien, die wir seit \u00fcber 30 Jahren kennen und sch\u00e4tzen.<\/p>\n<p>\u00a0<\/p>\n<p>\u00a0<\/p>\n\n<div class=\"wp-block-image\">\n<figure class=\"alignleft\">\n<p><a href=\"https:\/\/www.embarro.com\/wp-content\/uploads\/\/partner-screenshot-300x265.png\"><img decoding=\"async\" class=\"alignleft  wp-image-16197\" src=\"https:\/\/www.embarro.com\/wp-content\/uploads\/\/partner-screenshot-300x265.png\" alt=\"\" width=\"229\" height=\"202\" srcset=\"https:\/\/www.embarro.com\/wp-content\/uploads\/partner-screenshot-300x265.png 300w, https:\/\/www.embarro.com\/wp-content\/uploads\/partner-screenshot-165x146.png 165w, https:\/\/www.embarro.com\/wp-content\/uploads\/partner-screenshot-50x44.png 50w, https:\/\/www.embarro.com\/wp-content\/uploads\/partner-screenshot-85x75.png 85w, https:\/\/www.embarro.com\/wp-content\/uploads\/partner-screenshot.png 336w\" sizes=\"(max-width: 229px) 100vw, 229px\" \/><\/a><\/p>\n<\/figure>\n<\/div>\n\n<h4>Unser Fokus: Lehmputze mit CLAYTEC<\/h4>\n<p>Mit all den <strong>Vorteilen, die Lehm als Baustoff bietet<\/strong> \u2013 zus\u00e4tzlich zu seiner sch\u00f6nen und eleganten Oberfl\u00e4che \u2013 ist er eine effektive L\u00f6sung f\u00fcr typische Probleme in vielen H\u00e4usern, wie Feuchtigkeit, Schimmel und schlechte Luftqualit\u00e4t.<\/p>\n<p>Wir vertreten CLAYTEC offiziell als <strong>Vertriebspartner und Ansprechpartner f\u00fcr die Anwendung in Portugal und Spanien.<\/strong><\/p>\n<p>CLAYTEC bietet eine<strong> gro\u00dfe Auswahl an lehmgebundenen Spezialm\u00f6rteln<\/strong>, sowie verschiedene Arten von Platten. Besonders hervorzuheben ist \u201e<a href=\"https:\/\/www.embarro.com\/wp-content\/uploads\/Brochure_YOSIMA_en-1.pdf\">YOSIMA<\/a> Finish\u201c, eine Endbeschichtung auf Lehmbasis mit 2 mm St\u00e4rke, erh\u00e4ltlich in 146 Farben. Die Mischung wird gebrauchsfertig geliefert \u2013 es muss nur Wasser hinzugef\u00fcgt werden. Die Farbtiefe von YOSIMA <strong>beruht nicht auf k\u00fcnstlichen Pigmenten<\/strong>: sie entsteht ausschlie\u00dflich durch die nat\u00fcrlichen Eigenschaften des verwendeten Lehms.<\/p>\n<p>Alle CLAYTEC-Produkte werden nach den h\u00f6chsten Qualit\u00e4tsstandards hergestellt, in \u00dcbereinstimmung mit den europ\u00e4ischen Normen DIN 18945\u201347 f\u00fcr Baustoffe aus Lehm, und sind vom ECO-Institut zertifiziert.<\/p>\n\t\t\t\t\t\t<\/div>\n\t\t\t\t<\/div>\n\t\t\t\t\t<\/div>\n\t\t\t\t<\/div>\n\t\t\t\t<\/div>\n\t\t","protected":false},"excerpt":{"rendered":"<p>\u00a0 100 % NAT\u00dcRLICHE LEHMPUTZE Authentische mineralische Oberfl\u00e4chen mit sichtbarem Lehmputz \u00fcben eine besondere Faszination auf uns aus. Durch die Verwendung von 100% nat\u00fcrlichem Ton k\u00f6nnen<span class=\"excerpt-hellip\"> [\u2026]<\/span><\/p>\n","protected":false},"author":2,"featured_media":16534,"parent":0,"menu_order":0,"comment_status":"closed","ping_status":"closed","template":"","meta":[],"yoast_head":"<!-- This site is optimized with the Yoast SEO plugin v20.1 - https:\/\/yoast.com\/wordpress\/plugins\/seo\/ -->\n<title>100\u202f% Natur-Lehmputze<\/title>\n<meta name=\"description\" content=\"Vertrauen Sie auf uns, um die perfekte Farbe f\u00fcr Ihr Innenraumprojekt mit der nat\u00fcrlichen Lehmputzpalette von ClayTec zu finden!\" \/>\n<meta name=\"robots\" content=\"index, follow, max-snippet:-1, max-image-preview:large, max-video-preview:-1\" \/>\n<link rel=\"canonical\" href=\"https:\/\/www.embarro.com\/\" \/>\n<meta property=\"og:locale\" content=\"de_DE\" \/>\n<meta property=\"og:type\" content=\"article\" \/>\n<meta property=\"og:title\" content=\"100\u202f% Natur-Lehmputze\" \/>\n<meta property=\"og:description\" content=\"Vertrauen Sie auf uns, um die perfekte Farbe f\u00fcr Ihr Innenraumprojekt mit der nat\u00fcrlichen Lehmputzpalette von ClayTec zu finden!\" \/>\n<meta property=\"og:url\" content=\"https:\/\/www.embarro.com\/\" \/>\n<meta property=\"og:site_name\" content=\"EMBARRO\" \/>\n<meta property=\"article:publisher\" content=\"https:\/\/www.facebook.com\/vimaplasnature\/\" \/>\n<meta property=\"article:modified_time\" content=\"2025-08-11T15:13:34+00:00\" \/>\n<meta property=\"og:image\" content=\"https:\/\/www.embarro.com\/wp-content\/uploads\/HOME.png\" \/>\n\t<meta property=\"og:image:width\" content=\"365\" \/>\n\t<meta property=\"og:image:height\" content=\"500\" \/>\n\t<meta property=\"og:image:type\" content=\"image\/png\" \/>\n<meta name=\"twitter:card\" content=\"summary_large_image\" \/>\n<meta name=\"twitter:label1\" content=\"Gesch\u00e4tzte Lesezeit\" \/>\n\t<meta name=\"twitter:data1\" content=\"3 Minuten\" \/>\n<script type=\"application\/ld+json\" class=\"yoast-schema-graph\">{\"@context\":\"https:\/\/schema.org\",\"@graph\":[{\"@type\":\"WebPage\",\"@id\":\"https:\/\/www.embarro.com\/\",\"url\":\"https:\/\/www.embarro.com\/\",\"name\":\"100\u202f% Natur-Lehmputze\",\"isPartOf\":{\"@id\":\"https:\/\/www.embarro.com\/#website\"},\"datePublished\":\"2014-04-24T09:38:16+00:00\",\"dateModified\":\"2025-08-11T15:13:34+00:00\",\"description\":\"Vertrauen Sie auf uns, um die perfekte Farbe f\u00fcr Ihr Innenraumprojekt mit der nat\u00fcrlichen Lehmputzpalette von ClayTec zu finden!\",\"breadcrumb\":{\"@id\":\"https:\/\/www.embarro.com\/#breadcrumb\"},\"inLanguage\":\"de-DE\",\"potentialAction\":[{\"@type\":\"ReadAction\",\"target\":[\"https:\/\/www.embarro.com\/\"]}]},{\"@type\":\"BreadcrumbList\",\"@id\":\"https:\/\/www.embarro.com\/#breadcrumb\",\"itemListElement\":[{\"@type\":\"ListItem\",\"position\":1,\"name\":\"In\u00edcio\",\"item\":\"https:\/\/www.embarro.com\/\"},{\"@type\":\"ListItem\",\"position\":2,\"name\":\"Home\"}]},{\"@type\":\"WebSite\",\"@id\":\"https:\/\/www.embarro.com\/#website\",\"url\":\"https:\/\/www.embarro.com\/\",\"name\":\"EMBARRO\",\"description\":\"H\u00e1 30 anos a transformar casas em Portugal e Espanha com os melhores revestimentos naturais de argila e cal. Ajudamos a encontrar a solu\u00e7\u00e3o ideal para a sua casa.\",\"publisher\":{\"@id\":\"https:\/\/www.embarro.com\/#organization\"},\"potentialAction\":[{\"@type\":\"SearchAction\",\"target\":{\"@type\":\"EntryPoint\",\"urlTemplate\":\"https:\/\/www.embarro.com\/?s={search_term_string}\"},\"query-input\":\"required name=search_term_string\"}],\"inLanguage\":\"de-DE\"},{\"@type\":\"Organization\",\"@id\":\"https:\/\/www.embarro.com\/#organization\",\"name\":\"EMBARRO\",\"url\":\"https:\/\/www.embarro.com\/\",\"logo\":{\"@type\":\"ImageObject\",\"inLanguage\":\"de-DE\",\"@id\":\"https:\/\/www.embarro.com\/#\/schema\/logo\/image\/\",\"url\":\"https:\/\/www.embarro.com\/wp-content\/uploads\/54784a80.jpg\",\"contentUrl\":\"https:\/\/www.embarro.com\/wp-content\/uploads\/54784a80.jpg\",\"width\":1500,\"height\":1500,\"caption\":\"EMBARRO\"},\"image\":{\"@id\":\"https:\/\/www.embarro.com\/#\/schema\/logo\/image\/\"},\"sameAs\":[\"https:\/\/www.facebook.com\/vimaplasnature\/\",\"https:\/\/www.instagram.com\/vimaplas_nature_blocan\/\",\"https:\/\/www.linkedin.com\/company\/vimaplasnature\/?viewAsMember=true\"]}]}<\/script>\n<!-- \/ Yoast SEO plugin. -->","yoast_head_json":{"title":"100\u202f% Natur-Lehmputze","description":"Vertrauen Sie auf uns, um die perfekte Farbe f\u00fcr Ihr Innenraumprojekt mit der nat\u00fcrlichen Lehmputzpalette von ClayTec zu finden!","robots":{"index":"index","follow":"follow","max-snippet":"max-snippet:-1","max-image-preview":"max-image-preview:large","max-video-preview":"max-video-preview:-1"},"canonical":"https:\/\/www.embarro.com\/","og_locale":"de_DE","og_type":"article","og_title":"100\u202f% Natur-Lehmputze","og_description":"Vertrauen Sie auf uns, um die perfekte Farbe f\u00fcr Ihr Innenraumprojekt mit der nat\u00fcrlichen Lehmputzpalette von ClayTec zu finden!","og_url":"https:\/\/www.embarro.com\/","og_site_name":"EMBARRO","article_publisher":"https:\/\/www.facebook.com\/vimaplasnature\/","article_modified_time":"2025-08-11T15:13:34+00:00","og_image":[{"width":365,"height":500,"url":"https:\/\/www.embarro.com\/wp-content\/uploads\/HOME.png","type":"image\/png"}],"twitter_card":"summary_large_image","twitter_misc":{"Gesch\u00e4tzte Lesezeit":"3 Minuten"},"schema":{"@context":"https:\/\/schema.org","@graph":[{"@type":"WebPage","@id":"https:\/\/www.embarro.com\/","url":"https:\/\/www.embarro.com\/","name":"100\u202f% Natur-Lehmputze","isPartOf":{"@id":"https:\/\/www.embarro.com\/#website"},"datePublished":"2014-04-24T09:38:16+00:00","dateModified":"2025-08-11T15:13:34+00:00","description":"Vertrauen Sie auf uns, um die perfekte Farbe f\u00fcr Ihr Innenraumprojekt mit der nat\u00fcrlichen Lehmputzpalette von ClayTec zu finden!","breadcrumb":{"@id":"https:\/\/www.embarro.com\/#breadcrumb"},"inLanguage":"de-DE","potentialAction":[{"@type":"ReadAction","target":["https:\/\/www.embarro.com\/"]}]},{"@type":"BreadcrumbList","@id":"https:\/\/www.embarro.com\/#breadcrumb","itemListElement":[{"@type":"ListItem","position":1,"name":"In\u00edcio","item":"https:\/\/www.embarro.com\/"},{"@type":"ListItem","position":2,"name":"Home"}]},{"@type":"WebSite","@id":"https:\/\/www.embarro.com\/#website","url":"https:\/\/www.embarro.com\/","name":"EMBARRO","description":"H\u00e1 30 anos a transformar casas em Portugal e Espanha com os melhores revestimentos naturais de argila e cal. Ajudamos a encontrar a solu\u00e7\u00e3o ideal para a sua casa.","publisher":{"@id":"https:\/\/www.embarro.com\/#organization"},"potentialAction":[{"@type":"SearchAction","target":{"@type":"EntryPoint","urlTemplate":"https:\/\/www.embarro.com\/?s={search_term_string}"},"query-input":"required name=search_term_string"}],"inLanguage":"de-DE"},{"@type":"Organization","@id":"https:\/\/www.embarro.com\/#organization","name":"EMBARRO","url":"https:\/\/www.embarro.com\/","logo":{"@type":"ImageObject","inLanguage":"de-DE","@id":"https:\/\/www.embarro.com\/#\/schema\/logo\/image\/","url":"https:\/\/www.embarro.com\/wp-content\/uploads\/54784a80.jpg","contentUrl":"https:\/\/www.embarro.com\/wp-content\/uploads\/54784a80.jpg","width":1500,"height":1500,"caption":"EMBARRO"},"image":{"@id":"https:\/\/www.embarro.com\/#\/schema\/logo\/image\/"},"sameAs":["https:\/\/www.facebook.com\/vimaplasnature\/","https:\/\/www.instagram.com\/vimaplas_nature_blocan\/","https:\/\/www.linkedin.com\/company\/vimaplasnature\/?viewAsMember=true"]}]}},"_links":{"self":[{"href":"https:\/\/www.embarro.com\/de\/wp-json\/wp\/v2\/pages\/68"}],"collection":[{"href":"https:\/\/www.embarro.com\/de\/wp-json\/wp\/v2\/pages"}],"about":[{"href":"https:\/\/www.embarro.com\/de\/wp-json\/wp\/v2\/types\/page"}],"author":[{"embeddable":true,"href":"https:\/\/www.embarro.com\/de\/wp-json\/wp\/v2\/users\/2"}],"replies":[{"embeddable":true,"href":"https:\/\/www.embarro.com\/de\/wp-json\/wp\/v2\/comments?post=68"}],"version-history":[{"count":68,"href":"https:\/\/www.embarro.com\/de\/wp-json\/wp\/v2\/pages\/68\/revisions"}],"predecessor-version":[{"id":16632,"href":"https:\/\/www.embarro.com\/de\/wp-json\/wp\/v2\/pages\/68\/revisions\/16632"}],"wp:featuredmedia":[{"embeddable":true,"href":"https:\/\/www.embarro.com\/de\/wp-json\/wp\/v2\/media\/16534"}],"wp:attachment":[{"href":"https:\/\/www.embarro.com\/de\/wp-json\/wp\/v2\/media?parent=68"}],"curies":[{"name":"wp","href":"https:\/\/api.w.org\/{rel}","templated":true}]}}