{"id":307,"date":"2014-05-05T13:54:43","date_gmt":"2014-05-05T13:54:43","guid":{"rendered":"http:\/\/www.embarro.com\/?page_id=307"},"modified":"2025-06-06T16:45:17","modified_gmt":"2025-06-06T16:45:17","slug":"lehm","status":"publish","type":"page","link":"https:\/\/www.embarro.com\/de\/lehmputze-claytec\/lehm\/","title":{"rendered":"CLAYTEC-Lehmputze"},"content":{"rendered":"<h4>Vielseitigkeit von Lehmputzen<\/h4>\n<p><strong>Lehmputz<\/strong> \u2013 auch bekannt als Erd- oder Tonputz \u2013 kann als alternative L\u00f6sung zu herk\u00f6mmlichen Putzsystemen verwendet werden. Er eignet sich sowohl f\u00fcr den Aufbau mehrschichtiger Systeme als auch f\u00fcr dekorative Oberfl\u00e4chenbeschichtungen mit nur wenigen Millimetern Schichtst\u00e4rke.<\/p>\n<p>Lehm ist ein idealer Wandbelag, um ein Gef\u00fchl von Komfort und Wohlbefinden zu schaffen. Dar\u00fcber hinaus <strong>verbessert er nachweislich die Raumluftqualit\u00e4t<\/strong>, insbesondere in Bezug auf typische Feuchtigkeitsprobleme.<\/p>\n<p>Lehmputze sind heute nach der europ\u00e4ischen Norm DIN 18947 (AENOR) standardisiert und anerkannt, was eine zuverl\u00e4ssige Qualit\u00e4tsbewertung und professionelle Anwendung im modernen Bauwesen erm\u00f6glicht.<\/p>\n<p>&nbsp;<\/p>\n<p>&nbsp;<\/p>\n<div id=\"attachment_13770\" style=\"width: 235px\" class=\"wp-caption alignleft\"><a href=\"https:\/\/www.embarro.com\/wp-content\/uploads\/sala.jpg\"><img aria-describedby=\"caption-attachment-13770\" fetchpriority=\"high\" decoding=\"async\" class=\"size-medium wp-image-13770\" src=\"https:\/\/www.embarro.com\/wp-content\/uploads\/sala-225x300.jpg\" alt=\"YOSIMA\" width=\"225\" height=\"300\" srcset=\"https:\/\/www.embarro.com\/wp-content\/uploads\/sala-225x300.jpg 225w, https:\/\/www.embarro.com\/wp-content\/uploads\/sala-768x1024.jpg 768w, https:\/\/www.embarro.com\/wp-content\/uploads\/sala-1152x1536.jpg 1152w, https:\/\/www.embarro.com\/wp-content\/uploads\/sala-1536x2048.jpg 1536w, https:\/\/www.embarro.com\/wp-content\/uploads\/sala-110x146.jpg 110w, https:\/\/www.embarro.com\/wp-content\/uploads\/sala-38x50.jpg 38w, https:\/\/www.embarro.com\/wp-content\/uploads\/sala-56x75.jpg 56w\" sizes=\"(max-width: 225px) 100vw, 225px\" \/><\/a><p id=\"caption-attachment-13770\" class=\"wp-caption-text\">CLAYTEC Designputz YOSIMA. Wandfarbe Kolumba-Grau, Decken Wei\u00df. embarro@work<\/p><\/div>\n<h4>Design mit CLAYTEC-Lehmputze<\/h4>\n<p>Seit der Architekt Peter Zumthor den YOSIMA-Lehmoberputz von CLAYTEC f\u00fcr die vollst\u00e4ndige Innenraumgestaltung des Kolumba-Museums verwendete, gelten Lehmputze als anerkannte Gestaltungselemente in der <strong>zeitgen\u00f6ssischen Architektur<\/strong>.<\/p>\n<p><a href=\"https:\/\/www.embarro.com\/wp-content\/uploads\/Brochure_YOSIMA_en-1.pdf\" target=\"_blank\" rel=\"noopener\">YOSIMA-Katalog<\/a> &#8230; mit einer Auswahl von 146 vorgemischten Farbt\u00f6nen.<\/p>\n<p><strong>In Bezug auf die gestalterische Qualit\u00e4t<\/strong> ist das Verh\u00e4ltnis zur Lichtwirkung die herausragendste Eigenschaft von Lehmputzoberfl\u00e4chen. Ob nat\u00fcrliches oder k\u00fcnstliches Licht \u2013 der Lehm absorbiert und reflektiert es sanft, ohne die Lichtwirkung zu verlieren, wie es bei synthetischen Farben oder k\u00fcnstlichen Oberfl\u00e4chen h\u00e4ufig der Fall ist. Mit seiner lebendigen, leicht matten Textur in warmen Naturt\u00f6nen hebt Lehm das visuelle Erscheinungsbild jedes Raumes hervor. Das feine Farbspiel des reinen Lehms verleiht den Oberfl\u00e4chen ihren nat\u00fcrlichen und authentischen Charakter.<\/p>\n<p><strong>Dank unseres hohen Qualit\u00e4tsstandards<\/strong> k\u00f6nnen Lehmoberfl\u00e4chen heute auch in hoch frequentierten Bereichen \u2013 wie z.\u202fB. Einzelhandelsfl\u00e4chen, Hotels oder Restaurants \u2013 eingesetzt werden, ohne ihre nat\u00fcrlichen Eigenschaften zu beeintr\u00e4chtigen und ohne den Einsatz von Zusatzstoffen oder Fixiermitteln. F\u00fcr alle, die authentische Oberfl\u00e4chen mit einem <strong>sp\u00fcrbaren Wohlf\u00fchleffekt<\/strong> suchen, ist YOSIMA die perfekte L\u00f6sung, um mit wenig Aufwand viel zu erreichen.<\/p>\n<p>&nbsp;<\/p>\n<p>&nbsp;<\/p>\n<div id=\"attachment_13745\" style=\"width: 284px\" class=\"wp-caption alignright\"><a href=\"https:\/\/www.embarro.com\/wp-content\/uploads\/staircase.jpg\"><img aria-describedby=\"caption-attachment-13745\" decoding=\"async\" class=\"wp-image-13745 \" src=\"https:\/\/www.embarro.com\/wp-content\/uploads\/staircase-225x300.jpg\" alt=\"clay finish\" width=\"274\" height=\"365\" srcset=\"https:\/\/www.embarro.com\/wp-content\/uploads\/staircase-225x300.jpg 225w, https:\/\/www.embarro.com\/wp-content\/uploads\/staircase-768x1024.jpg 768w, https:\/\/www.embarro.com\/wp-content\/uploads\/staircase-1152x1536.jpg 1152w, https:\/\/www.embarro.com\/wp-content\/uploads\/staircase-1536x2048.jpg 1536w, https:\/\/www.embarro.com\/wp-content\/uploads\/staircase-110x146.jpg 110w, https:\/\/www.embarro.com\/wp-content\/uploads\/staircase-38x50.jpg 38w, https:\/\/www.embarro.com\/wp-content\/uploads\/staircase-56x75.jpg 56w\" sizes=\"(max-width: 274px) 100vw, 274px\" \/><\/a><p id=\"caption-attachment-13745\" class=\"wp-caption-text\">CLAYTEC Designputz YOSIMA in Wei\u00df. embarro@work<\/p><\/div>\n<h4>Die Wirkung von Lehmputz auf die Raumluftqualit\u00e4t \u2013 nat\u00fcrlich und nachgewiesen<\/h4>\n<p>Es ist kein Zufall, dass <strong>Lehmputz<\/strong> in der <strong>nachhaltigen Bauweise<\/strong> und im <strong>Innenraumdesign<\/strong> zunehmend an Bedeutung gewinnt. Seine F\u00e4higkeit, die Luftfeuchtigkeit zu regulieren und Ger\u00fcche zu binden, tr\u00e4gt wesentlich zu einem ges\u00fcnderen und angenehmeren Raumklima bei.<\/p>\n<p>Seit 2013 sind Lehmputze in Europa durch die Norm DIN 18947 offiziell standardisiert. Diese Norm legt strenge Qualit\u00e4tskriterien fest, erm\u00f6glicht einen objektiven Produktvergleich und verleiht Lehmputzen den Status eines anerkannten Baustoffs im professionellen Bauwesen.<\/p>\n<p>Die Norm definiert zentrale technische Anforderungen wie Plastizit\u00e4t, Brandverhalten, Druckfestigkeit und Abriebfestigkeit \u2013 wesentliche Parameter f\u00fcr die Akzeptanz, Verarbeitung und Langlebigkeit dieses nat\u00fcrlichen und funktionalen Oberfl\u00e4chenmaterials.<\/p>\n<p>&nbsp;<\/p>\n<p>&nbsp;<\/p>\n<p>&nbsp;<\/p>\n<p>&nbsp;<\/p>\n<div id=\"attachment_13777\" style=\"width: 248px\" class=\"wp-caption alignleft\"><a href=\"https:\/\/www.embarro.com\/wp-content\/uploads\/earth-cut.jpg\"><img aria-describedby=\"caption-attachment-13777\" decoding=\"async\" class=\"wp-image-13777 \" src=\"https:\/\/www.embarro.com\/wp-content\/uploads\/earth-cut-159x300.jpg\" alt=\"coloured clay plaster\" width=\"238\" height=\"449\" srcset=\"https:\/\/www.embarro.com\/wp-content\/uploads\/earth-cut-159x300.jpg 159w, https:\/\/www.embarro.com\/wp-content\/uploads\/earth-cut-542x1024.jpg 542w, https:\/\/www.embarro.com\/wp-content\/uploads\/earth-cut-768x1450.jpg 768w, https:\/\/www.embarro.com\/wp-content\/uploads\/earth-cut-814x1536.jpg 814w, https:\/\/www.embarro.com\/wp-content\/uploads\/earth-cut-1085x2048.jpg 1085w, https:\/\/www.embarro.com\/wp-content\/uploads\/earth-cut-77x146.jpg 77w, https:\/\/www.embarro.com\/wp-content\/uploads\/earth-cut-26x50.jpg 26w, https:\/\/www.embarro.com\/wp-content\/uploads\/earth-cut-40x75.jpg 40w, https:\/\/www.embarro.com\/wp-content\/uploads\/earth-cut.jpg 1633w\" sizes=\"(max-width: 238px) 100vw, 238px\" \/><\/a><p id=\"caption-attachment-13777\" class=\"wp-caption-text\">Mehrfarbiger CLAYTEC-Putz. embarro@work<\/p><\/div>\n<h4>Nachhaltigkeit und Innovation mit CLAYTEC<\/h4>\n<p><strong>Die Geschichte von CLAYTEC begann im Jahr 1978<\/strong> in Deutschland \u2013 als eines der Pionierunternehmen im Bereich des Bauens mit <strong>Lehmbauprodukten<\/strong>. Seitdem steht die Marke f\u00fcr kontinuierliche Innovation und hat ma\u00dfgeblich zur Entwicklung von L\u00f6sungen wie Lehm-Trockenbauplatten und den farbigen YOSIMA-Oberfl\u00e4chen beigetragen, die heute im Innenausbau und im \u00f6kologischen Bauen weithin anerkannt sind.<\/p>\n<p>Das Produktsortiment von CLAYTEC deckt s\u00e4mtliche Anforderungen des modernen Lehmbaus ab \u2013 von der W\u00e4rmed\u00e4mmung bis zur Oberfl\u00e4chengestaltung \u2013 mit nat\u00fcrlichen, leistungsstarken und \u00e4sthetisch ansprechenden L\u00f6sungen.<\/p>\n<p>Der folgende Link gibt einen \u00dcberblick \u00fcber die CLAYTEC-Produkte: <a href=\"https:\/\/www.embarro.com\/wp-content\/uploads\/FO-Image-5_DE.pdf\">CLAYTEC Uebersicht<\/a><\/p>\n<p>Hier bieten wir den kompletten CLAYTEC Produktkatalog: <a href=\"https:\/\/www.embarro.com\/wp-content\/uploads\/Produktkatalog_D_web-2.pdf\" target=\"_blank\" rel=\"noopener\">CLAYTEC Produktkatalog<\/a><\/p>\n<p>&nbsp;<\/p>\n<p>&nbsp;<\/p>\n<p>&nbsp;<\/p>\n<p>&nbsp;<\/p>\n<p>&nbsp;<\/p>\n<p>&nbsp;<\/p>\n<p>&nbsp;<\/p>\n<p><span style=\"font-size: 21px;\">Technische Dokumentation CLAYTEC<\/span><\/p>\n<p>F\u00fcr detaillierte Informationen finden Sie nachfolgend die wichtigsten technischen Datenbl\u00e4tter zu den CLAYTEC-Produkten \u2013 einschlie\u00dflich Eigenschaften, Anwendungen und Verarbeitungshinweisen.<\/p>\n<ul>\n<li><a href=\"https:\/\/www.embarro.com\/wp-content\/uploads\/PT-2021-02-argila-base.pdf\">CLAYTEC-Lehm-Unterputz 0-2mm <\/a> \u2013 Ideal als erste Lage in Lehmputzsystemen.<\/li>\n<li><a href=\"https:\/\/www.youtube.com\/watch?v=QE2XmQxrm5k\" target=\"_blank\" rel=\"noopener\">Video zur Verarbeitung von Lehmputz<\/a>\u00a0\u2013 Ein bew\u00e4hrter Klassiker von embarro@work, informativ und aktuell.<\/li>\n<li><a href=\"https:\/\/www.embarro.com\/wp-content\/uploads\/PT-2024-11-Mineral-20.pdf\">Mineralischer Lehm-Unterputz 20<\/a>\u00a0\u2013 Strohfreier Unterputz, ideal f\u00fcr saubere und technische Anwendungen.<\/li>\n<li><a href=\"https:\/\/www.embarro.com\/wp-content\/uploads\/PT-2021-02-base-cores.pdf\">Lehm-Unterputz in 6 Farben<\/a>\u00a0\u2013 Erh\u00e4ltlich in 6 nat\u00fcrlichen Farbt\u00f6nen.<\/li>\n<li><a href=\"https:\/\/www.embarro.com\/wp-content\/uploads\/PT-2022-08-YOSIMA.pdf\" target=\"_blank\" rel=\"noopener\">YOSIMA Designputz (Oberputz)<\/a>\u2013 Erh\u00e4ltlich in 146 YOSIMA-Farben + 6 spezielle Zusatzstoffe zur Individualisierung.<\/li>\n<li><a href=\"https:\/\/www.embarro.com\/wp-content\/uploads\/Care-YOSIMA-PT.pdf\" target=\"_blank\" rel=\"noopener\">Pflegehinweise f\u00fcr YOSIMA-Oberfl\u00e4chen<\/a> \u2013 Praktische Anleitungen zur Reinigung und Ausbesserung von YOSIMA-Lehmoberfl\u00e4chen.<\/li>\n<li><a href=\"https:\/\/www.embarro.com\/wp-content\/uploads\/PT-2023-07-TINTA-DE-BARRO-CLAYFIX.pdf\" target=\"_blank\" rel=\"noopener\">CLAYFIX Lehmfarbe<\/a>\u2013 Erh\u00e4ltlich in allen 146 YOSIMA-Farbt\u00f6nen, ideal zum Gestalten oder Renovieren von Innenw\u00e4nden.<\/li>\n<li><a href=\"https:\/\/www.embarro.com\/wp-content\/uploads\/PT-2021-02-D16-D22-Lemix.pdf\" target=\"_blank\" rel=\"noopener\">CLAYTEC-Lehmplatten 16+22 mm<\/a>\u00a0\u2013 Schwere Lehmplatten zur Anwendung an W\u00e4nden und Decken.<\/li>\n<li><a href=\"https:\/\/www.embarro.com\/wp-content\/uploads\/PT-2021-02-Argamassa-adesiva.pdf\" target=\"_blank\" rel=\"noopener\">CLAYTEC-Lehmkleber <\/a>\u00a0\u2013 Spezieller Klebem\u00f6rtel zur Montage von CLAYTEC-Lehmplatten.<\/li>\n<li><a href=\"https:\/\/www.embarro.com\/wp-content\/uploads\/PB_Grundierungen_5-2018_RZ_EN.pdf\" target=\"_blank\" rel=\"noopener\">CLAYTEC-Grundierungen<\/a>\u2013 In verschiedenen K\u00f6rnungen erh\u00e4ltlich: glatt, fein und grob \u2013 f\u00fcr optimale Haftung.<\/li>\n<li><a href=\"https:\/\/www.embarro.com\/wp-content\/uploads\/PT-2024-01-PRIMARIO-DE-CASEINA.pdf\">Kasein-Grundierung<\/a> \u2013 Transparenter und farbloser Haftgrund, ideal zur Vorbereitung von Lehmoberfl\u00e4chen.<\/li>\n<\/ul>\n<p>F\u00fcr eine individuelle Beratung und die passende L\u00f6sung f\u00fcr Ihr Projekt kontaktieren Sie uns gerne unter: <a href=\"mailto:info@vimaplasnature.pt\" target=\"_blank\" rel=\"noopener\">info@vimaplasnature.p<\/a><a href=\"mailto:info@vimaplasnature.pt\">t<\/a><\/p>\n<p>&nbsp;<\/p>\n","protected":false},"excerpt":{"rendered":"<p>Vielseitigkeit von Lehmputzen Lehmputz \u2013 auch bekannt als Erd- oder Tonputz \u2013 kann als alternative L\u00f6sung zu herk\u00f6mmlichen Putzsystemen verwendet werden. Er eignet sich sowohl f\u00fcr<span class=\"excerpt-hellip\"> [\u2026]<\/span><\/p>\n","protected":false},"author":2,"featured_media":16558,"parent":176,"menu_order":0,"comment_status":"closed","ping_status":"closed","template":"","meta":[],"yoast_head":"<!-- This site is optimized with the Yoast SEO plugin v20.1 - https:\/\/yoast.com\/wordpress\/plugins\/seo\/ -->\n<title>ClayTec Lehmputze<\/title>\n<meta name=\"description\" content=\"Nat\u00fcrliche Putze \u2013 ideal f\u00fcr atmungsaktive, \u00f6kologische und hochwertige Innenr\u00e4ume im nachhaltigen Bauwesen.\" \/>\n<meta name=\"robots\" content=\"index, follow, max-snippet:-1, max-image-preview:large, max-video-preview:-1\" \/>\n<link rel=\"canonical\" href=\"https:\/\/www.embarro.com\/de\/lehmputze-claytec\/lehm\/\" \/>\n<meta property=\"og:locale\" content=\"de_DE\" \/>\n<meta property=\"og:type\" content=\"article\" \/>\n<meta property=\"og:title\" content=\"ClayTec Lehmputze\" \/>\n<meta property=\"og:description\" content=\"Nat\u00fcrliche Putze \u2013 ideal f\u00fcr atmungsaktive, \u00f6kologische und hochwertige Innenr\u00e4ume im nachhaltigen Bauwesen.\" \/>\n<meta property=\"og:url\" content=\"https:\/\/www.embarro.com\/de\/lehmputze-claytec\/lehm\/\" \/>\n<meta property=\"og:site_name\" content=\"EMBARRO\" \/>\n<meta property=\"article:publisher\" content=\"https:\/\/www.facebook.com\/vimaplasnature\/\" \/>\n<meta property=\"article:modified_time\" content=\"2025-06-06T16:45:17+00:00\" \/>\n<meta property=\"og:image\" content=\"https:\/\/www.embarro.com\/wp-content\/uploads\/row-1-column-2-12-3.png\" \/>\n\t<meta property=\"og:image:width\" content=\"1080\" \/>\n\t<meta property=\"og:image:height\" content=\"1350\" \/>\n\t<meta property=\"og:image:type\" content=\"image\/png\" \/>\n<meta name=\"twitter:card\" content=\"summary_large_image\" \/>\n<meta name=\"twitter:label1\" content=\"Gesch\u00e4tzte Lesezeit\" \/>\n\t<meta name=\"twitter:data1\" content=\"5 Minuten\" \/>\n<script type=\"application\/ld+json\" class=\"yoast-schema-graph\">{\"@context\":\"https:\/\/schema.org\",\"@graph\":[{\"@type\":\"WebPage\",\"@id\":\"https:\/\/www.embarro.com\/de\/lehmputze-claytec\/lehm\/\",\"url\":\"https:\/\/www.embarro.com\/de\/lehmputze-claytec\/lehm\/\",\"name\":\"ClayTec Lehmputze\",\"isPartOf\":{\"@id\":\"https:\/\/www.embarro.com\/#website\"},\"datePublished\":\"2014-05-05T13:54:43+00:00\",\"dateModified\":\"2025-06-06T16:45:17+00:00\",\"description\":\"Nat\u00fcrliche Putze \u2013 ideal f\u00fcr atmungsaktive, \u00f6kologische und hochwertige Innenr\u00e4ume im nachhaltigen Bauwesen.\",\"breadcrumb\":{\"@id\":\"https:\/\/www.embarro.com\/de\/lehmputze-claytec\/lehm\/#breadcrumb\"},\"inLanguage\":\"de-DE\",\"potentialAction\":[{\"@type\":\"ReadAction\",\"target\":[\"https:\/\/www.embarro.com\/de\/lehmputze-claytec\/lehm\/\"]}]},{\"@type\":\"BreadcrumbList\",\"@id\":\"https:\/\/www.embarro.com\/de\/lehmputze-claytec\/lehm\/#breadcrumb\",\"itemListElement\":[{\"@type\":\"ListItem\",\"position\":1,\"name\":\"In\u00edcio\",\"item\":\"https:\/\/www.embarro.com\/\"},{\"@type\":\"ListItem\",\"position\":2,\"name\":\"Produkte\",\"item\":\"https:\/\/www.embarro.com\/de\/lehmputze-claytec\/\"},{\"@type\":\"ListItem\",\"position\":3,\"name\":\"CLAYTEC-Lehmputze\"}]},{\"@type\":\"WebSite\",\"@id\":\"https:\/\/www.embarro.com\/#website\",\"url\":\"https:\/\/www.embarro.com\/\",\"name\":\"EMBARRO\",\"description\":\"H\u00e1 30 anos a transformar casas em Portugal e Espanha com os melhores revestimentos naturais de argila e cal. Ajudamos a encontrar a solu\u00e7\u00e3o ideal para a sua casa.\",\"publisher\":{\"@id\":\"https:\/\/www.embarro.com\/#organization\"},\"potentialAction\":[{\"@type\":\"SearchAction\",\"target\":{\"@type\":\"EntryPoint\",\"urlTemplate\":\"https:\/\/www.embarro.com\/?s={search_term_string}\"},\"query-input\":\"required name=search_term_string\"}],\"inLanguage\":\"de-DE\"},{\"@type\":\"Organization\",\"@id\":\"https:\/\/www.embarro.com\/#organization\",\"name\":\"EMBARRO\",\"url\":\"https:\/\/www.embarro.com\/\",\"logo\":{\"@type\":\"ImageObject\",\"inLanguage\":\"de-DE\",\"@id\":\"https:\/\/www.embarro.com\/#\/schema\/logo\/image\/\",\"url\":\"https:\/\/www.embarro.com\/wp-content\/uploads\/54784a80.jpg\",\"contentUrl\":\"https:\/\/www.embarro.com\/wp-content\/uploads\/54784a80.jpg\",\"width\":1500,\"height\":1500,\"caption\":\"EMBARRO\"},\"image\":{\"@id\":\"https:\/\/www.embarro.com\/#\/schema\/logo\/image\/\"},\"sameAs\":[\"https:\/\/www.facebook.com\/vimaplasnature\/\",\"https:\/\/www.instagram.com\/vimaplas_nature_blocan\/\",\"https:\/\/www.linkedin.com\/company\/vimaplasnature\/?viewAsMember=true\"]}]}<\/script>\n<!-- \/ Yoast SEO plugin. -->","yoast_head_json":{"title":"ClayTec Lehmputze","description":"Nat\u00fcrliche Putze \u2013 ideal f\u00fcr atmungsaktive, \u00f6kologische und hochwertige Innenr\u00e4ume im nachhaltigen Bauwesen.","robots":{"index":"index","follow":"follow","max-snippet":"max-snippet:-1","max-image-preview":"max-image-preview:large","max-video-preview":"max-video-preview:-1"},"canonical":"https:\/\/www.embarro.com\/de\/lehmputze-claytec\/lehm\/","og_locale":"de_DE","og_type":"article","og_title":"ClayTec Lehmputze","og_description":"Nat\u00fcrliche Putze \u2013 ideal f\u00fcr atmungsaktive, \u00f6kologische und hochwertige Innenr\u00e4ume im nachhaltigen Bauwesen.","og_url":"https:\/\/www.embarro.com\/de\/lehmputze-claytec\/lehm\/","og_site_name":"EMBARRO","article_publisher":"https:\/\/www.facebook.com\/vimaplasnature\/","article_modified_time":"2025-06-06T16:45:17+00:00","og_image":[{"width":1080,"height":1350,"url":"https:\/\/www.embarro.com\/wp-content\/uploads\/row-1-column-2-12-3.png","type":"image\/png"}],"twitter_card":"summary_large_image","twitter_misc":{"Gesch\u00e4tzte Lesezeit":"5 Minuten"},"schema":{"@context":"https:\/\/schema.org","@graph":[{"@type":"WebPage","@id":"https:\/\/www.embarro.com\/de\/lehmputze-claytec\/lehm\/","url":"https:\/\/www.embarro.com\/de\/lehmputze-claytec\/lehm\/","name":"ClayTec Lehmputze","isPartOf":{"@id":"https:\/\/www.embarro.com\/#website"},"datePublished":"2014-05-05T13:54:43+00:00","dateModified":"2025-06-06T16:45:17+00:00","description":"Nat\u00fcrliche Putze \u2013 ideal f\u00fcr atmungsaktive, \u00f6kologische und hochwertige Innenr\u00e4ume im nachhaltigen Bauwesen.","breadcrumb":{"@id":"https:\/\/www.embarro.com\/de\/lehmputze-claytec\/lehm\/#breadcrumb"},"inLanguage":"de-DE","potentialAction":[{"@type":"ReadAction","target":["https:\/\/www.embarro.com\/de\/lehmputze-claytec\/lehm\/"]}]},{"@type":"BreadcrumbList","@id":"https:\/\/www.embarro.com\/de\/lehmputze-claytec\/lehm\/#breadcrumb","itemListElement":[{"@type":"ListItem","position":1,"name":"In\u00edcio","item":"https:\/\/www.embarro.com\/"},{"@type":"ListItem","position":2,"name":"Produkte","item":"https:\/\/www.embarro.com\/de\/lehmputze-claytec\/"},{"@type":"ListItem","position":3,"name":"CLAYTEC-Lehmputze"}]},{"@type":"WebSite","@id":"https:\/\/www.embarro.com\/#website","url":"https:\/\/www.embarro.com\/","name":"EMBARRO","description":"H\u00e1 30 anos a transformar casas em Portugal e Espanha com os melhores revestimentos naturais de argila e cal. Ajudamos a encontrar a solu\u00e7\u00e3o ideal para a sua casa.","publisher":{"@id":"https:\/\/www.embarro.com\/#organization"},"potentialAction":[{"@type":"SearchAction","target":{"@type":"EntryPoint","urlTemplate":"https:\/\/www.embarro.com\/?s={search_term_string}"},"query-input":"required name=search_term_string"}],"inLanguage":"de-DE"},{"@type":"Organization","@id":"https:\/\/www.embarro.com\/#organization","name":"EMBARRO","url":"https:\/\/www.embarro.com\/","logo":{"@type":"ImageObject","inLanguage":"de-DE","@id":"https:\/\/www.embarro.com\/#\/schema\/logo\/image\/","url":"https:\/\/www.embarro.com\/wp-content\/uploads\/54784a80.jpg","contentUrl":"https:\/\/www.embarro.com\/wp-content\/uploads\/54784a80.jpg","width":1500,"height":1500,"caption":"EMBARRO"},"image":{"@id":"https:\/\/www.embarro.com\/#\/schema\/logo\/image\/"},"sameAs":["https:\/\/www.facebook.com\/vimaplasnature\/","https:\/\/www.instagram.com\/vimaplas_nature_blocan\/","https:\/\/www.linkedin.com\/company\/vimaplasnature\/?viewAsMember=true"]}]}},"_links":{"self":[{"href":"https:\/\/www.embarro.com\/de\/wp-json\/wp\/v2\/pages\/307"}],"collection":[{"href":"https:\/\/www.embarro.com\/de\/wp-json\/wp\/v2\/pages"}],"about":[{"href":"https:\/\/www.embarro.com\/de\/wp-json\/wp\/v2\/types\/page"}],"author":[{"embeddable":true,"href":"https:\/\/www.embarro.com\/de\/wp-json\/wp\/v2\/users\/2"}],"replies":[{"embeddable":true,"href":"https:\/\/www.embarro.com\/de\/wp-json\/wp\/v2\/comments?post=307"}],"version-history":[{"count":54,"href":"https:\/\/www.embarro.com\/de\/wp-json\/wp\/v2\/pages\/307\/revisions"}],"predecessor-version":[{"id":16444,"href":"https:\/\/www.embarro.com\/de\/wp-json\/wp\/v2\/pages\/307\/revisions\/16444"}],"up":[{"embeddable":true,"href":"https:\/\/www.embarro.com\/de\/wp-json\/wp\/v2\/pages\/176"}],"wp:featuredmedia":[{"embeddable":true,"href":"https:\/\/www.embarro.com\/de\/wp-json\/wp\/v2\/media\/16558"}],"wp:attachment":[{"href":"https:\/\/www.embarro.com\/de\/wp-json\/wp\/v2\/media?parent=307"}],"curies":[{"name":"wp","href":"https:\/\/api.w.org\/{rel}","templated":true}]}}