{"id":266,"date":"2014-05-05T10:38:43","date_gmt":"2014-05-05T10:38:43","guid":{"rendered":"http:\/\/www.embarro.com\/?page_id=266"},"modified":"2019-02-15T16:23:55","modified_gmt":"2019-02-15T16:23:55","slug":"faq","status":"publish","type":"page","link":"https:\/\/www.embarro.com\/de\/oekologisch-ton-und-kalk-materialien-hochwertige\/faq\/","title":{"rendered":"FAQ"},"content":{"rendered":"<p>[accordion_group class=&#8220;&#8220;]<\/p>\n<h2><span style=\"color: #800000;\">O que \u00e9 &#8230; Tinta de Barro<\/span><\/h2>\n<p>[toggle title=&#8220;Onde se podem aplicar?&#8220;]<\/p>\n<p>S\u00f3 no interior. Em casas-de-banho recomendamos a utiliza\u00e7\u00e3o de tinta de cal ou silicato.<\/p>\n<p>[\/toggle]<br \/>\n[toggle title=&#8220;Como se aplicam?&#8220;]<\/p>\n<p>Com trincha, rolo ou pistola. Tal e qual como qualquer outra tinta.<\/p>\n<p>[\/toggle]<br \/>\n[toggle title=&#8220;Podem-se aplicar em cima de qualquer superf\u00edcie? Mesmo em cima de outro tipo de tinta?&#8220;]<\/p>\n<p>Podem ser aplicadas em cima de todas as superf\u00edcies absorventes. Isto inclui superf\u00edcies j\u00e1 pintadas com tinta pl\u00e1stica com pouca capacidade de absor\u00e7\u00e3o, desde que a tinta velha tenha uma boa ader\u00eancia \u00e0 parede.<\/p>\n<p>[\/toggle]<br \/>\n[toggle title=&#8220;\u00c9 necess\u00e1rio aplicar um prim\u00e1rio? Qual?&#8220;]<\/p>\n<p>O prim\u00e1rio \u00e9 sempre necess\u00e1rio quando se pinta uma superf\u00edcie pela primeira vez. Numa superf\u00edcie j\u00e1 pintada n\u00e3o \u00e9 necess\u00e1rio prim\u00e1rio se a tinta existente est\u00e1 s\u00f3lida. O prim\u00e1rio aconselhado para a Tinta de Barro \u00e9 o Prim\u00e1rio de Case\u00edna. Se a tinta j\u00e1 existente largar p\u00f3 quando se passa a m\u00e3o por cima pode utilizar prim\u00e1rio dilu\u00eddo para fixar a tinta velha.<\/p>\n<p>[\/toggle]<br \/>\n[toggle title=&#8220;A pintura de barro \u00e9 lav\u00e1vel?&#8220;]<\/p>\n<p>A tinta de barro limpa-se com a mesma facilidade que uma tinta de cal.<\/p>\n<p>[\/toggle]<br \/>\n[toggle title=&#8220;Depois de usar uma vez a tinta de barro, posso pintar com outras tintas por cima?&#8220;]<\/p>\n<p>Sim, pode pintar com qualquer tipo de tinta por cima da tinta de barro.<\/p>\n<p>[\/toggle]<br \/>\n[toggle title=&#8220;Como se prepara esta tinta?&#8220;]<\/p>\n<p>A tinta vem em p\u00f3 e s\u00f3 \u00e9 necess\u00e1rio adicionar a \u00e1gua na quantidade de tinta que se pretende utilizar. O p\u00f3 e a \u00e1gua ser\u00e3o misturados aproximadamente na rela\u00e7\u00e3o de 1:1.<\/p>\n<p>[\/toggle]<br \/>\n[toggle title=&#8220;Que quantidade devo comprar?&#8220;]<\/p>\n<p>Para cada dem\u00e3o s\u00e3o necess\u00e1rios aproximadamente 100g de p\u00f3 por m2. Se estiver a pintar essa \u00e1rea pela primeira vez, deve-se dar duas dem\u00e3os de tinta depois de ter aplicado um prim\u00e1rio. Caso seja uma repintura, branco em cima de branco, uma dem\u00e3o deve ser suficiente.<\/p>\n<p>[\/toggle]<br \/>\n[toggle title=&#8220;Porqu\u00ea a tinta \u00e9 fornecida em p\u00f3?&#8220;]<\/p>\n<p>Assim \u00e9 mais f\u00e1cil manter a qualidade da tinta armazenada pois n\u00e3o est\u00e1 adicionada a \u00e1gua que normalmente se deteriora. Ocupa menos volume e tem menos peso sendo assim mais f\u00e1cil transportar e armazenar. \u00c9 mais econ\u00f3mico.<\/p>\n<p>[\/toggle]<br \/>\n[toggle title=&#8220;Quais s\u00e3o as cores dispon\u00edveis?&#8220;]<\/p>\n<p>Existem mais de 20 cores minerais naturais j\u00e1 prontas. Estas 20 cores podem ser misturadas entre si. Com a base Tinta de Barro cor branca e pigmentos podem ainda fazer-se todas as cores existentes na paleta das cores minerais.<\/p>\n<p>[\/toggle]<br \/>\n[toggle title=&#8220;Quais s\u00e3o os benef\u00edcios da utiliza\u00e7\u00e3o da Tinta de Barro?&#8220;]<\/p>\n<p>A tinta de barro \u00e9 uma tinta 100% natural, n\u00e3o faz emiss\u00f5es de gases prejudiciais \u00e0 sa\u00fade e n\u00e3o tem qualquer odor.<\/p>\n<p>[\/toggle]<br \/>\n[\/accordion_group]<br \/>\n[accordion_group class=&#8220;&#8220;]<\/p>\n<p>&nbsp;<\/p>\n<h2><span style=\"color: #800000;\">O que \u00e9 &#8230; Tintas Minerais<\/span><\/h2>\n<p>[toggle title=&#8220; O que s\u00e3o tintas minerais?&#8220;]<\/p>\n<p>S\u00e3o tintas \u00e0 base de Silicato, Cal e Argila.<\/p>\n<p>[\/toggle]<br \/>\n[toggle title=&#8220;Qual \u00e9 a diferen\u00e7a entre uma tinta mineral e uma tinta pl\u00e1stica?&#8220;]<\/p>\n<p>Em geral, uma tinta mineral \u00e9 mais respir\u00e1vel do que uma tinta pl\u00e1stica. Uma tinta mineral \u00e9 natural, sem emiss\u00f5es de solventes ou outros aditivos das tintas pl\u00e1sticas. Uma tinta pl\u00e1stica pode ser aplicada em cima de quase todas as superf\u00edcies, incluindo tintas minerais.<br \/>\nUma tinta mineral, excepto a tinta de barro, necessita de um suporte mineral e n\u00e3o pode ser aplicada em cima de tintas pl\u00e1sticas.<\/p>\n<p>[\/toggle]<br \/>\n[toggle title=&#8220;O que posso fazer se quiser aplicar uma tinta mineral sobre uma superf\u00edcie pl\u00e1stica ou n\u00e3o mineral?&#8220;]<\/p>\n<p>\u00c9 poss\u00edvel aplicar Tinta GekkkoSol em todos os casos.<br \/>\n\u00c9 poss\u00edvel aplicar Tinta de Barro quando a tinta n\u00e3o mineral tem, pelo menos, uma ligeira absor\u00e7\u00e3o.<\/p>\n<p>[\/toggle]<br \/>\n[toggle title=&#8220;Quais s\u00e3o as tintas que posso utilizar no exterior?&#8220;]<\/p>\n<p>Tinta de Silicato Puro, Tinta de Cal e Tinta GekkkoSol.<\/p>\n<p>[\/toggle]<br \/>\n[\/accordion_group]<br \/>\n[accordion_group class=&#8220;&#8220;]<\/p>\n<p>&nbsp;<\/p>\n<h2><span style=\"color: #800000;\">O que \u00e9 &#8230; Decofino de barro<\/span><\/h2>\n<p>[toggle title=&#8220; O que \u00e9?&#8220;]<\/p>\n<p>\u00c9 um reboco fino, aplicado numa espessura de 2mm, \u00e0 base de argila, areias e fibras sem aditivos sint\u00e9ticos.<\/p>\n<p>[\/toggle]<br \/>\n[toggle title=&#8220;Como se aplica?&#8220;]<\/p>\n<p>Aplica-se com uma talocha met\u00e1lica e \u00e9 acabado com uma talocha de esponja. Pode ser novamente afagado com uma talocha met\u00e1lica para dar um acabamento mais liso.<\/p>\n<p>[\/toggle]<br \/>\n[toggle title=&#8220;Quais s\u00e3o as cores dispon\u00edveis?&#8220;]<\/p>\n<p>O Decofino de barro est\u00e1 dispon\u00edvel em 12 cores minerais naturais j\u00e1 prontas. Estas 12 cores podem ser misturadas entre si e com a base Decofino cor branca e pigmentos podem conseguir-se todas as cores existentes na paleta das cores minerais.<\/p>\n<p>[\/toggle]<br \/>\n[toggle title=&#8220;Pode-se aplicar em cima de qualquer superf\u00edcie? Mesmo em cima de outro tipo de tinta?&#8220;]<\/p>\n<p>Pode ser aplicada em cima de todas as superf\u00edcies absorventes. No caso de ser aplicada em cima de tintas pl\u00e1sticas ou superf\u00edcies n\u00e3o absorventes, s\u00f3 pode ser aplicada depois da aplica\u00e7\u00e3o do prim\u00e1rio GekkkoSol Fino.<\/p>\n<p>[\/toggle]<br \/>\n[toggle title=&#8220;Posso aumentar a resist\u00eancia mec\u00e2nica?&#8220;]<\/p>\n<p>Sim, por aplica\u00e7\u00e3o do fixador \u00c1gua de Vidro.<\/p>\n<p>[\/toggle]<br \/>\n[toggle title=&#8220;O Decofino de barro \u00e9 lav\u00e1vel?&#8220;]<\/p>\n<p>N\u00e3o \u00e9 lav\u00e1vel mas \u00e9 facilmente limpa com uma esponja pouco h\u00famida ou um pano pouco h\u00famido.<\/p>\n<p>[\/toggle]<br \/>\n[toggle title=&#8220;Depois de ter aplicado o Decofino, posso pintar por cima deste reboco?&#8220;]<\/p>\n<p>Sim, com qualquer tipo de tinta.<\/p>\n<p>[\/toggle]<br \/>\n[toggle title=&#8220;Posso aplicar em casas-de-banho?&#8220;]<\/p>\n<p>Sim, mas s\u00f3 em \u00e1reas onde n\u00e3o existe contacto directo com a \u00e1gua.<\/p>\n<p>[\/toggle]<br \/>\n[toggle title=&#8220;\u00c9 necess\u00e1rio adicionar areia ou outros materiais para a aplica\u00e7\u00e3o?&#8220;]<\/p>\n<p>N\u00e3o, \u00e9 uma massa pronta e s\u00f3 \u00e9 necess\u00e1rio adicionar \u00e1gua.<\/p>\n<p>[\/toggle]<br \/>\n[\/accordion_group]<br \/>\n[accordion_group class=&#8220;&#8220;]<\/p>\n<p>&nbsp;<\/p>\n<h2><span style=\"color: #800000;\">O que \u00e9 &#8230; Reboco EMBARRO Universal<\/span><\/h2>\n<p>[toggle title=&#8220; Pode ser aplicado como reboco normal (cimento)?&#8220;]<\/p>\n<p>Sim, a forma como se aplica \u00e9 a mesma do que um reboco normal. Pode ser misturado com uma misturadora ou betoneira e pode ser aplicado com colher ou com m\u00e1quina de projectar.<\/p>\n<p>[\/toggle]<br \/>\n[toggle title=&#8220;Onde pode ser aplicado o Reboco de Barro?&#8220;]<\/p>\n<p>Em todas as superf\u00edcies s\u00f3lidas. Eventualmente pode ser necess\u00e1rio aplicar antes um prim\u00e1rio GekkkoSol grosso, por exemplo se quiser aplicar em cima de um reboco j\u00e1 existente e\/ou pintado com tinta pl\u00e1stica. Em alvenaria nova, basta fazer um salpico \u00e0 base de cal ou cimento.<\/p>\n<p>[\/toggle]<br \/>\n[toggle title=&#8220;Como se pinta por cima do barro?&#8220;]<\/p>\n<p>Pode utilizar qualquer tinta. Recomendamos tintas minerais como Tinta de Barro para manter as boas propriedades do Reboco de Barro.<\/p>\n<p>[\/toggle]<br \/>\n[toggle title=&#8220;\u00c9 necess\u00e1rio aplicar um prim\u00e1rio especial antes de pintar?&#8220;]<\/p>\n<p>N\u00e3o. O prim\u00e1rio necess\u00e1rio deve ser compat\u00edvel com o sistema de pintura.<\/p>\n<p>[\/toggle]<br \/>\n[toggle title=&#8220;Posso aplicar em casas-de-banho?&#8220;]<\/p>\n<p>Sim, mas s\u00f3 em \u00e1reas onde n\u00e3o existe contacto directo com a \u00e1gua.<\/p>\n<p>[\/toggle]<br \/>\n[toggle title=&#8220;Quais os beneficio do Reboco de Barro?&#8220;]<\/p>\n<p>O barro tem a capacidade de regular muito melhor a humidade que os outros revestimentos. (ver an\u00e1lise de Reboco EMBARRO Universal, p\u00e1g. 8). \u00c9 um material 100% natural, sem quaisquer aditivos artificiais e n\u00e3o tem emiss\u00f5es pr\u00f3prias. \u00c9 vantajoso para pessoas com alergias porque sendo o barro anti-est\u00e1tico, o p\u00f3 n\u00e3o adere \u00e0 superf\u00edcie de barro, caindo para o ch\u00e3o. \u00c9 um material de manuten\u00e7\u00e3o f\u00e1cil. Absorve os maus cheiros mantendo um ar respir\u00e1vel dentro de casa.<\/p>\n<p>[\/toggle]<br \/>\n[toggle title=&#8220;O Reboco de Barro \u00e9 uma solu\u00e7\u00e3o para o salitre?&#8220;]<\/p>\n<p>N\u00e3o. N\u00e3o \u00e9 aconselhado aplicar reboco de barro em zonas com problemas de salitre.<\/p>\n<p>[\/toggle]<br \/>\n[\/accordion_group]<br \/>\n[accordion_group class=&#8220;&#8220;]<\/p>\n<p>&nbsp;<\/p>\n<h2><span style=\"color: #800000;\">O que \u00e9 &#8230; Gekkkosol<\/span><\/h2>\n<p>[toggle title=&#8220; O que \u00e9?&#8220;]<\/p>\n<p>\u00c9 um produto 100 % natural que pode ser utilizado como prim\u00e1rio mineral ou como tinta.<\/p>\n<p>[\/toggle]<br \/>\n[toggle title=&#8220;Para que serve?&#8220;]<\/p>\n<p>Nas duas variantes de prim\u00e1rio e tinta pode ser aplicado em cima de todas as superf\u00edcies n\u00e3o minerais e n\u00e3o absorventes. Como prim\u00e1rio \u00e9 utilizado para preparar as superf\u00edcies inicialmente n\u00e3o adequadas, para a uma posterior aplica\u00e7\u00e3o de rebocos e acabamentos.<br \/>\nPor exemplo: O tadelakt pode ser aplicado sobre o GekkkoSol que \u00e9 colocado em cima da tinta pl\u00e1stica.<br \/>\nSem gr\u00e3o, tamb\u00e9m serve como tinta.<\/p>\n<p>[\/toggle]<br \/>\n[toggle title=&#8220;Onde pode ser aplicado?&#8220;]<\/p>\n<p>Exterior e interior.<\/p>\n<p>[\/toggle]<br \/>\n[toggle title=&#8220;Est\u00e1 dispon\u00edvel em cores?&#8220;]<\/p>\n<p>A base \u00e9 sempre de cor branca. Pode ser misturada com pigmentos e fazer-se todas as cores existentes na paleta das cores minerais.<br \/>\n[\/toggle]<br \/>\n[\/accordion_group]<\/p>\n","protected":false},"excerpt":{"rendered":"<p>[accordion_group class=&#8220;&#8220;] O que \u00e9 &#8230; Tinta de Barro [toggle title=&#8220;Onde se podem aplicar?&#8220;] S\u00f3 no interior. Em casas-de-banho recomendamos a utiliza\u00e7\u00e3o de tinta de cal<span class=\"excerpt-hellip\"> [\u2026]<\/span><\/p>\n","protected":false},"author":2,"featured_media":9027,"parent":71,"menu_order":0,"comment_status":"closed","ping_status":"closed","template":"","meta":[],"yoast_head":"<!-- This site is optimized with the Yoast SEO plugin v20.1 - https:\/\/yoast.com\/wordpress\/plugins\/seo\/ -->\n<title>FAQ - EMBARRO<\/title>\n<meta name=\"robots\" content=\"index, follow, max-snippet:-1, max-image-preview:large, max-video-preview:-1\" \/>\n<link rel=\"canonical\" href=\"https:\/\/www.embarro.com\/de\/oekologisch-ton-und-kalk-materialien-hochwertige\/faq\/\" \/>\n<meta property=\"og:locale\" content=\"de_DE\" \/>\n<meta property=\"og:type\" content=\"article\" \/>\n<meta property=\"og:title\" content=\"FAQ - EMBARRO\" \/>\n<meta property=\"og:description\" content=\"[accordion_group class=&#8220;&#8220;] O que \u00e9 &#8230; Tinta de Barro [toggle title=&#8220;Onde se podem aplicar?&#8220;] S\u00f3 no interior. Em casas-de-banho recomendamos a utiliza\u00e7\u00e3o de tinta de cal [\u2026]\" \/>\n<meta property=\"og:url\" content=\"https:\/\/www.embarro.com\/de\/oekologisch-ton-und-kalk-materialien-hochwertige\/faq\/\" \/>\n<meta property=\"og:site_name\" content=\"EMBARRO\" \/>\n<meta property=\"article:publisher\" content=\"https:\/\/www.facebook.com\/vimaplasnature\/\" \/>\n<meta property=\"article:modified_time\" content=\"2019-02-15T16:23:55+00:00\" \/>\n<meta property=\"og:image\" content=\"https:\/\/www.embarro.com\/wp-content\/uploads\/shop4-275x300-1.jpg\" \/>\n\t<meta property=\"og:image:width\" content=\"275\" \/>\n\t<meta property=\"og:image:height\" content=\"300\" \/>\n\t<meta property=\"og:image:type\" content=\"image\/jpeg\" \/>\n<meta name=\"twitter:card\" content=\"summary_large_image\" \/>\n<meta name=\"twitter:label1\" content=\"Gesch\u00e4tzte Lesezeit\" \/>\n\t<meta name=\"twitter:data1\" content=\"7 Minuten\" \/>\n<script type=\"application\/ld+json\" class=\"yoast-schema-graph\">{\"@context\":\"https:\/\/schema.org\",\"@graph\":[{\"@type\":\"WebPage\",\"@id\":\"https:\/\/www.embarro.com\/de\/oekologisch-ton-und-kalk-materialien-hochwertige\/faq\/\",\"url\":\"https:\/\/www.embarro.com\/de\/oekologisch-ton-und-kalk-materialien-hochwertige\/faq\/\",\"name\":\"FAQ - EMBARRO\",\"isPartOf\":{\"@id\":\"https:\/\/www.embarro.com\/#website\"},\"datePublished\":\"2014-05-05T10:38:43+00:00\",\"dateModified\":\"2019-02-15T16:23:55+00:00\",\"breadcrumb\":{\"@id\":\"https:\/\/www.embarro.com\/de\/oekologisch-ton-und-kalk-materialien-hochwertige\/faq\/#breadcrumb\"},\"inLanguage\":\"de-DE\",\"potentialAction\":[{\"@type\":\"ReadAction\",\"target\":[\"https:\/\/www.embarro.com\/de\/oekologisch-ton-und-kalk-materialien-hochwertige\/faq\/\"]}]},{\"@type\":\"BreadcrumbList\",\"@id\":\"https:\/\/www.embarro.com\/de\/oekologisch-ton-und-kalk-materialien-hochwertige\/faq\/#breadcrumb\",\"itemListElement\":[{\"@type\":\"ListItem\",\"position\":1,\"name\":\"In\u00edcio\",\"item\":\"https:\/\/www.embarro.com\/\"},{\"@type\":\"ListItem\",\"position\":2,\"name\":\"Embarro\",\"item\":\"https:\/\/www.embarro.com\/de\/oekologisch-ton-und-kalk-materialien-hochwertige\/\"},{\"@type\":\"ListItem\",\"position\":3,\"name\":\"FAQ\"}]},{\"@type\":\"WebSite\",\"@id\":\"https:\/\/www.embarro.com\/#website\",\"url\":\"https:\/\/www.embarro.com\/\",\"name\":\"EMBARRO\",\"description\":\"H\u00e1 30 anos a transformar casas em Portugal e Espanha com os melhores revestimentos naturais de argila e cal. Ajudamos a encontrar a solu\u00e7\u00e3o ideal para a sua casa.\",\"publisher\":{\"@id\":\"https:\/\/www.embarro.com\/#organization\"},\"potentialAction\":[{\"@type\":\"SearchAction\",\"target\":{\"@type\":\"EntryPoint\",\"urlTemplate\":\"https:\/\/www.embarro.com\/?s={search_term_string}\"},\"query-input\":\"required name=search_term_string\"}],\"inLanguage\":\"de-DE\"},{\"@type\":\"Organization\",\"@id\":\"https:\/\/www.embarro.com\/#organization\",\"name\":\"EMBARRO\",\"url\":\"https:\/\/www.embarro.com\/\",\"logo\":{\"@type\":\"ImageObject\",\"inLanguage\":\"de-DE\",\"@id\":\"https:\/\/www.embarro.com\/#\/schema\/logo\/image\/\",\"url\":\"https:\/\/www.embarro.com\/wp-content\/uploads\/54784a80.jpg\",\"contentUrl\":\"https:\/\/www.embarro.com\/wp-content\/uploads\/54784a80.jpg\",\"width\":1500,\"height\":1500,\"caption\":\"EMBARRO\"},\"image\":{\"@id\":\"https:\/\/www.embarro.com\/#\/schema\/logo\/image\/\"},\"sameAs\":[\"https:\/\/www.facebook.com\/vimaplasnature\/\",\"https:\/\/www.instagram.com\/vimaplas_nature_blocan\/\",\"https:\/\/www.linkedin.com\/company\/vimaplasnature\/?viewAsMember=true\"]}]}<\/script>\n<!-- \/ Yoast SEO plugin. -->","yoast_head_json":{"title":"FAQ - EMBARRO","robots":{"index":"index","follow":"follow","max-snippet":"max-snippet:-1","max-image-preview":"max-image-preview:large","max-video-preview":"max-video-preview:-1"},"canonical":"https:\/\/www.embarro.com\/de\/oekologisch-ton-und-kalk-materialien-hochwertige\/faq\/","og_locale":"de_DE","og_type":"article","og_title":"FAQ - EMBARRO","og_description":"[accordion_group class=&#8220;&#8220;] O que \u00e9 &#8230; Tinta de Barro [toggle title=&#8220;Onde se podem aplicar?&#8220;] S\u00f3 no interior. Em casas-de-banho recomendamos a utiliza\u00e7\u00e3o de tinta de cal [\u2026]","og_url":"https:\/\/www.embarro.com\/de\/oekologisch-ton-und-kalk-materialien-hochwertige\/faq\/","og_site_name":"EMBARRO","article_publisher":"https:\/\/www.facebook.com\/vimaplasnature\/","article_modified_time":"2019-02-15T16:23:55+00:00","og_image":[{"width":275,"height":300,"url":"https:\/\/www.embarro.com\/wp-content\/uploads\/shop4-275x300-1.jpg","type":"image\/jpeg"}],"twitter_card":"summary_large_image","twitter_misc":{"Gesch\u00e4tzte Lesezeit":"7 Minuten"},"schema":{"@context":"https:\/\/schema.org","@graph":[{"@type":"WebPage","@id":"https:\/\/www.embarro.com\/de\/oekologisch-ton-und-kalk-materialien-hochwertige\/faq\/","url":"https:\/\/www.embarro.com\/de\/oekologisch-ton-und-kalk-materialien-hochwertige\/faq\/","name":"FAQ - EMBARRO","isPartOf":{"@id":"https:\/\/www.embarro.com\/#website"},"datePublished":"2014-05-05T10:38:43+00:00","dateModified":"2019-02-15T16:23:55+00:00","breadcrumb":{"@id":"https:\/\/www.embarro.com\/de\/oekologisch-ton-und-kalk-materialien-hochwertige\/faq\/#breadcrumb"},"inLanguage":"de-DE","potentialAction":[{"@type":"ReadAction","target":["https:\/\/www.embarro.com\/de\/oekologisch-ton-und-kalk-materialien-hochwertige\/faq\/"]}]},{"@type":"BreadcrumbList","@id":"https:\/\/www.embarro.com\/de\/oekologisch-ton-und-kalk-materialien-hochwertige\/faq\/#breadcrumb","itemListElement":[{"@type":"ListItem","position":1,"name":"In\u00edcio","item":"https:\/\/www.embarro.com\/"},{"@type":"ListItem","position":2,"name":"Embarro","item":"https:\/\/www.embarro.com\/de\/oekologisch-ton-und-kalk-materialien-hochwertige\/"},{"@type":"ListItem","position":3,"name":"FAQ"}]},{"@type":"WebSite","@id":"https:\/\/www.embarro.com\/#website","url":"https:\/\/www.embarro.com\/","name":"EMBARRO","description":"H\u00e1 30 anos a transformar casas em Portugal e Espanha com os melhores revestimentos naturais de argila e cal. Ajudamos a encontrar a solu\u00e7\u00e3o ideal para a sua casa.","publisher":{"@id":"https:\/\/www.embarro.com\/#organization"},"potentialAction":[{"@type":"SearchAction","target":{"@type":"EntryPoint","urlTemplate":"https:\/\/www.embarro.com\/?s={search_term_string}"},"query-input":"required name=search_term_string"}],"inLanguage":"de-DE"},{"@type":"Organization","@id":"https:\/\/www.embarro.com\/#organization","name":"EMBARRO","url":"https:\/\/www.embarro.com\/","logo":{"@type":"ImageObject","inLanguage":"de-DE","@id":"https:\/\/www.embarro.com\/#\/schema\/logo\/image\/","url":"https:\/\/www.embarro.com\/wp-content\/uploads\/54784a80.jpg","contentUrl":"https:\/\/www.embarro.com\/wp-content\/uploads\/54784a80.jpg","width":1500,"height":1500,"caption":"EMBARRO"},"image":{"@id":"https:\/\/www.embarro.com\/#\/schema\/logo\/image\/"},"sameAs":["https:\/\/www.facebook.com\/vimaplasnature\/","https:\/\/www.instagram.com\/vimaplas_nature_blocan\/","https:\/\/www.linkedin.com\/company\/vimaplasnature\/?viewAsMember=true"]}]}},"_links":{"self":[{"href":"https:\/\/www.embarro.com\/de\/wp-json\/wp\/v2\/pages\/266"}],"collection":[{"href":"https:\/\/www.embarro.com\/de\/wp-json\/wp\/v2\/pages"}],"about":[{"href":"https:\/\/www.embarro.com\/de\/wp-json\/wp\/v2\/types\/page"}],"author":[{"embeddable":true,"href":"https:\/\/www.embarro.com\/de\/wp-json\/wp\/v2\/users\/2"}],"replies":[{"embeddable":true,"href":"https:\/\/www.embarro.com\/de\/wp-json\/wp\/v2\/comments?post=266"}],"version-history":[{"count":6,"href":"https:\/\/www.embarro.com\/de\/wp-json\/wp\/v2\/pages\/266\/revisions"}],"predecessor-version":[{"id":5873,"href":"https:\/\/www.embarro.com\/de\/wp-json\/wp\/v2\/pages\/266\/revisions\/5873"}],"up":[{"embeddable":true,"href":"https:\/\/www.embarro.com\/de\/wp-json\/wp\/v2\/pages\/71"}],"wp:featuredmedia":[{"embeddable":true,"href":"https:\/\/www.embarro.com\/de\/wp-json\/wp\/v2\/media\/9027"}],"wp:attachment":[{"href":"https:\/\/www.embarro.com\/de\/wp-json\/wp\/v2\/media?parent=266"}],"curies":[{"name":"wp","href":"https:\/\/api.w.org\/{rel}","templated":true}]}}