{"id":193,"date":"2014-05-04T18:19:33","date_gmt":"2014-05-04T18:19:33","guid":{"rendered":"http:\/\/www.embarro.com\/?page_id=193"},"modified":"2025-06-06T18:04:45","modified_gmt":"2025-06-06T18:04:45","slug":"kontakte","status":"publish","type":"page","link":"https:\/\/www.embarro.com\/de\/kontakte\/","title":{"rendered":"Kontakte"},"content":{"rendered":"<p><strong>EMBARRO<\/strong> ist eine Marke von <strong><a href=\"http:\/\/www.vimaplasnature.pt\">VIMAPL\u00c1S NATURE<\/a><\/strong>, einem Unternehmen, das sich auf \u00f6kologische L\u00f6sungen f\u00fcr das Bauwesen spezialisiert hat.<br \/>\nF\u00fcr weitere Informationen kontaktieren Sie uns bitte \u00fcber die folgenden Kontaktdaten:<\/p>\n<p>E-Mail: <a href=\"mailto:info@vimaplasnature.pt\">info@vimaplasnature.pt<\/a><br \/>\nMobiltelefon: +351 914 228 871<\/p>\n<p>&nbsp;<\/p>\n<p>Die unbefugte Nutzung von Texten und Bildern ist untersagt.<\/p>\n<p>&nbsp;<\/p>\n","protected":false},"excerpt":{"rendered":"<p>EMBARRO ist eine Marke von VIMAPL\u00c1S NATURE, einem Unternehmen, das sich auf \u00f6kologische L\u00f6sungen f\u00fcr das Bauwesen spezialisiert hat. F\u00fcr weitere Informationen kontaktieren Sie uns bitte<span class=\"excerpt-hellip\"> [\u2026]<\/span><\/p>\n","protected":false},"author":2,"featured_media":0,"parent":0,"menu_order":0,"comment_status":"closed","ping_status":"closed","template":"","meta":[],"yoast_head":"<!-- This site is optimized with the Yoast SEO plugin v20.1 - https:\/\/yoast.com\/wordpress\/plugins\/seo\/ -->\n<title>Kontakte - EMBARRO<\/title>\n<meta name=\"description\" content=\"Wir helfen Ihnen, die ideale Farbe zu finden, um Ihrem Innenraumprojekt Pers\u00f6nlichkeit und Harmonie zu verleihen. Kontaktieren Sie uns.\" \/>\n<meta name=\"robots\" content=\"index, follow, max-snippet:-1, max-image-preview:large, max-video-preview:-1\" \/>\n<link rel=\"canonical\" href=\"https:\/\/www.embarro.com\/de\/kontakte\/\" \/>\n<meta property=\"og:locale\" content=\"de_DE\" \/>\n<meta property=\"og:type\" content=\"article\" \/>\n<meta property=\"og:title\" content=\"Kontakte - EMBARRO\" \/>\n<meta property=\"og:description\" content=\"Wir helfen Ihnen, die ideale Farbe zu finden, um Ihrem Innenraumprojekt Pers\u00f6nlichkeit und Harmonie zu verleihen. Kontaktieren Sie uns.\" \/>\n<meta property=\"og:url\" content=\"https:\/\/www.embarro.com\/de\/kontakte\/\" \/>\n<meta property=\"og:site_name\" content=\"EMBARRO\" \/>\n<meta property=\"article:publisher\" content=\"https:\/\/www.facebook.com\/vimaplasnature\/\" \/>\n<meta property=\"article:modified_time\" content=\"2025-06-06T18:04:45+00:00\" \/>\n<meta property=\"og:image\" content=\"https:\/\/www.embarro.com\/wp-content\/uploads\/54784a80.jpg\" \/>\n\t<meta property=\"og:image:width\" content=\"1500\" \/>\n\t<meta property=\"og:image:height\" content=\"1500\" \/>\n\t<meta property=\"og:image:type\" content=\"image\/jpeg\" \/>\n<meta name=\"twitter:card\" content=\"summary_large_image\" \/>\n<meta name=\"twitter:label1\" content=\"Gesch\u00e4tzte Lesezeit\" \/>\n\t<meta name=\"twitter:data1\" content=\"1 Minute\" \/>\n<script type=\"application\/ld+json\" class=\"yoast-schema-graph\">{\"@context\":\"https:\/\/schema.org\",\"@graph\":[{\"@type\":\"WebPage\",\"@id\":\"https:\/\/www.embarro.com\/de\/kontakte\/\",\"url\":\"https:\/\/www.embarro.com\/de\/kontakte\/\",\"name\":\"Kontakte - EMBARRO\",\"isPartOf\":{\"@id\":\"https:\/\/www.embarro.com\/#website\"},\"datePublished\":\"2014-05-04T18:19:33+00:00\",\"dateModified\":\"2025-06-06T18:04:45+00:00\",\"description\":\"Wir helfen Ihnen, die ideale Farbe zu finden, um Ihrem Innenraumprojekt Pers\u00f6nlichkeit und Harmonie zu verleihen. Kontaktieren Sie uns.\",\"breadcrumb\":{\"@id\":\"https:\/\/www.embarro.com\/de\/kontakte\/#breadcrumb\"},\"inLanguage\":\"de-DE\",\"potentialAction\":[{\"@type\":\"ReadAction\",\"target\":[\"https:\/\/www.embarro.com\/de\/kontakte\/\"]}]},{\"@type\":\"BreadcrumbList\",\"@id\":\"https:\/\/www.embarro.com\/de\/kontakte\/#breadcrumb\",\"itemListElement\":[{\"@type\":\"ListItem\",\"position\":1,\"name\":\"In\u00edcio\",\"item\":\"https:\/\/www.embarro.com\/\"},{\"@type\":\"ListItem\",\"position\":2,\"name\":\"Kontakte\"}]},{\"@type\":\"WebSite\",\"@id\":\"https:\/\/www.embarro.com\/#website\",\"url\":\"https:\/\/www.embarro.com\/\",\"name\":\"EMBARRO\",\"description\":\"H\u00e1 30 anos a transformar casas em Portugal e Espanha com os melhores revestimentos naturais de argila e cal. Ajudamos a encontrar a solu\u00e7\u00e3o ideal para a sua casa.\",\"publisher\":{\"@id\":\"https:\/\/www.embarro.com\/#organization\"},\"potentialAction\":[{\"@type\":\"SearchAction\",\"target\":{\"@type\":\"EntryPoint\",\"urlTemplate\":\"https:\/\/www.embarro.com\/?s={search_term_string}\"},\"query-input\":\"required name=search_term_string\"}],\"inLanguage\":\"de-DE\"},{\"@type\":\"Organization\",\"@id\":\"https:\/\/www.embarro.com\/#organization\",\"name\":\"EMBARRO\",\"url\":\"https:\/\/www.embarro.com\/\",\"logo\":{\"@type\":\"ImageObject\",\"inLanguage\":\"de-DE\",\"@id\":\"https:\/\/www.embarro.com\/#\/schema\/logo\/image\/\",\"url\":\"https:\/\/www.embarro.com\/wp-content\/uploads\/54784a80.jpg\",\"contentUrl\":\"https:\/\/www.embarro.com\/wp-content\/uploads\/54784a80.jpg\",\"width\":1500,\"height\":1500,\"caption\":\"EMBARRO\"},\"image\":{\"@id\":\"https:\/\/www.embarro.com\/#\/schema\/logo\/image\/\"},\"sameAs\":[\"https:\/\/www.facebook.com\/vimaplasnature\/\",\"https:\/\/www.instagram.com\/vimaplas_nature_blocan\/\",\"https:\/\/www.linkedin.com\/company\/vimaplasnature\/?viewAsMember=true\"]}]}<\/script>\n<!-- \/ Yoast SEO plugin. -->","yoast_head_json":{"title":"Kontakte - EMBARRO","description":"Wir helfen Ihnen, die ideale Farbe zu finden, um Ihrem Innenraumprojekt Pers\u00f6nlichkeit und Harmonie zu verleihen. Kontaktieren Sie uns.","robots":{"index":"index","follow":"follow","max-snippet":"max-snippet:-1","max-image-preview":"max-image-preview:large","max-video-preview":"max-video-preview:-1"},"canonical":"https:\/\/www.embarro.com\/de\/kontakte\/","og_locale":"de_DE","og_type":"article","og_title":"Kontakte - EMBARRO","og_description":"Wir helfen Ihnen, die ideale Farbe zu finden, um Ihrem Innenraumprojekt Pers\u00f6nlichkeit und Harmonie zu verleihen. Kontaktieren Sie uns.","og_url":"https:\/\/www.embarro.com\/de\/kontakte\/","og_site_name":"EMBARRO","article_publisher":"https:\/\/www.facebook.com\/vimaplasnature\/","article_modified_time":"2025-06-06T18:04:45+00:00","og_image":[{"width":1500,"height":1500,"url":"https:\/\/www.embarro.com\/wp-content\/uploads\/54784a80.jpg","type":"image\/jpeg"}],"twitter_card":"summary_large_image","twitter_misc":{"Gesch\u00e4tzte Lesezeit":"1 Minute"},"schema":{"@context":"https:\/\/schema.org","@graph":[{"@type":"WebPage","@id":"https:\/\/www.embarro.com\/de\/kontakte\/","url":"https:\/\/www.embarro.com\/de\/kontakte\/","name":"Kontakte - EMBARRO","isPartOf":{"@id":"https:\/\/www.embarro.com\/#website"},"datePublished":"2014-05-04T18:19:33+00:00","dateModified":"2025-06-06T18:04:45+00:00","description":"Wir helfen Ihnen, die ideale Farbe zu finden, um Ihrem Innenraumprojekt Pers\u00f6nlichkeit und Harmonie zu verleihen. Kontaktieren Sie uns.","breadcrumb":{"@id":"https:\/\/www.embarro.com\/de\/kontakte\/#breadcrumb"},"inLanguage":"de-DE","potentialAction":[{"@type":"ReadAction","target":["https:\/\/www.embarro.com\/de\/kontakte\/"]}]},{"@type":"BreadcrumbList","@id":"https:\/\/www.embarro.com\/de\/kontakte\/#breadcrumb","itemListElement":[{"@type":"ListItem","position":1,"name":"In\u00edcio","item":"https:\/\/www.embarro.com\/"},{"@type":"ListItem","position":2,"name":"Kontakte"}]},{"@type":"WebSite","@id":"https:\/\/www.embarro.com\/#website","url":"https:\/\/www.embarro.com\/","name":"EMBARRO","description":"H\u00e1 30 anos a transformar casas em Portugal e Espanha com os melhores revestimentos naturais de argila e cal. Ajudamos a encontrar a solu\u00e7\u00e3o ideal para a sua casa.","publisher":{"@id":"https:\/\/www.embarro.com\/#organization"},"potentialAction":[{"@type":"SearchAction","target":{"@type":"EntryPoint","urlTemplate":"https:\/\/www.embarro.com\/?s={search_term_string}"},"query-input":"required name=search_term_string"}],"inLanguage":"de-DE"},{"@type":"Organization","@id":"https:\/\/www.embarro.com\/#organization","name":"EMBARRO","url":"https:\/\/www.embarro.com\/","logo":{"@type":"ImageObject","inLanguage":"de-DE","@id":"https:\/\/www.embarro.com\/#\/schema\/logo\/image\/","url":"https:\/\/www.embarro.com\/wp-content\/uploads\/54784a80.jpg","contentUrl":"https:\/\/www.embarro.com\/wp-content\/uploads\/54784a80.jpg","width":1500,"height":1500,"caption":"EMBARRO"},"image":{"@id":"https:\/\/www.embarro.com\/#\/schema\/logo\/image\/"},"sameAs":["https:\/\/www.facebook.com\/vimaplasnature\/","https:\/\/www.instagram.com\/vimaplas_nature_blocan\/","https:\/\/www.linkedin.com\/company\/vimaplasnature\/?viewAsMember=true"]}]}},"_links":{"self":[{"href":"https:\/\/www.embarro.com\/de\/wp-json\/wp\/v2\/pages\/193"}],"collection":[{"href":"https:\/\/www.embarro.com\/de\/wp-json\/wp\/v2\/pages"}],"about":[{"href":"https:\/\/www.embarro.com\/de\/wp-json\/wp\/v2\/types\/page"}],"author":[{"embeddable":true,"href":"https:\/\/www.embarro.com\/de\/wp-json\/wp\/v2\/users\/2"}],"replies":[{"embeddable":true,"href":"https:\/\/www.embarro.com\/de\/wp-json\/wp\/v2\/comments?post=193"}],"version-history":[{"count":68,"href":"https:\/\/www.embarro.com\/de\/wp-json\/wp\/v2\/pages\/193\/revisions"}],"predecessor-version":[{"id":16532,"href":"https:\/\/www.embarro.com\/de\/wp-json\/wp\/v2\/pages\/193\/revisions\/16532"}],"wp:attachment":[{"href":"https:\/\/www.embarro.com\/de\/wp-json\/wp\/v2\/media?parent=193"}],"curies":[{"name":"wp","href":"https:\/\/api.w.org\/{rel}","templated":true}]}}