{"id":176,"date":"2014-05-04T18:15:49","date_gmt":"2014-05-04T18:15:49","guid":{"rendered":"http:\/\/www.embarro.com\/?page_id=176"},"modified":"2025-06-05T09:35:18","modified_gmt":"2025-06-05T09:35:18","slug":"lehmputze-claytec","status":"publish","type":"page","link":"https:\/\/www.embarro.com\/de\/lehmputze-claytec\/","title":{"rendered":"Produkte"},"content":{"rendered":"<h4>Lehmputz von CLAYTEC bei EMBARRO<\/h4>\n<p data-start=\"4579\" data-end=\"4752\">Bei <strong data-start=\"4583\" data-end=\"4594\">EMBARRO<\/strong> finden <strong>Sie Lehmputze, Oberfl\u00e4chenbeschichtungen und Tonfarben sowie Kalkstuck.<\/strong> Wir bieten den Verkauf und eine fachkundige Beratung zu diesen Materialien an.<\/p>\n<p data-start=\"4754\" data-end=\"5686\"><strong data-start=\"4754\" data-end=\"4765\">EMBARRO<\/strong> ist der <strong>offizielle Vertreter von CLAYTEC<\/strong> f\u00fcr Lehmbauprodukte in Portugal und Spanien. Lehm ist eines der \u00e4ltesten Baumaterialien der Welt \u2013 und bis heute \u00e4u\u00dferst vielseitig. Heute gewinnen Lehmoberfl\u00e4chen mit ihrem authentischen und ansprechenden Charakter zunehmend an Bedeutung im Interior Design.<\/p>\n<p><strong><a href=\"https:\/\/www.embarro.com\/wp-content\/uploads\/ClayTec_Logo_schwarz_web-1.png\"><img decoding=\"async\" class=\"alignleft wp-image-15324 size-medium\" src=\"https:\/\/www.embarro.com\/wp-content\/uploads\/ClayTec_Logo_schwarz_web-1-300x87.png\" alt=\"\" width=\"300\" height=\"87\" srcset=\"https:\/\/www.embarro.com\/wp-content\/uploads\/ClayTec_Logo_schwarz_web-1-300x87.png 300w, https:\/\/www.embarro.com\/wp-content\/uploads\/ClayTec_Logo_schwarz_web-1-1024x298.png 1024w, https:\/\/www.embarro.com\/wp-content\/uploads\/ClayTec_Logo_schwarz_web-1-768x223.png 768w, https:\/\/www.embarro.com\/wp-content\/uploads\/ClayTec_Logo_schwarz_web-1-260x76.png 260w, https:\/\/www.embarro.com\/wp-content\/uploads\/ClayTec_Logo_schwarz_web-1-50x15.png 50w, https:\/\/www.embarro.com\/wp-content\/uploads\/ClayTec_Logo_schwarz_web-1-150x44.png 150w, https:\/\/www.embarro.com\/wp-content\/uploads\/ClayTec_Logo_schwarz_web-1.png 1200w\" sizes=\"(max-width: 300px) 100vw, 300px\" \/><\/a>Seit 1970<\/strong> entwickeln die Ingenieure von CLAYTEC neue Anwendungstechniken auf Grundlage traditioneller Bauweisen. Es wurden zahlreiche L\u00f6sungen f\u00fcr die Gestaltung, Formung und Veredelung von Lehmoberfl\u00e4chen entwickelt. Die CLAYTEC-Lehmputze bringen ein St\u00fcck Natur in Ihr Zuhause: Sie bestehen aus nat\u00fcrlichen Komponenten, sind diffusionsoffen und atmungsaktiv. Ihre F\u00e4higkeit, die Luftfeuchtigkeit zu regulieren, wirkt sich nachweislich positiv auf das Raumklima aus. Tonminerale tragen zu einem gesunden und angenehmen Wohnklima bei \u2013 sie geben keine Schadstoffe ab, sondern helfen sogar, Ger\u00fcche zu binden.<strong><br \/>\n<\/strong><\/p>\n<p>Hier ist der direkte Link zur CLAYTEC-Website: <a href=\"https:\/\/www.claytec.de\" target=\"_blank\" rel=\"noopener\">https:\/\/www.claytec.de<\/a><\/p>\n<h4>Design mit Lehm<\/h4>\n<p><strong>CLAYTEC setzt<\/strong> seit vielen <strong>Jahren Ma\u00dfst\u00e4be im Design mit Lehmputzen<\/strong>. Projekte wie das <a href=\"https:\/\/www.google.com\/search?source=univ&amp;tbm=isch&amp;q=kolumba+museum+innen&amp;client=firefox-b-d&amp;sa=X&amp;ved=2ahUKEwjFhsvnz5_rAhVR1xoKHR9BCxMQsAR6BAgKEAE&amp;biw=1567&amp;bih=752\">Kolumba-Museum<\/a> des Architekten Peter Zumthor haben Lehmputzen einen festen Platz in der zeitgen\u00f6ssischen Architektur und Innenraumgestaltung verschafft.<\/p>\n<p><strong>Die farbigen Oberfl\u00e4chen YOSIMA von CLAYTEC<\/strong> nehmen in unserer Arbeit eine besondere Rolle ein. YOSIMA ist eine hochwertige 2 mm starke Innenbeschichtung aus ausgew\u00e4hlten Tonerden \u2013 von elegantem Wei\u00df bis zu kr\u00e4ftigem Rot. Sie ist in einer <a href=\"https:\/\/www.embarro.com\/wp-content\/uploads\/Brochure_YOSIMA_en-1.pdf\">Palette von 146 sorgf\u00e4ltig komponierten Farbt\u00f6nen<\/a> erh\u00e4ltlich, die ausschlie\u00dflich aus nat\u00fcrlichen, unbehandelten Tonerden bestehen. YOSIMA enth\u00e4lt keine k\u00fcnstlichen Farbstoffe oder Pigmente \u2013 die Farbwirkung entsteht allein aus den Materialeigenschaften des verwendeten Tons. Die feinen Farbnuancen verleihen den Oberfl\u00e4chen ihren nat\u00fcrlichen und authentischen Charakter.<\/p>\n","protected":false},"excerpt":{"rendered":"<p>Lehmputz von CLAYTEC bei EMBARRO Bei EMBARRO finden Sie Lehmputze, Oberfl\u00e4chenbeschichtungen und Tonfarben sowie Kalkstuck. Wir bieten den Verkauf und eine fachkundige Beratung zu diesen Materialien<span class=\"excerpt-hellip\"> [\u2026]<\/span><\/p>\n","protected":false},"author":2,"featured_media":0,"parent":0,"menu_order":0,"comment_status":"closed","ping_status":"closed","template":"","meta":[],"yoast_head":"<!-- This site is optimized with the Yoast SEO plugin v20.1 - https:\/\/yoast.com\/wordpress\/plugins\/seo\/ -->\n<title>Lehmputze und Tadelakt. CLAYTEC in Portugal und Spanien.<\/title>\n<meta name=\"description\" content=\"Lehmputz mit CLAYTEC in Portugal und Spanien. Tadelakt und Kalk-Stuccos. Materialien, Beratung, Schulung und Verarbeitung.\" \/>\n<meta name=\"robots\" content=\"index, follow, max-snippet:-1, max-image-preview:large, max-video-preview:-1\" \/>\n<link rel=\"canonical\" href=\"https:\/\/www.embarro.com\/de\/lehmputze-claytec\/\" \/>\n<meta property=\"og:locale\" content=\"de_DE\" \/>\n<meta property=\"og:type\" content=\"article\" \/>\n<meta property=\"og:title\" content=\"Lehmputze und Tadelakt. CLAYTEC in Portugal und Spanien.\" \/>\n<meta property=\"og:description\" content=\"Lehmputz mit CLAYTEC in Portugal und Spanien. Tadelakt und Kalk-Stuccos. Materialien, Beratung, Schulung und Verarbeitung.\" \/>\n<meta property=\"og:url\" content=\"https:\/\/www.embarro.com\/de\/lehmputze-claytec\/\" \/>\n<meta property=\"og:site_name\" content=\"EMBARRO\" \/>\n<meta property=\"article:publisher\" content=\"https:\/\/www.facebook.com\/vimaplasnature\/\" \/>\n<meta property=\"article:modified_time\" content=\"2025-06-05T09:35:18+00:00\" \/>\n<meta property=\"og:image\" content=\"https:\/\/www.embarro.com\/wp-content\/uploads\/ClayTec_Logo_schwarz_web-1-300x87.png\" \/>\n<meta name=\"twitter:card\" content=\"summary_large_image\" \/>\n<meta name=\"twitter:label1\" content=\"Gesch\u00e4tzte Lesezeit\" \/>\n\t<meta name=\"twitter:data1\" content=\"2 Minuten\" \/>\n<script type=\"application\/ld+json\" class=\"yoast-schema-graph\">{\"@context\":\"https:\/\/schema.org\",\"@graph\":[{\"@type\":\"WebPage\",\"@id\":\"https:\/\/www.embarro.com\/de\/lehmputze-claytec\/\",\"url\":\"https:\/\/www.embarro.com\/de\/lehmputze-claytec\/\",\"name\":\"Lehmputze und Tadelakt. CLAYTEC in Portugal und Spanien.\",\"isPartOf\":{\"@id\":\"https:\/\/www.embarro.com\/#website\"},\"datePublished\":\"2014-05-04T18:15:49+00:00\",\"dateModified\":\"2025-06-05T09:35:18+00:00\",\"description\":\"Lehmputz mit CLAYTEC in Portugal und Spanien. Tadelakt und Kalk-Stuccos. Materialien, Beratung, Schulung und Verarbeitung.\",\"breadcrumb\":{\"@id\":\"https:\/\/www.embarro.com\/de\/lehmputze-claytec\/#breadcrumb\"},\"inLanguage\":\"de-DE\",\"potentialAction\":[{\"@type\":\"ReadAction\",\"target\":[\"https:\/\/www.embarro.com\/de\/lehmputze-claytec\/\"]}]},{\"@type\":\"BreadcrumbList\",\"@id\":\"https:\/\/www.embarro.com\/de\/lehmputze-claytec\/#breadcrumb\",\"itemListElement\":[{\"@type\":\"ListItem\",\"position\":1,\"name\":\"In\u00edcio\",\"item\":\"https:\/\/www.embarro.com\/\"},{\"@type\":\"ListItem\",\"position\":2,\"name\":\"Produkte\"}]},{\"@type\":\"WebSite\",\"@id\":\"https:\/\/www.embarro.com\/#website\",\"url\":\"https:\/\/www.embarro.com\/\",\"name\":\"EMBARRO\",\"description\":\"H\u00e1 30 anos a transformar casas em Portugal e Espanha com os melhores revestimentos naturais de argila e cal. Ajudamos a encontrar a solu\u00e7\u00e3o ideal para a sua casa.\",\"publisher\":{\"@id\":\"https:\/\/www.embarro.com\/#organization\"},\"potentialAction\":[{\"@type\":\"SearchAction\",\"target\":{\"@type\":\"EntryPoint\",\"urlTemplate\":\"https:\/\/www.embarro.com\/?s={search_term_string}\"},\"query-input\":\"required name=search_term_string\"}],\"inLanguage\":\"de-DE\"},{\"@type\":\"Organization\",\"@id\":\"https:\/\/www.embarro.com\/#organization\",\"name\":\"EMBARRO\",\"url\":\"https:\/\/www.embarro.com\/\",\"logo\":{\"@type\":\"ImageObject\",\"inLanguage\":\"de-DE\",\"@id\":\"https:\/\/www.embarro.com\/#\/schema\/logo\/image\/\",\"url\":\"https:\/\/www.embarro.com\/wp-content\/uploads\/54784a80.jpg\",\"contentUrl\":\"https:\/\/www.embarro.com\/wp-content\/uploads\/54784a80.jpg\",\"width\":1500,\"height\":1500,\"caption\":\"EMBARRO\"},\"image\":{\"@id\":\"https:\/\/www.embarro.com\/#\/schema\/logo\/image\/\"},\"sameAs\":[\"https:\/\/www.facebook.com\/vimaplasnature\/\",\"https:\/\/www.instagram.com\/vimaplas_nature_blocan\/\",\"https:\/\/www.linkedin.com\/company\/vimaplasnature\/?viewAsMember=true\"]}]}<\/script>\n<!-- \/ Yoast SEO plugin. -->","yoast_head_json":{"title":"Lehmputze und Tadelakt. CLAYTEC in Portugal und Spanien.","description":"Lehmputz mit CLAYTEC in Portugal und Spanien. Tadelakt und Kalk-Stuccos. Materialien, Beratung, Schulung und Verarbeitung.","robots":{"index":"index","follow":"follow","max-snippet":"max-snippet:-1","max-image-preview":"max-image-preview:large","max-video-preview":"max-video-preview:-1"},"canonical":"https:\/\/www.embarro.com\/de\/lehmputze-claytec\/","og_locale":"de_DE","og_type":"article","og_title":"Lehmputze und Tadelakt. CLAYTEC in Portugal und Spanien.","og_description":"Lehmputz mit CLAYTEC in Portugal und Spanien. Tadelakt und Kalk-Stuccos. Materialien, Beratung, Schulung und Verarbeitung.","og_url":"https:\/\/www.embarro.com\/de\/lehmputze-claytec\/","og_site_name":"EMBARRO","article_publisher":"https:\/\/www.facebook.com\/vimaplasnature\/","article_modified_time":"2025-06-05T09:35:18+00:00","og_image":[{"url":"https:\/\/www.embarro.com\/wp-content\/uploads\/ClayTec_Logo_schwarz_web-1-300x87.png"}],"twitter_card":"summary_large_image","twitter_misc":{"Gesch\u00e4tzte Lesezeit":"2 Minuten"},"schema":{"@context":"https:\/\/schema.org","@graph":[{"@type":"WebPage","@id":"https:\/\/www.embarro.com\/de\/lehmputze-claytec\/","url":"https:\/\/www.embarro.com\/de\/lehmputze-claytec\/","name":"Lehmputze und Tadelakt. CLAYTEC in Portugal und Spanien.","isPartOf":{"@id":"https:\/\/www.embarro.com\/#website"},"datePublished":"2014-05-04T18:15:49+00:00","dateModified":"2025-06-05T09:35:18+00:00","description":"Lehmputz mit CLAYTEC in Portugal und Spanien. Tadelakt und Kalk-Stuccos. Materialien, Beratung, Schulung und Verarbeitung.","breadcrumb":{"@id":"https:\/\/www.embarro.com\/de\/lehmputze-claytec\/#breadcrumb"},"inLanguage":"de-DE","potentialAction":[{"@type":"ReadAction","target":["https:\/\/www.embarro.com\/de\/lehmputze-claytec\/"]}]},{"@type":"BreadcrumbList","@id":"https:\/\/www.embarro.com\/de\/lehmputze-claytec\/#breadcrumb","itemListElement":[{"@type":"ListItem","position":1,"name":"In\u00edcio","item":"https:\/\/www.embarro.com\/"},{"@type":"ListItem","position":2,"name":"Produkte"}]},{"@type":"WebSite","@id":"https:\/\/www.embarro.com\/#website","url":"https:\/\/www.embarro.com\/","name":"EMBARRO","description":"H\u00e1 30 anos a transformar casas em Portugal e Espanha com os melhores revestimentos naturais de argila e cal. Ajudamos a encontrar a solu\u00e7\u00e3o ideal para a sua casa.","publisher":{"@id":"https:\/\/www.embarro.com\/#organization"},"potentialAction":[{"@type":"SearchAction","target":{"@type":"EntryPoint","urlTemplate":"https:\/\/www.embarro.com\/?s={search_term_string}"},"query-input":"required name=search_term_string"}],"inLanguage":"de-DE"},{"@type":"Organization","@id":"https:\/\/www.embarro.com\/#organization","name":"EMBARRO","url":"https:\/\/www.embarro.com\/","logo":{"@type":"ImageObject","inLanguage":"de-DE","@id":"https:\/\/www.embarro.com\/#\/schema\/logo\/image\/","url":"https:\/\/www.embarro.com\/wp-content\/uploads\/54784a80.jpg","contentUrl":"https:\/\/www.embarro.com\/wp-content\/uploads\/54784a80.jpg","width":1500,"height":1500,"caption":"EMBARRO"},"image":{"@id":"https:\/\/www.embarro.com\/#\/schema\/logo\/image\/"},"sameAs":["https:\/\/www.facebook.com\/vimaplasnature\/","https:\/\/www.instagram.com\/vimaplas_nature_blocan\/","https:\/\/www.linkedin.com\/company\/vimaplasnature\/?viewAsMember=true"]}]}},"_links":{"self":[{"href":"https:\/\/www.embarro.com\/de\/wp-json\/wp\/v2\/pages\/176"}],"collection":[{"href":"https:\/\/www.embarro.com\/de\/wp-json\/wp\/v2\/pages"}],"about":[{"href":"https:\/\/www.embarro.com\/de\/wp-json\/wp\/v2\/types\/page"}],"author":[{"embeddable":true,"href":"https:\/\/www.embarro.com\/de\/wp-json\/wp\/v2\/users\/2"}],"replies":[{"embeddable":true,"href":"https:\/\/www.embarro.com\/de\/wp-json\/wp\/v2\/comments?post=176"}],"version-history":[{"count":43,"href":"https:\/\/www.embarro.com\/de\/wp-json\/wp\/v2\/pages\/176\/revisions"}],"predecessor-version":[{"id":16428,"href":"https:\/\/www.embarro.com\/de\/wp-json\/wp\/v2\/pages\/176\/revisions\/16428"}],"wp:attachment":[{"href":"https:\/\/www.embarro.com\/de\/wp-json\/wp\/v2\/media?parent=176"}],"curies":[{"name":"wp","href":"https:\/\/api.w.org\/{rel}","templated":true}]}}