{"id":14319,"date":"2024-02-07T21:31:13","date_gmt":"2024-02-07T21:31:13","guid":{"rendered":"https:\/\/www.embarro.com\/?page_id=14319"},"modified":"2025-06-06T17:46:36","modified_gmt":"2025-06-06T17:46:36","slug":"neues-von-claytec","status":"publish","type":"page","link":"https:\/\/www.embarro.com\/de\/neues-von-claytec\/","title":{"rendered":"CLAYTEC"},"content":{"rendered":"<h4>Neues von CLAYTEC:\u00a0Innovation f\u00fcr das nachhaltige Bauen<\/h4>\n<h5><\/h5>\n<p>&nbsp;<\/p>\n<h4><span style=\"color: #993300;\">Die neue Lehmbauplatte CLAYTEC D22 solar<\/span><\/h4>\n<p>2024-08-06<\/p>\n<p><a href=\"https:\/\/www.embarro.com\/wp-content\/uploads\/09.100_Lehmbauplatte-D22-solar_Material_1200px.png\"><img fetchpriority=\"high\" decoding=\"async\" class=\"size-medium wp-image-16252 alignright\" src=\"https:\/\/www.embarro.com\/wp-content\/uploads\/09.100_Lehmbauplatte-D22-solar_Material_1200px-300x300.png\" alt=\"\" width=\"300\" height=\"300\" srcset=\"https:\/\/www.embarro.com\/wp-content\/uploads\/09.100_Lehmbauplatte-D22-solar_Material_1200px-300x300.png 300w, https:\/\/www.embarro.com\/wp-content\/uploads\/09.100_Lehmbauplatte-D22-solar_Material_1200px-1024x1024.png 1024w, https:\/\/www.embarro.com\/wp-content\/uploads\/09.100_Lehmbauplatte-D22-solar_Material_1200px-150x150.png 150w, https:\/\/www.embarro.com\/wp-content\/uploads\/09.100_Lehmbauplatte-D22-solar_Material_1200px-768x768.png 768w, https:\/\/www.embarro.com\/wp-content\/uploads\/09.100_Lehmbauplatte-D22-solar_Material_1200px-146x146.png 146w, https:\/\/www.embarro.com\/wp-content\/uploads\/09.100_Lehmbauplatte-D22-solar_Material_1200px-50x50.png 50w, https:\/\/www.embarro.com\/wp-content\/uploads\/09.100_Lehmbauplatte-D22-solar_Material_1200px-75x75.png 75w, https:\/\/www.embarro.com\/wp-content\/uploads\/09.100_Lehmbauplatte-D22-solar_Material_1200px-85x85.png 85w, https:\/\/www.embarro.com\/wp-content\/uploads\/09.100_Lehmbauplatte-D22-solar_Material_1200px-80x80.png 80w, https:\/\/www.embarro.com\/wp-content\/uploads\/09.100_Lehmbauplatte-D22-solar_Material_1200px.png 1200w\" sizes=\"(max-width: 300px) 100vw, 300px\" \/><\/a><\/p>\n<p><strong>Die CLAYTEC D22 Solar<\/strong>-Lehmbauplatte wird zu 100% CO2-neutral hergestellt und mit moderner Solartechnik getrocknet, eine Innovation im Bereich des Trockenbaus. Die Platte aus Lehm und Miscanthusfasern wird zur Verkleidung von Holz- und Metallunterkonstruktionen von Innenw\u00e4nden, Verkleidungen, Decken und Dachfl\u00e4chen eingesetzt. Die CLAYTEC D22 solar ist eine Trockenbauplatte und Lehmputz in einem. Mit einer Rohdichte von 900 kg\/m3 bietet sie Lehm-Masse und ist leicht zu verarbeiten. CLAYTEC Lehmklebem\u00f6rtel ist f\u00fcr die Armierungsschicht aller Trockenbauplatten geeignet.<\/p>\n<p>Mit Armierungsschicht ist sie der ideale Untergrund f\u00fcr YOSIMA Lehm Designputz oder CLAYTEC Lehmfeinputz 06 mit ClayFix Lehmfarbe.<\/p>\n<p><strong>Zusammensetzung<\/strong><br \/>\n&#8211; Lehm, Miscanthusfasern, St\u00e4rke (ca. 0,2%), Papier (einseitig r\u00fcckseitig).<\/p>\n<p><strong>Ma\u00dfe und Gewichte<\/strong><br \/>\n&#8211; Dicke = ca. 22 mm, L\u00e4nge = 1.250 mm, Breite = 625 mm.<br \/>\n&#8211; Fl\u00e4che pro Platte ca. 0,78 m2.<br \/>\n&#8211; Gewicht ca. 15,5 kg\/Platte = ca. 19,8 kg\/m2.<\/p>\n<p><strong>Herstellung<\/strong><br \/>\nAufbereitung und Formgebung mit \u00d6kostrom, ausschlie\u00dflich solare Trocknung.<\/p>\n<p>&nbsp;<\/p>\n<h4><span style=\"color: #993300;\">Neuer Lehm-D\u00fcnnbettm\u00f6rtel erm\u00f6glicht Wiederverwendung von Mauerwerk<\/span><\/h4>\n<p>2024-01-07<\/p>\n<p><a href=\"https:\/\/www.embarro.com\/wp-content\/uploads\/duennbett_auf_porenbeton_3.jpg\"><img decoding=\"async\" class=\"size-medium wp-image-14297 alignright\" src=\"https:\/\/www.embarro.com\/wp-content\/uploads\/duennbett_auf_porenbeton_3-300x300.jpg\" alt=\"\" width=\"300\" height=\"300\" srcset=\"https:\/\/www.embarro.com\/wp-content\/uploads\/duennbett_auf_porenbeton_3-300x300.jpg 300w, https:\/\/www.embarro.com\/wp-content\/uploads\/duennbett_auf_porenbeton_3-150x150.jpg 150w, https:\/\/www.embarro.com\/wp-content\/uploads\/duennbett_auf_porenbeton_3-768x771.jpg 768w, https:\/\/www.embarro.com\/wp-content\/uploads\/duennbett_auf_porenbeton_3-145x146.jpg 145w, https:\/\/www.embarro.com\/wp-content\/uploads\/duennbett_auf_porenbeton_3-50x50.jpg 50w, https:\/\/www.embarro.com\/wp-content\/uploads\/duennbett_auf_porenbeton_3-75x75.jpg 75w, https:\/\/www.embarro.com\/wp-content\/uploads\/duennbett_auf_porenbeton_3-85x85.jpg 85w, https:\/\/www.embarro.com\/wp-content\/uploads\/duennbett_auf_porenbeton_3-80x80.jpg 80w, https:\/\/www.embarro.com\/wp-content\/uploads\/duennbett_auf_porenbeton_3.jpg 820w\" sizes=\"(max-width: 300px) 100vw, 300px\" \/><\/a><\/p>\n<p><strong>Nur reversible M\u00f6rtel erm\u00f6glichen<\/strong> die vollst\u00e4ndige Wiederverwendbarkeit von Mauerwerk. Der neue &#8222;Lehm-D\u00fcnnbettm\u00f6rtel&#8220; von CLAYTEC ist vollst\u00e4ndig wasserl\u00f6slich und erf\u00fcllt alle Anforderungen f\u00fcr nicht tragende Innenw\u00e4nde. Die Zulassung f\u00fcr tragende Wandbauteile ist ebenfalls in Arbeit.<\/p>\n<p>Das Besondere: CLAYTEC hat den neuen Hochleistungsm\u00f6rtel nicht nur f\u00fcr den Einsatz im Bereich des nachhaltigen Bauens mit Lehmsteinen, sondern auch f\u00fcr die Verklebung von Ziegeln, Kalksandsteinen, Porenbeton und anderen Flachsteinen konzipiert und sich diesen Bereich patentieren lassen. Damit ist er eine umweltfreundliche Alternative zu herk\u00f6mmlichen, nicht wasserl\u00f6slichen M\u00f6rteln auf Zement- und hydraulischer Kalkbasis, bei deren Herstellung deutlich mehr CO2 emittiert wird und die <strong>nicht reversibel<\/strong> sind.<\/p>\n<p><strong>In einem ersten Schritt<\/strong> kann der M\u00f6rtel f\u00fcr nicht tragendes Mauerwerk ohne Brandschutzanforderungen eingesetzt werden. Weitere Anwendungsbereiche werden in naher Zukunft m\u00f6glich sein. Zu diesem Zweck durchl\u00e4uft das neueste CLAYTEC-Produkt derzeit umfangreiche Pr\u00fcf- und Zulassungsverfahren.<\/p>\n<p><a href=\"https:\/\/www.embarro.com\/wp-content\/uploads\/proton_mauerwerk_2.jpg\"><img decoding=\"async\" class=\"alignleft wp-image-14301\" src=\"https:\/\/www.embarro.com\/wp-content\/uploads\/proton_mauerwerk_2-300x200.jpg\" alt=\"\" width=\"398\" height=\"265\" srcset=\"https:\/\/www.embarro.com\/wp-content\/uploads\/proton_mauerwerk_2-300x200.jpg 300w, https:\/\/www.embarro.com\/wp-content\/uploads\/proton_mauerwerk_2-1024x683.jpg 1024w, https:\/\/www.embarro.com\/wp-content\/uploads\/proton_mauerwerk_2-768x512.jpg 768w, https:\/\/www.embarro.com\/wp-content\/uploads\/proton_mauerwerk_2-219x146.jpg 219w, https:\/\/www.embarro.com\/wp-content\/uploads\/proton_mauerwerk_2-50x33.jpg 50w, https:\/\/www.embarro.com\/wp-content\/uploads\/proton_mauerwerk_2-112x75.jpg 112w, https:\/\/www.embarro.com\/wp-content\/uploads\/proton_mauerwerk_2.jpg 1234w\" sizes=\"(max-width: 398px) 100vw, 398px\" \/><\/a><\/p>\n<h4>Wiederverwendung statt Recycling<\/h4>\n<p><a href=\"https:\/\/claytec.de\/en\/highlights\/clay-thin-bed-mortar\/\">Der Lehm-D\u00fcnnbettm\u00f6rtel<\/a> kann eines der dr\u00e4ngendsten Probleme bei der Wiederverwertung von Baustoffen am Ende der Lebensdauer l\u00f6sen. Denn herk\u00f6mmliche M\u00f6rtel behindern die Wiederverwendung von Wandbaustoffen, da sie sich nicht wieder trennen lassen. Der innovative CLAYTEC Lehm-D\u00fcnnbettm\u00f6rtel hingegen erm\u00f6glicht dank seiner Wasserl\u00f6slichkeit einen effizienten R\u00fcckbau und eine 1:1-Wiederverwendung der Materialien.<\/p>\n<p>Neben dem wasserl\u00f6slichen Lehmmauerm\u00f6rtel ist vor allem der Innenputz f\u00fcr die Wiederverwendbarkeit von Mauersteinen unerl\u00e4sslich. Mit den CLAYTEC Lehmputzm\u00f6rteln, die nach DIN 18947 gepr\u00fcft sind, bieten wir auch in diesem Bereich bereits umweltfreundliche L\u00f6sungen an. Ihr Einsatz reduziert das &#8222;Global Warming Potential&#8220; (GWP) von Ziegelw\u00e4nden und anderen Mauerwerksfl\u00e4chen deutlich. Dar\u00fcber hinaus entwickelt ClayTec st\u00e4ndig weitere &#8222;gr\u00fcne&#8220; Baustoffe. Ziel ist es, die Nachhaltigkeit im Bausektor konsequent voranzutreiben.<\/p>\n","protected":false},"excerpt":{"rendered":"<p>Neues von CLAYTEC:\u00a0Innovation f\u00fcr das nachhaltige Bauen &nbsp; Die neue Lehmbauplatte CLAYTEC D22 solar 2024-08-06 Die CLAYTEC D22 Solar-Lehmbauplatte wird zu 100% CO2-neutral hergestellt und mit<span class=\"excerpt-hellip\"> [\u2026]<\/span><\/p>\n","protected":false},"author":2,"featured_media":0,"parent":0,"menu_order":0,"comment_status":"closed","ping_status":"closed","template":"","meta":[],"yoast_head":"<!-- This site is optimized with the Yoast SEO plugin v20.1 - https:\/\/yoast.com\/wordpress\/plugins\/seo\/ -->\n<title>Aktuelles CLAYTEC - EMBARRO<\/title>\n<meta name=\"description\" content=\"Neuigkeiten von Claytec zur Entwiclung &quot;gr\u00fcner&quot; Baustoffe mit Ziel die Nachhaltigkeit im Bausektor voranzutreiben.\" \/>\n<meta name=\"robots\" content=\"index, follow, max-snippet:-1, max-image-preview:large, max-video-preview:-1\" \/>\n<link rel=\"canonical\" href=\"https:\/\/www.embarro.com\/de\/neues-von-claytec\/\" \/>\n<meta property=\"og:locale\" content=\"de_DE\" \/>\n<meta property=\"og:type\" content=\"article\" \/>\n<meta property=\"og:title\" content=\"Aktuelles CLAYTEC - EMBARRO\" \/>\n<meta property=\"og:description\" content=\"Neuigkeiten von Claytec zur Entwiclung &quot;gr\u00fcner&quot; Baustoffe mit Ziel die Nachhaltigkeit im Bausektor voranzutreiben.\" \/>\n<meta property=\"og:url\" content=\"https:\/\/www.embarro.com\/de\/neues-von-claytec\/\" \/>\n<meta property=\"og:site_name\" content=\"EMBARRO\" \/>\n<meta property=\"article:publisher\" content=\"https:\/\/www.facebook.com\/vimaplasnature\/\" \/>\n<meta property=\"article:modified_time\" content=\"2025-06-06T17:46:36+00:00\" \/>\n<meta property=\"og:image\" content=\"https:\/\/www.embarro.com\/wp-content\/uploads\/09.100_Lehmbauplatte-D22-solar_Material_1200px-300x300.png\" \/>\n<meta name=\"twitter:card\" content=\"summary_large_image\" \/>\n<meta name=\"twitter:label1\" content=\"Gesch\u00e4tzte Lesezeit\" \/>\n\t<meta name=\"twitter:data1\" content=\"3 Minuten\" \/>\n<script type=\"application\/ld+json\" class=\"yoast-schema-graph\">{\"@context\":\"https:\/\/schema.org\",\"@graph\":[{\"@type\":\"WebPage\",\"@id\":\"https:\/\/www.embarro.com\/de\/neues-von-claytec\/\",\"url\":\"https:\/\/www.embarro.com\/de\/neues-von-claytec\/\",\"name\":\"Aktuelles CLAYTEC - EMBARRO\",\"isPartOf\":{\"@id\":\"https:\/\/www.embarro.com\/#website\"},\"datePublished\":\"2024-02-07T21:31:13+00:00\",\"dateModified\":\"2025-06-06T17:46:36+00:00\",\"description\":\"Neuigkeiten von Claytec zur Entwiclung \\\"gr\u00fcner\\\" Baustoffe mit Ziel die Nachhaltigkeit im Bausektor voranzutreiben.\",\"breadcrumb\":{\"@id\":\"https:\/\/www.embarro.com\/de\/neues-von-claytec\/#breadcrumb\"},\"inLanguage\":\"de-DE\",\"potentialAction\":[{\"@type\":\"ReadAction\",\"target\":[\"https:\/\/www.embarro.com\/de\/neues-von-claytec\/\"]}]},{\"@type\":\"BreadcrumbList\",\"@id\":\"https:\/\/www.embarro.com\/de\/neues-von-claytec\/#breadcrumb\",\"itemListElement\":[{\"@type\":\"ListItem\",\"position\":1,\"name\":\"In\u00edcio\",\"item\":\"https:\/\/www.embarro.com\/\"},{\"@type\":\"ListItem\",\"position\":2,\"name\":\"CLAYTEC\"}]},{\"@type\":\"WebSite\",\"@id\":\"https:\/\/www.embarro.com\/#website\",\"url\":\"https:\/\/www.embarro.com\/\",\"name\":\"EMBARRO\",\"description\":\"H\u00e1 30 anos a transformar casas em Portugal e Espanha com os melhores revestimentos naturais de argila e cal. Ajudamos a encontrar a solu\u00e7\u00e3o ideal para a sua casa.\",\"publisher\":{\"@id\":\"https:\/\/www.embarro.com\/#organization\"},\"potentialAction\":[{\"@type\":\"SearchAction\",\"target\":{\"@type\":\"EntryPoint\",\"urlTemplate\":\"https:\/\/www.embarro.com\/?s={search_term_string}\"},\"query-input\":\"required name=search_term_string\"}],\"inLanguage\":\"de-DE\"},{\"@type\":\"Organization\",\"@id\":\"https:\/\/www.embarro.com\/#organization\",\"name\":\"EMBARRO\",\"url\":\"https:\/\/www.embarro.com\/\",\"logo\":{\"@type\":\"ImageObject\",\"inLanguage\":\"de-DE\",\"@id\":\"https:\/\/www.embarro.com\/#\/schema\/logo\/image\/\",\"url\":\"https:\/\/www.embarro.com\/wp-content\/uploads\/54784a80.jpg\",\"contentUrl\":\"https:\/\/www.embarro.com\/wp-content\/uploads\/54784a80.jpg\",\"width\":1500,\"height\":1500,\"caption\":\"EMBARRO\"},\"image\":{\"@id\":\"https:\/\/www.embarro.com\/#\/schema\/logo\/image\/\"},\"sameAs\":[\"https:\/\/www.facebook.com\/vimaplasnature\/\",\"https:\/\/www.instagram.com\/vimaplas_nature_blocan\/\",\"https:\/\/www.linkedin.com\/company\/vimaplasnature\/?viewAsMember=true\"]}]}<\/script>\n<!-- \/ Yoast SEO plugin. -->","yoast_head_json":{"title":"Aktuelles CLAYTEC - EMBARRO","description":"Neuigkeiten von Claytec zur Entwiclung \"gr\u00fcner\" Baustoffe mit Ziel die Nachhaltigkeit im Bausektor voranzutreiben.","robots":{"index":"index","follow":"follow","max-snippet":"max-snippet:-1","max-image-preview":"max-image-preview:large","max-video-preview":"max-video-preview:-1"},"canonical":"https:\/\/www.embarro.com\/de\/neues-von-claytec\/","og_locale":"de_DE","og_type":"article","og_title":"Aktuelles CLAYTEC - EMBARRO","og_description":"Neuigkeiten von Claytec zur Entwiclung \"gr\u00fcner\" Baustoffe mit Ziel die Nachhaltigkeit im Bausektor voranzutreiben.","og_url":"https:\/\/www.embarro.com\/de\/neues-von-claytec\/","og_site_name":"EMBARRO","article_publisher":"https:\/\/www.facebook.com\/vimaplasnature\/","article_modified_time":"2025-06-06T17:46:36+00:00","og_image":[{"url":"https:\/\/www.embarro.com\/wp-content\/uploads\/09.100_Lehmbauplatte-D22-solar_Material_1200px-300x300.png"}],"twitter_card":"summary_large_image","twitter_misc":{"Gesch\u00e4tzte Lesezeit":"3 Minuten"},"schema":{"@context":"https:\/\/schema.org","@graph":[{"@type":"WebPage","@id":"https:\/\/www.embarro.com\/de\/neues-von-claytec\/","url":"https:\/\/www.embarro.com\/de\/neues-von-claytec\/","name":"Aktuelles CLAYTEC - EMBARRO","isPartOf":{"@id":"https:\/\/www.embarro.com\/#website"},"datePublished":"2024-02-07T21:31:13+00:00","dateModified":"2025-06-06T17:46:36+00:00","description":"Neuigkeiten von Claytec zur Entwiclung \"gr\u00fcner\" Baustoffe mit Ziel die Nachhaltigkeit im Bausektor voranzutreiben.","breadcrumb":{"@id":"https:\/\/www.embarro.com\/de\/neues-von-claytec\/#breadcrumb"},"inLanguage":"de-DE","potentialAction":[{"@type":"ReadAction","target":["https:\/\/www.embarro.com\/de\/neues-von-claytec\/"]}]},{"@type":"BreadcrumbList","@id":"https:\/\/www.embarro.com\/de\/neues-von-claytec\/#breadcrumb","itemListElement":[{"@type":"ListItem","position":1,"name":"In\u00edcio","item":"https:\/\/www.embarro.com\/"},{"@type":"ListItem","position":2,"name":"CLAYTEC"}]},{"@type":"WebSite","@id":"https:\/\/www.embarro.com\/#website","url":"https:\/\/www.embarro.com\/","name":"EMBARRO","description":"H\u00e1 30 anos a transformar casas em Portugal e Espanha com os melhores revestimentos naturais de argila e cal. Ajudamos a encontrar a solu\u00e7\u00e3o ideal para a sua casa.","publisher":{"@id":"https:\/\/www.embarro.com\/#organization"},"potentialAction":[{"@type":"SearchAction","target":{"@type":"EntryPoint","urlTemplate":"https:\/\/www.embarro.com\/?s={search_term_string}"},"query-input":"required name=search_term_string"}],"inLanguage":"de-DE"},{"@type":"Organization","@id":"https:\/\/www.embarro.com\/#organization","name":"EMBARRO","url":"https:\/\/www.embarro.com\/","logo":{"@type":"ImageObject","inLanguage":"de-DE","@id":"https:\/\/www.embarro.com\/#\/schema\/logo\/image\/","url":"https:\/\/www.embarro.com\/wp-content\/uploads\/54784a80.jpg","contentUrl":"https:\/\/www.embarro.com\/wp-content\/uploads\/54784a80.jpg","width":1500,"height":1500,"caption":"EMBARRO"},"image":{"@id":"https:\/\/www.embarro.com\/#\/schema\/logo\/image\/"},"sameAs":["https:\/\/www.facebook.com\/vimaplasnature\/","https:\/\/www.instagram.com\/vimaplas_nature_blocan\/","https:\/\/www.linkedin.com\/company\/vimaplasnature\/?viewAsMember=true"]}]}},"_links":{"self":[{"href":"https:\/\/www.embarro.com\/de\/wp-json\/wp\/v2\/pages\/14319"}],"collection":[{"href":"https:\/\/www.embarro.com\/de\/wp-json\/wp\/v2\/pages"}],"about":[{"href":"https:\/\/www.embarro.com\/de\/wp-json\/wp\/v2\/types\/page"}],"author":[{"embeddable":true,"href":"https:\/\/www.embarro.com\/de\/wp-json\/wp\/v2\/users\/2"}],"replies":[{"embeddable":true,"href":"https:\/\/www.embarro.com\/de\/wp-json\/wp\/v2\/comments?post=14319"}],"version-history":[{"count":9,"href":"https:\/\/www.embarro.com\/de\/wp-json\/wp\/v2\/pages\/14319\/revisions"}],"predecessor-version":[{"id":16527,"href":"https:\/\/www.embarro.com\/de\/wp-json\/wp\/v2\/pages\/14319\/revisions\/16527"}],"wp:attachment":[{"href":"https:\/\/www.embarro.com\/de\/wp-json\/wp\/v2\/media?parent=14319"}],"curies":[{"name":"wp","href":"https:\/\/api.w.org\/{rel}","templated":true}]}}