{"id":13988,"date":"2023-10-07T20:05:48","date_gmt":"2023-10-07T20:05:48","guid":{"rendered":"https:\/\/www.embarro.com\/?page_id=13988"},"modified":"2024-02-15T20:24:50","modified_gmt":"2024-02-15T20:24:50","slug":"embarro-blog","status":"publish","type":"page","link":"https:\/\/www.embarro.com\/de\/embarro-blog\/","title":{"rendered":"EMBARRO Blog"},"content":{"rendered":"<h4>Transparenz und \u00d6kologie im EMBARRO-Blog<\/h4>\n<p>Transparenz und \u00d6kologie sind untrennbar miteinander verbunden. Mit unseren Artikeln im EMBARRO-Blog wollen wir zu kontroversen Themen beitragen. Grundlage daf\u00fcr ist meine mehr als 30-j\u00e4hrige Erfahrung in der Verarbeitung, in der Anwendungstechnik und als Trainer f\u00fcr die Industrie in den Bereichen Gips, Kalk und Ton.<\/p>\n<h4>Die Idee<\/h4>\n<p>Unsere Produktphilosophie basiert auf den Inhalten, die von Institutionen wie dem Instituto de Baubiologie, in Spanien dem <a href=\"https:\/\/www.baubiologie.es\/\" target=\"_blank\" rel=\"noopener\">IEB<\/a>, vermittelt werden. Auch die positiven Erfahrungen, die wir mit Unternehmen wie <a href=\"https:\/\/www.kreidezeit.de\/\" target=\"_blank\" rel=\"noopener\">KREIDEZEIT<\/a> gemacht haben, haben uns \u00fcberzeugt. Der deutsche Hersteller von Naturfarben KREIDEZEIT ver\u00f6ffentlicht freiwillig alle Inhaltsstoffe seiner Produkte. Ohne volle Transparenz kann man dem Pr\u00e4dikat &#8222;\u00f6kologisch&#8220; nicht trauen. Leider ist es f\u00fcr Nichtfachleute schwierig, zwischen Information und Werbung zu unterscheiden.<\/p>\n<p>Gleichzeitig m\u00f6chten wir dieses Forum nutzen, um \u00fcber typische Fragen zu informieren, die im Zusammenhang mit Putzen und Beschichtungen auftreten.<\/p>\n<h4>Die Themen<\/h4>\n<p><em>Bitte beachten Sie, dass Sie beim Anklicken eines der Links zu unseren Themen auf eine andere Seite von uns weitergeleitet werden.<\/em><\/p>\n<p><strong>Themen Baumaterialien:<\/strong><\/p>\n<p><span style=\"color: #ff0000;\">+\u00a0 <a href=\"https:\/\/wordpress.com\/post\/embarro.wordpress.com\/386\" target=\"_blank\" rel=\"noopener\">no eco without transparency<\/a>\u00a0 +\u00a0 <a href=\"https:\/\/embarro.wordpress.com\/2023\/11\/24\/the-differnece-between-good-clay-plaster-and-mud-mix\/\" target=\"_blank\" rel=\"noopener\">The differnece between good clay plaster and mud mix<\/a>\u00a0 +\u00a0 <a href=\"https:\/\/embarro.wordpress.com\/2023\/11\/22\/damp-walls\/\" target=\"_blank\" rel=\"noopener\">damp walls<\/a>\u00a0 +\u00a0<\/span> <a href=\"https:\/\/embarro.wordpress.com\/2023\/10\/29\/lime-wash-versus-lime-paint\/\" target=\"_blank\" rel=\"noopener\">lime wash versus lime paint<\/a> \u00a0<span style=\"color: #ff0000;\">+\u00a0<\/span> <a href=\"https:\/\/embarro.wordpress.com\/2023\/10\/16\/why-oil-varnish-for-wood\/\" target=\"_blank\" rel=\"noopener\">why oil varnish for wood<\/a> \u00a0<span style=\"color: #ff0000;\">+\u00a0<\/span> <a href=\"https:\/\/embarro.wordpress.com\/2023\/10\/10\/what-clay-plaster-can-and-cannot-do\/\" target=\"_blank\" rel=\"noopener\">what clay plaster can do and can not do<\/a> \u00a0<span style=\"color: #ff0000;\">+\u00a0<\/span> <a href=\"https:\/\/embarro.wordpress.com\/2023\/10\/07\/the-lime-fake\/\" target=\"_blank\" rel=\"noopener\">the lime fake<\/a> \u00a0<span style=\"color: #ff0000;\">+\u00a0<\/span> <a href=\"https:\/\/embarro.wordpress.com\/2023\/10\/07\/tadelakt-history\/\" target=\"_blank\" rel=\"noopener\">Tadelakt hi(story)<\/a> \u00a0<span style=\"color: #ff0000;\">+\u00a0<\/span> &#8222;<a href=\"https:\/\/embarro.wordpress.com\/2023\/10\/06\/eco-paints\/\" target=\"_blank\" rel=\"noopener\">eco&#8220; paints<\/a><\/p>\n<p><strong>Projekte:<\/strong><\/p>\n<p><span style=\"color: #ff0000;\">+\u00a0 <a href=\"https:\/\/embarro.wordpress.com\/2023\/11\/11\/mas-palol-attraction-and-limits\/\" target=\"_blank\" rel=\"noopener\">Mas Palol &#8211; attraction and limits<\/a>\u00a0 +\u00a0<\/span> <a href=\"https:\/\/embarro.wordpress.com\/2023\/10\/08\/chiang-mai-life-architects\/\" target=\"_blank\" rel=\"noopener\">ChiangMai Life Architects<\/a><\/p>\n<p><strong>Gastbeitr\u00e4ge:<\/strong><\/p>\n<p><span style=\"color: #ff0000;\">+<\/span>\u00a0 <a href=\"https:\/\/embarro.wordpress.com\/2023\/11\/02\/habitat-biology-versus-greenwashing\/\" target=\"_blank\" rel=\"noopener\">Habitat Biology versus &#8222;Greenwashing&#8220;<\/a>\u00a0 IEB-Instituto Espa\u00f1ol de Baubiologie<\/p>\n<h4>Zusammenarbeit<\/h4>\n<p>Ich freue mich immer \u00fcber ein Feedback auf <a href=\"mailto:info@embarro.com\">info@embarro.com<\/a>.<\/p>\n","protected":false},"excerpt":{"rendered":"<p>Transparenz und \u00d6kologie im EMBARRO-Blog Transparenz und \u00d6kologie sind untrennbar miteinander verbunden. Mit unseren Artikeln im EMBARRO-Blog wollen wir zu kontroversen Themen beitragen. Grundlage daf\u00fcr ist<span class=\"excerpt-hellip\"> [\u2026]<\/span><\/p>\n","protected":false},"author":2,"featured_media":13966,"parent":0,"menu_order":0,"comment_status":"closed","ping_status":"closed","template":"","meta":[],"yoast_head":"<!-- This site is optimized with the Yoast SEO plugin v20.1 - https:\/\/yoast.com\/wordpress\/plugins\/seo\/ -->\n<title>EMBARRO Blog - EMBARRO<\/title>\n<meta name=\"description\" content=\"im EMBARRO-Blog wollen wir zu Transparenz und Oekologie beitragen. Beide sind untrennbar miteinander verbunden.\" \/>\n<meta name=\"robots\" content=\"index, follow, max-snippet:-1, max-image-preview:large, max-video-preview:-1\" \/>\n<link rel=\"canonical\" href=\"https:\/\/www.embarro.com\/de\/embarro-blog\/\" \/>\n<meta property=\"og:locale\" content=\"de_DE\" \/>\n<meta property=\"og:type\" content=\"article\" \/>\n<meta property=\"og:title\" content=\"EMBARRO Blog - EMBARRO\" \/>\n<meta property=\"og:description\" content=\"im EMBARRO-Blog wollen wir zu Transparenz und Oekologie beitragen. Beide sind untrennbar miteinander verbunden.\" \/>\n<meta property=\"og:url\" content=\"https:\/\/www.embarro.com\/de\/embarro-blog\/\" \/>\n<meta property=\"og:site_name\" content=\"EMBARRO\" \/>\n<meta property=\"article:publisher\" content=\"https:\/\/www.facebook.com\/vimaplasnature\/\" \/>\n<meta property=\"article:modified_time\" content=\"2024-02-15T20:24:50+00:00\" \/>\n<meta property=\"og:image\" content=\"https:\/\/www.embarro.com\/wp-content\/uploads\/blog-title.png\" \/>\n\t<meta property=\"og:image:width\" content=\"1299\" \/>\n\t<meta property=\"og:image:height\" content=\"649\" \/>\n\t<meta property=\"og:image:type\" content=\"image\/png\" \/>\n<meta name=\"twitter:card\" content=\"summary_large_image\" \/>\n<meta name=\"twitter:label1\" content=\"Gesch\u00e4tzte Lesezeit\" \/>\n\t<meta name=\"twitter:data1\" content=\"2 Minuten\" \/>\n<script type=\"application\/ld+json\" class=\"yoast-schema-graph\">{\"@context\":\"https:\/\/schema.org\",\"@graph\":[{\"@type\":\"WebPage\",\"@id\":\"https:\/\/www.embarro.com\/de\/embarro-blog\/\",\"url\":\"https:\/\/www.embarro.com\/de\/embarro-blog\/\",\"name\":\"EMBARRO Blog - EMBARRO\",\"isPartOf\":{\"@id\":\"https:\/\/www.embarro.com\/#website\"},\"datePublished\":\"2023-10-07T20:05:48+00:00\",\"dateModified\":\"2024-02-15T20:24:50+00:00\",\"description\":\"im EMBARRO-Blog wollen wir zu Transparenz und Oekologie beitragen. Beide sind untrennbar miteinander verbunden.\",\"breadcrumb\":{\"@id\":\"https:\/\/www.embarro.com\/de\/embarro-blog\/#breadcrumb\"},\"inLanguage\":\"de-DE\",\"potentialAction\":[{\"@type\":\"ReadAction\",\"target\":[\"https:\/\/www.embarro.com\/de\/embarro-blog\/\"]}]},{\"@type\":\"BreadcrumbList\",\"@id\":\"https:\/\/www.embarro.com\/de\/embarro-blog\/#breadcrumb\",\"itemListElement\":[{\"@type\":\"ListItem\",\"position\":1,\"name\":\"In\u00edcio\",\"item\":\"https:\/\/www.embarro.com\/\"},{\"@type\":\"ListItem\",\"position\":2,\"name\":\"EMBARRO Blog\"}]},{\"@type\":\"WebSite\",\"@id\":\"https:\/\/www.embarro.com\/#website\",\"url\":\"https:\/\/www.embarro.com\/\",\"name\":\"EMBARRO\",\"description\":\"H\u00e1 30 anos a transformar casas em Portugal e Espanha com os melhores revestimentos naturais de argila e cal. Ajudamos a encontrar a solu\u00e7\u00e3o ideal para a sua casa.\",\"publisher\":{\"@id\":\"https:\/\/www.embarro.com\/#organization\"},\"potentialAction\":[{\"@type\":\"SearchAction\",\"target\":{\"@type\":\"EntryPoint\",\"urlTemplate\":\"https:\/\/www.embarro.com\/?s={search_term_string}\"},\"query-input\":\"required name=search_term_string\"}],\"inLanguage\":\"de-DE\"},{\"@type\":\"Organization\",\"@id\":\"https:\/\/www.embarro.com\/#organization\",\"name\":\"EMBARRO\",\"url\":\"https:\/\/www.embarro.com\/\",\"logo\":{\"@type\":\"ImageObject\",\"inLanguage\":\"de-DE\",\"@id\":\"https:\/\/www.embarro.com\/#\/schema\/logo\/image\/\",\"url\":\"https:\/\/www.embarro.com\/wp-content\/uploads\/54784a80.jpg\",\"contentUrl\":\"https:\/\/www.embarro.com\/wp-content\/uploads\/54784a80.jpg\",\"width\":1500,\"height\":1500,\"caption\":\"EMBARRO\"},\"image\":{\"@id\":\"https:\/\/www.embarro.com\/#\/schema\/logo\/image\/\"},\"sameAs\":[\"https:\/\/www.facebook.com\/vimaplasnature\/\",\"https:\/\/www.instagram.com\/vimaplas_nature_blocan\/\",\"https:\/\/www.linkedin.com\/company\/vimaplasnature\/?viewAsMember=true\"]}]}<\/script>\n<!-- \/ Yoast SEO plugin. -->","yoast_head_json":{"title":"EMBARRO Blog - EMBARRO","description":"im EMBARRO-Blog wollen wir zu Transparenz und Oekologie beitragen. Beide sind untrennbar miteinander verbunden.","robots":{"index":"index","follow":"follow","max-snippet":"max-snippet:-1","max-image-preview":"max-image-preview:large","max-video-preview":"max-video-preview:-1"},"canonical":"https:\/\/www.embarro.com\/de\/embarro-blog\/","og_locale":"de_DE","og_type":"article","og_title":"EMBARRO Blog - EMBARRO","og_description":"im EMBARRO-Blog wollen wir zu Transparenz und Oekologie beitragen. Beide sind untrennbar miteinander verbunden.","og_url":"https:\/\/www.embarro.com\/de\/embarro-blog\/","og_site_name":"EMBARRO","article_publisher":"https:\/\/www.facebook.com\/vimaplasnature\/","article_modified_time":"2024-02-15T20:24:50+00:00","og_image":[{"width":1299,"height":649,"url":"https:\/\/www.embarro.com\/wp-content\/uploads\/blog-title.png","type":"image\/png"}],"twitter_card":"summary_large_image","twitter_misc":{"Gesch\u00e4tzte Lesezeit":"2 Minuten"},"schema":{"@context":"https:\/\/schema.org","@graph":[{"@type":"WebPage","@id":"https:\/\/www.embarro.com\/de\/embarro-blog\/","url":"https:\/\/www.embarro.com\/de\/embarro-blog\/","name":"EMBARRO Blog - EMBARRO","isPartOf":{"@id":"https:\/\/www.embarro.com\/#website"},"datePublished":"2023-10-07T20:05:48+00:00","dateModified":"2024-02-15T20:24:50+00:00","description":"im EMBARRO-Blog wollen wir zu Transparenz und Oekologie beitragen. Beide sind untrennbar miteinander verbunden.","breadcrumb":{"@id":"https:\/\/www.embarro.com\/de\/embarro-blog\/#breadcrumb"},"inLanguage":"de-DE","potentialAction":[{"@type":"ReadAction","target":["https:\/\/www.embarro.com\/de\/embarro-blog\/"]}]},{"@type":"BreadcrumbList","@id":"https:\/\/www.embarro.com\/de\/embarro-blog\/#breadcrumb","itemListElement":[{"@type":"ListItem","position":1,"name":"In\u00edcio","item":"https:\/\/www.embarro.com\/"},{"@type":"ListItem","position":2,"name":"EMBARRO Blog"}]},{"@type":"WebSite","@id":"https:\/\/www.embarro.com\/#website","url":"https:\/\/www.embarro.com\/","name":"EMBARRO","description":"H\u00e1 30 anos a transformar casas em Portugal e Espanha com os melhores revestimentos naturais de argila e cal. Ajudamos a encontrar a solu\u00e7\u00e3o ideal para a sua casa.","publisher":{"@id":"https:\/\/www.embarro.com\/#organization"},"potentialAction":[{"@type":"SearchAction","target":{"@type":"EntryPoint","urlTemplate":"https:\/\/www.embarro.com\/?s={search_term_string}"},"query-input":"required name=search_term_string"}],"inLanguage":"de-DE"},{"@type":"Organization","@id":"https:\/\/www.embarro.com\/#organization","name":"EMBARRO","url":"https:\/\/www.embarro.com\/","logo":{"@type":"ImageObject","inLanguage":"de-DE","@id":"https:\/\/www.embarro.com\/#\/schema\/logo\/image\/","url":"https:\/\/www.embarro.com\/wp-content\/uploads\/54784a80.jpg","contentUrl":"https:\/\/www.embarro.com\/wp-content\/uploads\/54784a80.jpg","width":1500,"height":1500,"caption":"EMBARRO"},"image":{"@id":"https:\/\/www.embarro.com\/#\/schema\/logo\/image\/"},"sameAs":["https:\/\/www.facebook.com\/vimaplasnature\/","https:\/\/www.instagram.com\/vimaplas_nature_blocan\/","https:\/\/www.linkedin.com\/company\/vimaplasnature\/?viewAsMember=true"]}]}},"_links":{"self":[{"href":"https:\/\/www.embarro.com\/de\/wp-json\/wp\/v2\/pages\/13988"}],"collection":[{"href":"https:\/\/www.embarro.com\/de\/wp-json\/wp\/v2\/pages"}],"about":[{"href":"https:\/\/www.embarro.com\/de\/wp-json\/wp\/v2\/types\/page"}],"author":[{"embeddable":true,"href":"https:\/\/www.embarro.com\/de\/wp-json\/wp\/v2\/users\/2"}],"replies":[{"embeddable":true,"href":"https:\/\/www.embarro.com\/de\/wp-json\/wp\/v2\/comments?post=13988"}],"version-history":[{"count":21,"href":"https:\/\/www.embarro.com\/de\/wp-json\/wp\/v2\/pages\/13988\/revisions"}],"predecessor-version":[{"id":15717,"href":"https:\/\/www.embarro.com\/de\/wp-json\/wp\/v2\/pages\/13988\/revisions\/15717"}],"wp:featuredmedia":[{"embeddable":true,"href":"https:\/\/www.embarro.com\/de\/wp-json\/wp\/v2\/media\/13966"}],"wp:attachment":[{"href":"https:\/\/www.embarro.com\/de\/wp-json\/wp\/v2\/media?parent=13988"}],"curies":[{"name":"wp","href":"https:\/\/api.w.org\/{rel}","templated":true}]}}